{"id":38876,"date":"2025-04-29T18:59:28","date_gmt":"2025-04-29T16:59:28","guid":{"rendered":"https:\/\/arena-ticket.com\/?p=38876&#038;post_type=product&#038;preview_id=38876"},"modified":"2025-10-21T08:07:47","modified_gmt":"2025-10-21T06:07:47","slug":"die-grosse-malle-party-leipzig-quarterback-immobilien-arena-26-09-2026-1200-uhr","status":"publish","type":"product","link":"https:\/\/arena-ticket.com\/en\/product\/die-grosse-malle-party-leipzig-quarterback-immobilien-arena-26-09-2026-1200-uhr\/","title":{"rendered":"Das Gr\u00f6\u00dfte Malle Festival"},"content":{"rendered":"<p><strong>Die Veranstaltung ist aus produktionstechnischen Gr\u00fcnden abgesagt. Bereits gekaufte Tickets k\u00f6nnen bei den jeweiligen Vorverkaufsstellen zur\u00fcck gegeben werden.\u00a0<\/strong><\/p>\n<p>&nbsp;<\/p>\n<p>LEIPZIG, macht euch bereit f\u00fcr das gr\u00f6\u00dfte Malle Festival. Bevor der Sommer sich dem Ende neigt und der Herbst so richtig losgeht, bringen wir euch am 26.09.2026 direkt von der bekanntesten Partyinsel die Acts nach Leipzig, um mit euch einen unvergesslichen Tag zu verbringen.<\/p>","protected":false},"excerpt":{"rendered":"<p>Das gr\u00f6\u00dfte Malle Festival in deiner Stadt<\/p>","protected":false},"featured_media":52363,"template":"","meta":{"_acf_changed":false,"inline_featured_image":false},"product_brand":[],"product_cat":[31,6742,69,86,35,37,21,22,58],"product_tag":[5442,5440,941,951,943,944,945,947,973,948],"class_list":{"0":"post-38876","1":"product","2":"type-product","3":"status-publish","4":"has-post-thumbnail","6":"product_cat-events","7":"product_cat-festivals-open-air","8":"product_cat-konzert","9":"product_cat-leipzig","10":"product_cat-orte","11":"product_cat-quarterback-immobilien-arena","12":"product_cat-ticket","13":"product_cat-ticketupgrades-zusatzleistungen","14":"product_cat-veranstaltung","15":"product_tag-das-groesste-malle-festival","16":"product_tag-die-grosse-malle-party","17":"product_tag-events","18":"product_tag-kultur","19":"product_tag-leipzig","20":"product_tag-orte","21":"product_tag-quarterback-immobilien-arena","22":"product_tag-ticket","23":"product_tag-ticketupgrades-zusatzleistungen","24":"product_tag-veranstaltung","25":"product_shipping_class-abholung_paketversand","26":"pa_discount-vip-front-of-stage","27":"pa_discount-inklusive-begleitperson","28":"pa_discount-normalpreis","29":"pa_discount-vip-sitzplatz","30":"pa_preiskategorie-front-of-stage-stehplatz","31":"pa_preiskategorie-ggv-up","32":"pa_preiskategorie-pgv-up","33":"pa_preiskategorie-pk-i","34":"pa_preiskategorie-pk-ii","35":"pa_preiskategorie-pk-iii","36":"pa_preiskategorie-pk4-stehplatz","37":"pa_preiskategorie-rollstuhlfahrer","38":"pa_preiskategorie-vip-fruehschoppen-im-backstage-club","39":"pa_preiskategorie-vip-package-backstage-club","40":"pa_preiskategorie-vip-package-backstage-club-stehplatz","42":"first","43":"instock","44":"taxable","45":"shipping-taxable","46":"purchasable","47":"product-type-variable"},"group_of_quantity":0,"min_quantity":0,"max_quantity":"","exclude_order_quantity_value_rules":"no","exclude_category_quantity_rules":"no","combine_variations":"no","acf":[],"_links":{"self":[{"href":"https:\/\/arena-ticket.com\/en\/wp-json\/wp\/v2\/product\/38876","targetHints":{"allow":["GET"]}}],"collection":[{"href":"https:\/\/arena-ticket.com\/en\/wp-json\/wp\/v2\/product"}],"about":[{"href":"https:\/\/arena-ticket.com\/en\/wp-json\/wp\/v2\/types\/product"}],"wp:featuredmedia":[{"embeddable":true,"href":"https:\/\/arena-ticket.com\/en\/wp-json\/wp\/v2\/media\/52363"}],"wp:attachment":[{"href":"https:\/\/arena-ticket.com\/en\/wp-json\/wp\/v2\/media?parent=38876"}],"wp:term":[{"taxonomy":"product_brand","embeddable":true,"href":"https:\/\/arena-ticket.com\/en\/wp-json\/wp\/v2\/product_brand?post=38876"},{"taxonomy":"product_cat","embeddable":true,"href":"https:\/\/arena-ticket.com\/en\/wp-json\/wp\/v2\/product_cat?post=38876"},{"taxonomy":"product_tag","embeddable":true,"href":"https:\/\/arena-ticket.com\/en\/wp-json\/wp\/v2\/product_tag?post=38876"}],"curies":[{"name":"wp","href":"https:\/\/api.w.org\/{rel}","templated":true}]}}