{"id":38939,"date":"2025-04-30T17:46:50","date_gmt":"2025-04-30T15:46:50","guid":{"rendered":"https:\/\/arena-ticket.com\/?p=38939&#038;post_type=product&#038;preview_id=38939"},"modified":"2026-02-23T11:28:07","modified_gmt":"2026-02-23T10:28:07","slug":"caveman-du-sammeln-ich-jagen-halle-saale-steintor-variete-28-02-2026-1930-uhr","status":"publish","type":"product","link":"https:\/\/arena-ticket.com\/en\/product\/caveman-du-sammeln-ich-jagen-halle-saale-steintor-variete-28-02-2026-1930-uhr\/","title":{"rendered":"Caveman  - Du sammeln, ich jagen!"},"content":{"rendered":"<section class=\"c-full c-inner c-narrow\" data-c=\"stageteasertext\" data-qa=\"stageteasertext-component\">\n<div class=\"container\">\n<div class=\"external-content no-margin\">\n<div class=\"u-position-relative js-moretext-wrapper\">\n<div class=\"moretext js-moretext expanded\" data-qa=\"readMoreText\">\n<div class=\"moretext-teaser\">\n<p>Der Amerikaner Rob Becker schrieb mit CAVEMAN das erfolgreichste Solo-St\u00fcck in der Geschichte des Broadways. Nachdem CAVEMAN in den Vereinigten Staaten von einem Millionen-Publikum bejubelt wurde, feiert der moderne H\u00f6hlenmann weltweite Erfolge. Auch hierzulande begeistert die Kult-Comedy in der \u00dcbersetzung von Kristian Bader und der Regie von Esther Schweins alle, die eine Beziehung f\u00fchren, f\u00fchrten oder f\u00fchren wollen. Denn CAVEMAN wirft einen ganz eigenen Blick auf die Beziehung zwischen Mann und Frau.<\/p>\n<p>Von seiner Frau vor die T\u00fcr gesetzt begegnet Tom, der sympathische Held im Beziehungsdickicht, im \"magischen Unterw\u00e4schekreis\" seinem Urahn aus der Steinzeit, der ihn an Jahrtausende alter Weisheit teilhaben l\u00e4sst: M\u00e4nner sind J\u00e4ger und Frauen sind Sammlerinnen. Eine Tatsache, die die menschliche Evolution bis heute nicht hat \u00e4ndern k\u00f6nnen. Was der Durchschnitts-Mann schon immer vermutet hat, wei\u00df Tom nun aus erster Hand und fragt sich: \"Warum betrachten wir Frauen und M\u00e4nner nicht einfach als v\u00f6llig unterschiedliche Kulturen? Mit verschiedenen Sprachen, verschiedenen Verhaltensweisen und verschiedener Herkunft?\" Von dieser Erkenntnis befl\u00fcgelt, analysiert Tom das befremdliche Universum der Sammlerinnen: Diese geheimnisvolle Welt von besten Freundinnen, Einkaufen und Sex. Mit immensem Mitteilungsbed\u00fcrfnis, trockenem Humor und ironischem Blick beobachtet Tom auch die Lebensweise des J\u00e4gers. Er enth\u00fcllt, welche Erf\u00fcllung \u201eRumsitzen, ohne zu reden\u201c bedeuten kann, warum M\u00e4nner durch das Fernsehprogramm zappen m\u00fcssen und dass eine Unterhaltung unter J\u00e4gern mit den Worten \"Lass uns in den Keller gehen, Sachen bohren\" beginnt und gleichzeitig endet<\/p>\n<\/div>\n<\/div>\n<\/div>\n<\/div>\n<\/div>\n<\/section>\n<section class=\"c container\" data-c=\"eviwidget\" data-qa=\"evi-widget\">\n<div class=\"js-evi-wrapper theme-element-border evi-wrapper\">\n<div class=\"js-evi-box\">\n<div id=\"evi-widget-rule-11e8fcb5-8a5e-aaee-e6eb-996adb054c48\" class=\"evi-widget evi-widget evi-widget-type-ticket-alarm-single\"><\/div>\n<\/div>\n<\/div>\n<\/section>","protected":false},"excerpt":{"rendered":"<p>Caveman wirft einen ganz eigenen Blick auf die Beziehung zwischen Mann und Frau.<\/p>","protected":false},"featured_media":38946,"template":"","meta":{"_acf_changed":false,"inline_featured_image":false},"product_brand":[],"product_cat":[6725,31,102,95,35,496,21,58],"product_tag":[5443,954,5445,5444,941,999,6774,5446,951,944,2788,947,948],"class_list":{"0":"post-38939","1":"product","2":"type-product","3":"status-publish","4":"has-post-thumbnail","6":"product_cat-comedy","7":"product_cat-events","8":"product_cat-halle","9":"product_cat-humor","10":"product_cat-orte","11":"product_cat-steintor-variete","12":"product_cat-ticket","13":"product_cat-veranstaltung","14":"product_tag-caveman","15":"product_tag-comedy","16":"product_tag-du-sammeln","17":"product_tag-du-sammeln-ich-jagen","18":"product_tag-events","19":"product_tag-halle","20":"product_tag-humor","21":"product_tag-ich-jagen","22":"product_tag-kultur","23":"product_tag-orte","24":"product_tag-steintor-variete","25":"product_tag-ticket","26":"product_tag-veranstaltung","27":"product_shipping_class-nur_paketversand","28":"pa_discount-ermaessigt","29":"pa_discount-normalpreis","30":"pa_preiskategorie-pk-i","31":"pa_preiskategorie-pk-ii","33":"first","34":"instock","35":"taxable","36":"shipping-taxable","37":"purchasable","38":"product-type-variable","39":"has-default-attributes"},"group_of_quantity":0,"min_quantity":0,"max_quantity":"","exclude_order_quantity_value_rules":"no","exclude_category_quantity_rules":"no","combine_variations":"no","acf":[],"_links":{"self":[{"href":"https:\/\/arena-ticket.com\/en\/wp-json\/wp\/v2\/product\/38939","targetHints":{"allow":["GET"]}}],"collection":[{"href":"https:\/\/arena-ticket.com\/en\/wp-json\/wp\/v2\/product"}],"about":[{"href":"https:\/\/arena-ticket.com\/en\/wp-json\/wp\/v2\/types\/product"}],"wp:featuredmedia":[{"embeddable":true,"href":"https:\/\/arena-ticket.com\/en\/wp-json\/wp\/v2\/media\/38946"}],"wp:attachment":[{"href":"https:\/\/arena-ticket.com\/en\/wp-json\/wp\/v2\/media?parent=38939"}],"wp:term":[{"taxonomy":"product_brand","embeddable":true,"href":"https:\/\/arena-ticket.com\/en\/wp-json\/wp\/v2\/product_brand?post=38939"},{"taxonomy":"product_cat","embeddable":true,"href":"https:\/\/arena-ticket.com\/en\/wp-json\/wp\/v2\/product_cat?post=38939"},{"taxonomy":"product_tag","embeddable":true,"href":"https:\/\/arena-ticket.com\/en\/wp-json\/wp\/v2\/product_tag?post=38939"}],"curies":[{"name":"wp","href":"https:\/\/api.w.org\/{rel}","templated":true}]}}