{"id":39037,"date":"2025-05-03T11:41:34","date_gmt":"2025-05-03T09:41:34","guid":{"rendered":"https:\/\/arena-ticket.com\/?p=39037&#038;post_type=product&#038;preview_id=39037"},"modified":"2025-05-03T11:49:46","modified_gmt":"2025-05-03T09:49:46","slug":"vonda-shepard-european-spring-tour-2026-peterskirche-leipzig-19-4-2026-2000-uhr","status":"publish","type":"product","link":"https:\/\/arena-ticket.com\/en\/product\/vonda-shepard-european-spring-tour-2026-peterskirche-leipzig-19-4-2026-2000-uhr\/","title":{"rendered":"Vonda Shepard  - European Spring Tour 2026"},"content":{"rendered":"<h2 class=\"default-headline with-line\">Biografie - Vonda Shepard<\/h2>\n<div class=\"u-position-relative js-moretext-wrapper\">\n<div class=\"moretext js-moretext with-image expanded\" data-qa=\"readMoreText\">\n<div class=\"moretext-teaser\">\n<div class=\"external-content\">\n<p>Vonda Shepard (* 7. Juli 1963 in New York, NY) ist eine US-amerikanische Rock-, Pop-, Country- und Souls\u00e4ngerin und Songwriterin.<\/p>\n<p><b>Life<\/b><\/p>\n<p>Shepard wuchs in Kalifornien auf, ihr Vater war Schauspiellehrer. Einem breiteren Publikum wurde sie sowohl in den Vereinigten Staaten als auch in Deutschland erst nach dem Start der Fernsehserie Ally McBeal bekannt.<\/p>\n<p>Erster F\u00f6rderer in Shepards Karriere war ihr Vater, der die finanziellen Mittel f\u00fcr ihre Ausbildung an Klavier und Gitarre sowie f\u00fcr Gesangsstunden aufbrachte. Schon im Teenager-Alter schrieb sie ihre ersten eigenen Songs, mit 14 Jahren trat sie in Clubs in Los Angeles auf. Sie sang im Background-Chor von Al Jarreau, Jackson Browne und Rickie Lee Jones. Ihre erste Single Anfang der 1980er Jahre war ein Duett mit Dan Hill und hie\u00df Can't we try. 1987 erschien ihr erstes Solo-Album Vonda Shepard, das gute Kritiken erhielt, sich aber nicht besonders gut verkaufte. Das traf auch auf ihr zweites Album The radical Light zu, das die Studio-Version ihres sp\u00e4teren Hits Searchin' my soul enthielt, sodass ihre Plattenfirma sie fallen lie\u00df. F\u00fcr die Produktion ihrer dritten Platte It's good Eve (1996) musste sich Vonda Shepard Geld leihen und durch die Clubs von LA tingeln.<\/p>\n<p>Wie Vonda Shepard zu ihrem Engagement f\u00fcr Ally McBeal kam, dar\u00fcber gibt es mehrere Versionen. Nach einer wurde der Produzent der Serie, David Kelley, durch seine Frau, der Schauspielerin Michelle Pfeiffer, auf ihre Musik aufmerksam, da diese Shepard pers\u00f6nlich kannte. Shepard brachte der Soundtrack f\u00fcr die damals neue Serie, die bald Kultstatus erreichte, jedenfalls Ende der 1990er Jahre den Durchbruch. Searchin' my soul wurde zur Titelmelodie. Au\u00dferdem hatte sie regelm\u00e4\u00dfig Gastauftritte in der Serie. Sony Music kaufte die Rechte am ersten Soundtrack-Album f\u00fcr zwei Millionen Dollar, Shepard bekam daf\u00fcr Platin. Sp\u00e4ter erschienen ein weiteres Ally McBeal-Album sowie zwei Compilations mit Ally-Titeln.<\/p>\n<p>Nachdem die Einschaltquoten von Ally McBeal in den USA unter die 5-Millionen-Grenze gesunken waren und die Sendung eingestellt wurde, begann f\u00fcr Vonda Shepard eine Zeit ohne Serienunterst\u00fctzung.<\/p>\n<p>Vonda Shepard ist mit dem US-Musikproduzenten Mitchell Froom verheiratet. Das erste Kind der beiden wurde 2006 geboren.<\/p>\n<\/div>\n<\/div>\n<\/div>\n<\/div>","protected":false},"excerpt":{"rendered":"<p>Secure your tickets!<\/p>","protected":false},"featured_media":39039,"template":"","meta":{"_acf_changed":false,"inline_featured_image":false},"product_brand":[],"product_cat":[31,69,86,35,476,6733,21,58],"product_tag":[5453,941,942,943,944,964,947,948,5452],"class_list":{"0":"post-39037","1":"product","2":"type-product","3":"status-publish","4":"has-post-thumbnail","6":"product_cat-events","7":"product_cat-konzert","8":"product_cat-leipzig","9":"product_cat-orte","10":"product_cat-peterskirche","11":"product_cat-pop","12":"product_cat-ticket","13":"product_cat-veranstaltung","14":"product_tag-european-spring-tour-2026","15":"product_tag-events","16":"product_tag-konzert","17":"product_tag-leipzig","18":"product_tag-orte","19":"product_tag-peterskirche","20":"product_tag-ticket","21":"product_tag-veranstaltung","22":"product_tag-vonda-shepard","23":"product_shipping_class-nur_paketversand","24":"pa_discount-ermaessigt","25":"pa_discount-normalpreis","26":"pa_preiskategorie-freie-platzwahl","28":"first","29":"instock","30":"taxable","31":"shipping-taxable","32":"purchasable","33":"product-type-variable"},"group_of_quantity":0,"min_quantity":0,"max_quantity":"","exclude_order_quantity_value_rules":"no","exclude_category_quantity_rules":"no","combine_variations":"no","acf":[],"_links":{"self":[{"href":"https:\/\/arena-ticket.com\/en\/wp-json\/wp\/v2\/product\/39037","targetHints":{"allow":["GET"]}}],"collection":[{"href":"https:\/\/arena-ticket.com\/en\/wp-json\/wp\/v2\/product"}],"about":[{"href":"https:\/\/arena-ticket.com\/en\/wp-json\/wp\/v2\/types\/product"}],"wp:featuredmedia":[{"embeddable":true,"href":"https:\/\/arena-ticket.com\/en\/wp-json\/wp\/v2\/media\/39039"}],"wp:attachment":[{"href":"https:\/\/arena-ticket.com\/en\/wp-json\/wp\/v2\/media?parent=39037"}],"wp:term":[{"taxonomy":"product_brand","embeddable":true,"href":"https:\/\/arena-ticket.com\/en\/wp-json\/wp\/v2\/product_brand?post=39037"},{"taxonomy":"product_cat","embeddable":true,"href":"https:\/\/arena-ticket.com\/en\/wp-json\/wp\/v2\/product_cat?post=39037"},{"taxonomy":"product_tag","embeddable":true,"href":"https:\/\/arena-ticket.com\/en\/wp-json\/wp\/v2\/product_tag?post=39037"}],"curies":[{"name":"wp","href":"https:\/\/api.w.org\/{rel}","templated":true}]}}