{"id":39040,"date":"2025-05-03T11:53:06","date_gmt":"2025-05-03T09:53:06","guid":{"rendered":"https:\/\/arena-ticket.com\/?p=39040&#038;post_type=product&#038;preview_id=39040"},"modified":"2025-05-03T11:57:40","modified_gmt":"2025-05-03T09:57:40","slug":"django-3000-live-2026-moritzbastei-leipzig-02-10-2026-2000-uhr","status":"publish","type":"product","link":"https:\/\/arena-ticket.com\/en\/product\/django-3000-live-2026-moritzbastei-leipzig-02-10-2026-2000-uhr\/","title":{"rendered":"Django 3000 - LIVE 2026"},"content":{"rendered":"<p>Die bayerischen Gypsys von Django 3000 rocken seit nunmehr dreizehn Jahren auf gro\u00dfen und kleineren B\u00fchnen der Welt. Ihr unverwechselbarer Gypsysound bringt von Indien \u00fcber Russland bis S\u00fcdkorea jeden zum Tanzen, der nicht gerade an einer H\u00fcftdysplasie leidet. Bei treibenden Balkan- Beats, erdigem Gitarren-Rock\u2019n\u2019Roll, l\u00e4ssigem Gypsy-Swing und teuflisch-melodischen Geigensoli sp\u00fcrt man regelrecht ein Brennen unter den Zehenn\u00e4geln.<\/p>\n<p>Die vier Babos, vier undurchschaubare Gsch\u00e4fltmacher, sind unter dem Motto \u201eschei\u00df da nix, dann feid da nix\u201c wieder unterwegs und feiern das Leben. Ihre Konzerte rei\u00dfen aus dem Alltag und man findet sich mit den vier Gypsybajuwaren am Lagerfeuer wieder. Hier darf man sich ausleben \u2013 ohne Grenzen, ohne Scham, einfach nur \u201ewuid und laut\u201c.<\/p>\n<p>Mit dem Song \u201eHeidi\u201c gelang den Djangos der Durchbruch und sie wurden weit \u00fcber die Landesgrenzen hinaus bekannt mit dem letzten Studioalbum \u201eAliBabo\u201c (V\u00d6 2022) bekam die \u201eHeidi\u201c ihren langersehnten, tanzw\u00fctigen Partner.<\/p>\n<p>Neue Songs entstehen gerade in der Chiemgauer K\u00fcnstlerschmiede und beim Segelfliegen, bis dahin spielen die Djangos ihre Best Offs in unverkennbar ansteckend euphorisierender Manier.<\/p>","protected":false},"excerpt":{"rendered":"<p>Get your tickets here now!<\/p>","protected":false},"featured_media":39042,"template":"","meta":{"_acf_changed":false,"inline_featured_image":false},"product_brand":[],"product_cat":[31,69,86,35,479,6749,21,15,58],"product_tag":[5454,941,942,951,943,4819,998,944,2449,947,976,948],"class_list":{"0":"post-39040","1":"product","2":"type-product","3":"status-publish","4":"has-post-thumbnail","6":"product_cat-events","7":"product_cat-konzert","8":"product_cat-leipzig","9":"product_cat-orte","10":"product_cat-philippuskirche","11":"product_cat-sonstiges_konzert","12":"product_cat-ticket","13":"product_cat-unkategorisiert","14":"product_cat-veranstaltung","15":"product_tag-django-3000","16":"product_tag-events","17":"product_tag-konzert","18":"product_tag-kultur","19":"product_tag-leipzig","20":"product_tag-live-2026","21":"product_tag-moritzbastei","22":"product_tag-orte","23":"product_tag-philippuskirche","24":"product_tag-ticket","25":"product_tag-unkategorisiert","26":"product_tag-veranstaltung","27":"product_shipping_class-nur_paketversand","28":"pa_discount-begleitperson-schwerbeschaedigte","29":"pa_discount-ermaessigt","30":"pa_discount-kind","31":"pa_discount-leipzig-pass-inhaber","32":"pa_discount-normalpreis","33":"pa_discount-rentner","34":"pa_discount-schwerbeschaedigt","35":"pa_preiskategorie-stehplatz","37":"first","38":"instock","39":"taxable","40":"shipping-taxable","41":"purchasable","42":"product-type-variable"},"group_of_quantity":0,"min_quantity":0,"max_quantity":"","exclude_order_quantity_value_rules":"no","exclude_category_quantity_rules":"no","combine_variations":"no","acf":[],"_links":{"self":[{"href":"https:\/\/arena-ticket.com\/en\/wp-json\/wp\/v2\/product\/39040","targetHints":{"allow":["GET"]}}],"collection":[{"href":"https:\/\/arena-ticket.com\/en\/wp-json\/wp\/v2\/product"}],"about":[{"href":"https:\/\/arena-ticket.com\/en\/wp-json\/wp\/v2\/types\/product"}],"wp:featuredmedia":[{"embeddable":true,"href":"https:\/\/arena-ticket.com\/en\/wp-json\/wp\/v2\/media\/39042"}],"wp:attachment":[{"href":"https:\/\/arena-ticket.com\/en\/wp-json\/wp\/v2\/media?parent=39040"}],"wp:term":[{"taxonomy":"product_brand","embeddable":true,"href":"https:\/\/arena-ticket.com\/en\/wp-json\/wp\/v2\/product_brand?post=39040"},{"taxonomy":"product_cat","embeddable":true,"href":"https:\/\/arena-ticket.com\/en\/wp-json\/wp\/v2\/product_cat?post=39040"},{"taxonomy":"product_tag","embeddable":true,"href":"https:\/\/arena-ticket.com\/en\/wp-json\/wp\/v2\/product_tag?post=39040"}],"curies":[{"name":"wp","href":"https:\/\/api.w.org\/{rel}","templated":true}]}}