{"id":39043,"date":"2025-05-03T12:26:39","date_gmt":"2025-05-03T10:26:39","guid":{"rendered":"https:\/\/arena-ticket.com\/?p=39043&#038;post_type=product&#038;preview_id=39043"},"modified":"2025-05-09T16:06:47","modified_gmt":"2025-05-09T14:06:47","slug":"sophia-durch-die-blume-tour-2026-leipzig-haus-auensee-25-03-2026-1900-uhr","status":"publish","type":"product","link":"https:\/\/arena-ticket.com\/en\/product\/sophia-durch-die-blume-tour-2026-leipzig-haus-auensee-25-03-2026-1900-uhr\/","title":{"rendered":"SOPHIA  - \"Durch die Blume\" Tour 2026"},"content":{"rendered":"<p>Die K\u00fcnstlerin pr\u00e4sentiert im M\u00e4rz 2026 ihre \u201eDurch die Blume\u201c Tournee in Deutschland, \u00d6sterreich und der Schweiz<\/p>\n<p>Mit neuer Musik, ber\u00fchrenden Texten und der Stimme einer ganzen Generation, z\u00e4hlt\u00a0SOPHIA inzwischen zu den spannendsten K\u00fcnstlerinnen der deutschsprachigen Popmusik \u2013 authentisch, gef\u00fchlvoll, mit emotionaler Tiefe. Nach der erfolgreichen Ver\u00f6ffentlichung ihres Deb\u00fctalbums \u201eNiemals Allein\u201c (2023) und dem Chartst\u00fcrmer \u201eWenn es sich gut anf\u00fchlt\u201c (2024) sowie einer umfangreichen Sommertour in 2025 folgt der n\u00e4chste Step in der Karriere der K\u00fcnstlerin. Im M\u00e4rz 2026 kommt SOPHIA mit ihrer neuen Tournee \u201eDurch die Blume\u201c nach \u00a0Deutschland, \u00d6sterreich und der Schweiz.<\/p>\n<p>SOPHIA gelingt es komplexe Gef\u00fchle in Musik zu verwandeln \u2013 ehrlich, ber\u00fchrend und nahbar. Die charismatische Singer-\/Songwriterin aus Wetter (Ruhr) ist l\u00e4ngst mehr als ein Geheimtipp: ihre \u201eRos\u00e9gold Tour\u201c 2024 war nahezu ausverkauft und ihre Songs wie \u201eSchmetterling\u201c, \u201eSo viel sch\u00f6ner\u201c oder \u201eAn alle da drau\u00dfen\u201c \u00fcberzeugten.<\/p>\n<p>Die \u201eDurch die Blume\u201c Tournee steht ganz im Zeichen von Aufbruch, Emotion und Weiterentwicklung \u2013 sowohl musikalisch als auch pers\u00f6nlich. Mit im Gep\u00e4ck: neue Songs, darunter auch ihre am 25. April ver\u00f6ffentlichte aktuelle Single \u201eTr\u00e4ne\u201c - ein Vorgeschmack auf das, was da noch kommt. Es ist der Beginn einer noch viel gr\u00f6\u00dferen Geschichte, die von SOPHIA geschrieben werden wird.<\/p>","protected":false},"excerpt":{"rendered":"<p>Get your tickets here now!<\/p>","protected":false},"featured_media":39045,"template":"","meta":{"_acf_changed":false,"inline_featured_image":false},"product_brand":[],"product_cat":[31,344,69,86,35,6733,21,58],"product_tag":[5455,5369,941,962,942,943,2324,944,1543,947,948],"class_list":{"0":"post-39043","1":"product","2":"type-product","3":"status-publish","4":"has-post-thumbnail","6":"product_cat-events","7":"product_cat-haus-auensee","8":"product_cat-konzert","9":"product_cat-leipzig","10":"product_cat-orte","11":"product_cat-pop","12":"product_cat-ticket","13":"product_cat-veranstaltung","14":"product_tag-durch-die-blume-tour-2026","15":"product_tag-europe-2025","16":"product_tag-events","17":"product_tag-haus-auensee","18":"product_tag-konzert","19":"product_tag-leipzig","20":"product_tag-lionheart","21":"product_tag-orte","22":"product_tag-sophia","23":"product_tag-ticket","24":"product_tag-veranstaltung","25":"product_shipping_class-nur_paketversand","26":"pa_discount-inklusive-begleitperson","27":"pa_discount-kind","28":"pa_discount-normalpreis","29":"pa_preiskategorie-stehplatz","31":"first","32":"instock","33":"taxable","34":"shipping-taxable","35":"purchasable","36":"product-type-variable","37":"has-default-attributes"},"group_of_quantity":0,"min_quantity":0,"max_quantity":"","exclude_order_quantity_value_rules":"no","exclude_category_quantity_rules":"no","combine_variations":"no","acf":[],"_links":{"self":[{"href":"https:\/\/arena-ticket.com\/en\/wp-json\/wp\/v2\/product\/39043","targetHints":{"allow":["GET"]}}],"collection":[{"href":"https:\/\/arena-ticket.com\/en\/wp-json\/wp\/v2\/product"}],"about":[{"href":"https:\/\/arena-ticket.com\/en\/wp-json\/wp\/v2\/types\/product"}],"wp:featuredmedia":[{"embeddable":true,"href":"https:\/\/arena-ticket.com\/en\/wp-json\/wp\/v2\/media\/39045"}],"wp:attachment":[{"href":"https:\/\/arena-ticket.com\/en\/wp-json\/wp\/v2\/media?parent=39043"}],"wp:term":[{"taxonomy":"product_brand","embeddable":true,"href":"https:\/\/arena-ticket.com\/en\/wp-json\/wp\/v2\/product_brand?post=39043"},{"taxonomy":"product_cat","embeddable":true,"href":"https:\/\/arena-ticket.com\/en\/wp-json\/wp\/v2\/product_cat?post=39043"},{"taxonomy":"product_tag","embeddable":true,"href":"https:\/\/arena-ticket.com\/en\/wp-json\/wp\/v2\/product_tag?post=39043"}],"curies":[{"name":"wp","href":"https:\/\/api.w.org\/{rel}","templated":true}]}}