{"id":39048,"date":"2025-05-03T15:39:56","date_gmt":"2025-05-03T13:39:56","guid":{"rendered":"https:\/\/arena-ticket.com\/?p=39048&#038;post_type=product&#038;preview_id=39048"},"modified":"2025-05-13T12:53:41","modified_gmt":"2025-05-13T10:53:41","slug":"letz-zep-led-zeppelin-tribute-leipzig-parkbuehne-13-09-2025-1900-uhr","status":"publish","type":"product","link":"https:\/\/arena-ticket.com\/en\/product\/letz-zep-led-zeppelin-tribute-leipzig-parkbuehne-13-09-2025-1900-uhr\/","title":{"rendered":"Letz Zep  - (Led Zeppelin Tribute)"},"content":{"rendered":"<p>Bands, die alten Helden nacheifern, gibt es viele, doch nur wenige schaffen es, falls sie den musikalischen Vorgaben der Legenden \u00fcberhaupt gerecht werden, auch eigene Akzente zu setzen. Die Briten Letz Zep geh\u00f6ren zu dieser verschwindend kleinen Minderheit, die Originalit\u00e4t mit Authentizit\u00e4t verbindet. Led Zeppelin selbst ziehen den Hut vor ihren Wiederg\u00e4ngern und laden sie zu offiziellen Fan-Events ein, falls Billy Kulke, Andy Gray und Co. nicht irgendwo auf der Welt Headliner-Gigs spielen, sei es im ausverkauften Pariser Olympia oder in der Heineken Arena Madrid, auf Festivals in Mexiko oder Venezuela. Die Gruppe ist l\u00e4ngst genauso zum globalen Ph\u00e4nomen geworden wie ihre Vorbilder. Deren Plattenfirma Warner nennt Letz Zep die beste Band im Geiste von Page und Plant, Medien wie Rolling Stone, Classic Rock oder der franz\u00f6sische Figaro widmen ihnen mehrseitige Features, und die BBC strahlt Mitschnitte ihrer Shows aus.<br \/>\nLetz Zep decken den gesamten Katalog von Led Zeppelin ab und erweitern ihr Repertoire fortw\u00e4hrend um zus\u00e4tzliche Klassiker, beschr\u00e4nken sich also nicht nur auf die offensichtlichen Gassenhauer. Ihre Performance gibt somit einen umfassenden Eindruck des Schaffens der Rock-Ikonen und begeistert Unbedarfte wie Szene-Veteranen. Letz Zep sind keine Nostalgieveranstaltung, sondern eine musikalische Revolte gegen den Zahn der Zeit, ein herzzerrei\u00dfender Aufschrei gegen das Vergessen, denn sie lassen aufleben und f\u00fchren weiter, was die Wegweiser in Sachen Rock viel zu fr\u00fch ruhenlie\u00dfen.<br \/>\nNun schicken sich Letz Zep abermals an, Europa mit \u00fcber zweist\u00fcndigen Konzerten zu beehren und f\u00fcr ein Wiederh\u00f6ren vertrauter Musik mit anderen Ohren zu sorgen.<\/p>","protected":false},"excerpt":{"rendered":"<p>Letz Zep die beste Led Zeppelin Show der Welt!<\/p>","protected":false},"featured_media":39050,"template":"","meta":{"_acf_changed":false,"inline_featured_image":false},"product_brand":[],"product_cat":[31,86,64,35,347,6730,21,58],"product_tag":[5457,941,942,943,5456,944,966,947,948],"class_list":{"0":"post-39048","1":"product","2":"type-product","3":"status-publish","4":"has-post-thumbnail","6":"product_cat-events","7":"product_cat-leipzig","8":"product_cat-musical-show","9":"product_cat-orte","10":"product_cat-parkbuehne-leipzig","11":"product_cat-show","12":"product_cat-ticket","13":"product_cat-veranstaltung","14":"product_tag-led-zeppelin-tribute","15":"product_tag-events","16":"product_tag-konzert","17":"product_tag-leipzig","18":"product_tag-letz-zep","19":"product_tag-orte","20":"product_tag-parkbuehne-leipzig","21":"product_tag-ticket","22":"product_tag-veranstaltung","23":"product_shipping_class-nur_paketversand","24":"pa_discount-inklusive-begleitperson","25":"pa_discount-normalpreis","26":"pa_preiskategorie-rollstuhlfahrer","27":"pa_preiskategorie-stehplatz","29":"first","30":"instock","31":"taxable","32":"shipping-taxable","33":"purchasable","34":"product-type-variable"},"group_of_quantity":0,"min_quantity":0,"max_quantity":"","exclude_order_quantity_value_rules":"no","exclude_category_quantity_rules":"no","combine_variations":"no","acf":[],"_links":{"self":[{"href":"https:\/\/arena-ticket.com\/en\/wp-json\/wp\/v2\/product\/39048","targetHints":{"allow":["GET"]}}],"collection":[{"href":"https:\/\/arena-ticket.com\/en\/wp-json\/wp\/v2\/product"}],"about":[{"href":"https:\/\/arena-ticket.com\/en\/wp-json\/wp\/v2\/types\/product"}],"wp:featuredmedia":[{"embeddable":true,"href":"https:\/\/arena-ticket.com\/en\/wp-json\/wp\/v2\/media\/39050"}],"wp:attachment":[{"href":"https:\/\/arena-ticket.com\/en\/wp-json\/wp\/v2\/media?parent=39048"}],"wp:term":[{"taxonomy":"product_brand","embeddable":true,"href":"https:\/\/arena-ticket.com\/en\/wp-json\/wp\/v2\/product_brand?post=39048"},{"taxonomy":"product_cat","embeddable":true,"href":"https:\/\/arena-ticket.com\/en\/wp-json\/wp\/v2\/product_cat?post=39048"},{"taxonomy":"product_tag","embeddable":true,"href":"https:\/\/arena-ticket.com\/en\/wp-json\/wp\/v2\/product_tag?post=39048"}],"curies":[{"name":"wp","href":"https:\/\/api.w.org\/{rel}","templated":true}]}}