{"id":39184,"date":"2025-05-05T18:20:29","date_gmt":"2025-05-05T16:20:29","guid":{"rendered":"https:\/\/arena-ticket.com\/?p=39184&#038;post_type=product&#038;preview_id=39184"},"modified":"2025-11-27T14:48:55","modified_gmt":"2025-11-27T13:48:55","slug":"heaven-can-wait-chor-jetzt-erst-recht-kulturpalast-dresden-19-04-2026-1930-uhr","status":"publish","type":"product","link":"https:\/\/arena-ticket.com\/en\/product\/heaven-can-wait-chor-jetzt-erst-recht-kulturpalast-dresden-19-04-2026-1930-uhr\/","title":{"rendered":"Heaven Can Wait Chor  - Jetzt erst recht!"},"content":{"rendered":"<div class=\"c-compact-info__event-text\">\n<p>Seit \u00fcber 10 Jahren erobert der HEAVEN CAN WAIT Chor aus Hamburg die Publikumsherzen. Sp\u00e4testens seit dem erfolgreichen Kinofilm \u00fcber den Chor sorgt die Show auch deutschlandweit f\u00fcr Aufsehen und ausverkaufte H\u00e4user. Und weil man auch mit \u00dc70 nie zu alt ist, um Neues zu wagen, starten die junggebliebenen Alten jetzt mit einem neuen Programm durch: \u201eJetzt erst recht!\u201c<\/p>\n<p>Die Erfolgsgeschichte des HEAVEN CAN WAIT Chores geht weiter! Rund 35 S\u00e4ngerinnen und S\u00e4nger im Alter zwischen 70 und 93 Jahren schmettern die Songs der Enkelgeneration und werfen damit die g\u00e4ngigen Vorurteile \u00fcber Senioren im Ruhestand charmant \u00fcber den Haufen. Zu ihrem Repertoire geh\u00f6ren auch diesmal wieder \u2013 \u00fcberhaupt nicht \u201ealtersgerecht\u201c \u2013 aktuelle Hits, die jeder kennt. In ihrer Interpretation bekommen die Songs jedoch eine andere Wirkung, denn aus der Perspektive dieser lebenserfahrenen Menschen gewinnen sie<br \/>\neine Tiefe, die \u00fcberrascht.<\/p>\n<p>Neu und besonders am \u201eJetzt erst recht!\u201c-Programm ist: der Chor pr\u00e4sentiert erstmals auch selbst komponierte und getextete Lieder. Ber\u00fchrende Songs, die sich mit Inhalten besch\u00e4ftigen, die in der jungen Popwelt wenig Erw\u00e4hnung finden: Was ist der Sinn des Lebens? Was bedeutet Gl\u00fcck? Wie begegne ich dem Thema Tod? Gro\u00dfe Themen, die in bew\u00e4hrter HCW- Manier mit Herzblut und einer guten Portion Humor vorgetragen werden und dabei viel Lebensklugheit verspr\u00fchen, ohne zu belehren. Diese Songs sind \u00fcbrigens erstmals auch auf CD erh\u00e4ltlich.<\/p>\n<p>Und so rocken die (G)Oldies auch mit dem neuen Programm wieder die B\u00fchne: bunt, jung und frech, es wird gesungen und gerappt, abgedanced und gegrooved. Mit \u201eJetzt erst recht!\u201c gewinnt dieser \u00e4lteste, gleichzeitig j\u00fcngste und auf jeden Fall bunteste Chor Hamburgs eine neue Facette dazu.<\/p>\n<p>Und wer gern mal einen Blick hinter die Kulissen werfen m\u00f6chte: der erfolgreiche und mit Publikumspreisen ausgezeichnete Film \u201eHeaven can wait \u2013 wir leben jetzt\u201c ist \u00fcberall als DVD und als Stream verf\u00fcgbar.<\/p>\n<\/div>\n<div class=\"c-compact-info__venue-info\">\n<div class=\"c-venue-info\"><\/div>\n<\/div>","protected":false},"excerpt":{"rendered":"<p>Die Erfolgsgeschichte des HEAVEN CAN WAIT Chores geht weiter! Jetzt Tickts sichern!<\/p>","protected":false},"featured_media":17365,"template":"","meta":{"_acf_changed":false,"inline_featured_image":false},"product_brand":[],"product_cat":[87,31,345,936,69,428,86,35,6749,21,58],"product_tag":[940,941,957,3866,5462,942,3423,3435,947,948],"class_list":{"0":"post-39184","1":"product","2":"type-product","3":"status-publish","4":"has-post-thumbnail","6":"product_cat-dresden","7":"product_cat-events","8":"product_cat-gewandhaus","9":"product_cat-grosser-saal","10":"product_cat-konzert","11":"product_cat-kulturpalalst","12":"product_cat-leipzig","13":"product_cat-orte","14":"product_cat-sonstiges_konzert","15":"product_cat-ticket","16":"product_cat-veranstaltung","17":"product_tag-dresden","18":"product_tag-events","19":"product_tag-grosser-saal","20":"product_tag-heaven-can-wait-chor","21":"product_tag-jetzt-erst-recht","22":"product_tag-konzert","23":"product_tag-kulturpalalst","24":"product_tag-kulturpalast-dresden","25":"product_tag-ticket","26":"product_tag-veranstaltung","27":"product_shipping_class-nur_paketversand","28":"pa_discount-normalpreis","29":"pa_preiskategorie-pk-i","30":"pa_preiskategorie-pk-ii","31":"pa_preiskategorie-pk-iii","32":"pa_preiskategorie-pk-iv","33":"pa_preiskategorie-pk-v","35":"first","36":"instock","37":"taxable","38":"shipping-taxable","39":"purchasable","40":"product-type-variable"},"group_of_quantity":0,"min_quantity":0,"max_quantity":"","exclude_order_quantity_value_rules":"no","exclude_category_quantity_rules":"no","combine_variations":"no","acf":[],"_links":{"self":[{"href":"https:\/\/arena-ticket.com\/en\/wp-json\/wp\/v2\/product\/39184","targetHints":{"allow":["GET"]}}],"collection":[{"href":"https:\/\/arena-ticket.com\/en\/wp-json\/wp\/v2\/product"}],"about":[{"href":"https:\/\/arena-ticket.com\/en\/wp-json\/wp\/v2\/types\/product"}],"wp:featuredmedia":[{"embeddable":true,"href":"https:\/\/arena-ticket.com\/en\/wp-json\/wp\/v2\/media\/17365"}],"wp:attachment":[{"href":"https:\/\/arena-ticket.com\/en\/wp-json\/wp\/v2\/media?parent=39184"}],"wp:term":[{"taxonomy":"product_brand","embeddable":true,"href":"https:\/\/arena-ticket.com\/en\/wp-json\/wp\/v2\/product_brand?post=39184"},{"taxonomy":"product_cat","embeddable":true,"href":"https:\/\/arena-ticket.com\/en\/wp-json\/wp\/v2\/product_cat?post=39184"},{"taxonomy":"product_tag","embeddable":true,"href":"https:\/\/arena-ticket.com\/en\/wp-json\/wp\/v2\/product_tag?post=39184"}],"curies":[{"name":"wp","href":"https:\/\/api.w.org\/{rel}","templated":true}]}}