{"id":39212,"date":"2025-05-06T10:26:35","date_gmt":"2025-05-06T08:26:35","guid":{"rendered":"https:\/\/arena-ticket.com\/?p=39212&#038;post_type=product&#038;preview_id=39212"},"modified":"2025-11-18T18:26:48","modified_gmt":"2025-11-18T17:26:48","slug":"roxette-in-concert-2025-quarterback-immobilien-arena-18-11-2025-2000-uhr","status":"publish","type":"product","link":"https:\/\/arena-ticket.com\/en\/product\/roxette-in-concert-2025-quarterback-immobilien-arena-18-11-2025-2000-uhr\/","title":{"rendered":"Roxette - In Concert 2025"},"content":{"rendered":"<p>Im November 2025 bringt Roxette ihre beeindruckende Show nach Europa und bietet den Fans die seltene Gelegenheit, den Soundtrack ihres Lebenss noch einmal zu erleben.<\/p>\n<p>Die Live-Band besteht aus langj\u00e4hrigen Roxette-Mitarbeitern und Weltklasse-Musikern: Christoffer Lundquist, Magnus B\u00f6rjeson, Magnus \u201eNorpan\u201c Eriksson, Dea Norberg sowie den Roxette-Legenden Clarence \u00d6fwerman und Jonas Isacsson.<\/p>\n<p>&nbsp;<\/p>","protected":false},"excerpt":{"rendered":"<p>Das schwedische Pop-Duo meldet sich mit Lena Philipsson als S\u00e4ngerin f\u00fcr sechs Konzerte in Deutschland zur\u00fcck!<\/p>","protected":false},"featured_media":49182,"template":"","meta":{"_acf_changed":false,"inline_featured_image":false},"product_brand":[],"product_cat":[31,69,86,35,6733,37,21,22,58],"product_tag":[941,5464,942,943,944,945,5463,947,973,948],"class_list":{"0":"post-39212","1":"product","2":"type-product","3":"status-publish","4":"has-post-thumbnail","6":"product_cat-events","7":"product_cat-konzert","8":"product_cat-leipzig","9":"product_cat-orte","10":"product_cat-pop","11":"product_cat-quarterback-immobilien-arena","12":"product_cat-ticket","13":"product_cat-ticketupgrades-zusatzleistungen","14":"product_cat-veranstaltung","15":"product_tag-events","16":"product_tag-in-concert-2025","17":"product_tag-konzert","18":"product_tag-leipzig","19":"product_tag-orte","20":"product_tag-quarterback-immobilien-arena","21":"product_tag-roxette","22":"product_tag-ticket","23":"product_tag-ticketupgrades-zusatzleistungen","24":"product_tag-veranstaltung","25":"product_shipping_class-abholung_paketversand","26":"pa_discount-inklusive-begleitperson","27":"pa_discount-normalpreis","28":"pa_discount-vip-sitzplatz","29":"pa_preiskategorie-ggv-up","30":"pa_preiskategorie-pgv-up","31":"pa_preiskategorie-rollstuhlfahrer","32":"pa_preiskategorie-sitzplatz","33":"pa_preiskategorie-stehplatz","34":"pa_preiskategorie-vip-package-backstage-club","35":"pa_preiskategorie-vipu-up","37":"first","38":"outofstock","39":"taxable","40":"shipping-taxable","41":"purchasable","42":"product-type-variable"},"group_of_quantity":0,"min_quantity":0,"max_quantity":"","exclude_order_quantity_value_rules":"no","exclude_category_quantity_rules":"no","combine_variations":"no","acf":[],"_links":{"self":[{"href":"https:\/\/arena-ticket.com\/en\/wp-json\/wp\/v2\/product\/39212","targetHints":{"allow":["GET"]}}],"collection":[{"href":"https:\/\/arena-ticket.com\/en\/wp-json\/wp\/v2\/product"}],"about":[{"href":"https:\/\/arena-ticket.com\/en\/wp-json\/wp\/v2\/types\/product"}],"wp:featuredmedia":[{"embeddable":true,"href":"https:\/\/arena-ticket.com\/en\/wp-json\/wp\/v2\/media\/49182"}],"wp:attachment":[{"href":"https:\/\/arena-ticket.com\/en\/wp-json\/wp\/v2\/media?parent=39212"}],"wp:term":[{"taxonomy":"product_brand","embeddable":true,"href":"https:\/\/arena-ticket.com\/en\/wp-json\/wp\/v2\/product_brand?post=39212"},{"taxonomy":"product_cat","embeddable":true,"href":"https:\/\/arena-ticket.com\/en\/wp-json\/wp\/v2\/product_cat?post=39212"},{"taxonomy":"product_tag","embeddable":true,"href":"https:\/\/arena-ticket.com\/en\/wp-json\/wp\/v2\/product_tag?post=39212"}],"curies":[{"name":"wp","href":"https:\/\/api.w.org\/{rel}","templated":true}]}}