{"id":39234,"date":"2025-05-06T11:15:22","date_gmt":"2025-05-06T09:15:22","guid":{"rendered":"https:\/\/arena-ticket.com\/?p=39234&#038;post_type=product&#038;preview_id=39234"},"modified":"2025-10-27T12:19:19","modified_gmt":"2025-10-27T11:19:19","slug":"fil-bo-riva-acoustic-tour-2025-leipzig-kupfersaal-11-11-2025-2000-uhr","status":"publish","type":"product","link":"https:\/\/arena-ticket.com\/en\/product\/fil-bo-riva-acoustic-tour-2025-leipzig-kupfersaal-11-11-2025-2000-uhr\/","title":{"rendered":"Fil Bo Riva - Acoustic Tour 2025"},"content":{"rendered":"<p>Filippo Bonamici aka Fil Bo Riva tr\u00e4gt wie wenige andere K\u00fcnstler:innen zahlreiche kulturelle Einfl\u00fcsse in sich: Als Sohn eines Italieners und einer Deutschen lebte er bereits Italien, Deutschland, Irland und Spanien. Sein Sound ist international, und zwar im besten Sinne.<\/p>\n<p>Der begnadete Songwriter spielte bereits ausverkaufte Shows kreuz und quer durch Zentraleuropa, unter anderem auch auf Festivals wie The Great Escape, Eurosonic und dem Montreux Jazz Festival. Die B\u00fchne teilte er sich auf Tour bereits mit Milky Chance, Matt Corby oder Joan As Police Woman.<\/p>\n<p>Sein Deb\u00fctalbum \u201eBeautiful Sadness\u201c st\u00f6\u00dft international auf Begeisterung \u2013 sein Follow-Up Album \u201eModern Melancholia\u201c \u00fcbertrifft diesen Erfolg, was er mit der gleichnamigen Europatour auf eindrucksvolle Art und Weise zeigte. Seine R\u00fcckkehr auf die B\u00fchne zeigt, dass Fil Bo Rivas Songs einen zeitlosen Kern in sich tragen, der nur wenigen K\u00fcnstler:innen beschert ist: Das sind Songs, die, auch unabh\u00e4ngig von Studioproduktionen, perfekt ein bestimmtes Gef\u00fchl transportieren.<\/p>\n<p>Nun geht Fil Bo Riva einen Schritt weiter: F\u00fcr den Herbst 2025 k\u00fcndigt er seine erste \u201eAcoustic Tour\u201c an. In reduzierter, intimer Atmosph\u00e4re m\u00f6chte der italienische Songwriter seine Songs in neuem Licht pr\u00e4sentieren \u2013 roher, unmittelbarer und n\u00e4her an der Essenz seiner Musik als je zuvor. Begleitend zur Tour arbeitet Fil Bo Riva bereits an neuer Musik, die vielleicht noch dieses Jahr erscheinen wird. Die Reise geht weiter \u2013 leiser, aber nicht weniger kraftvoll.<\/p>","protected":false},"excerpt":{"rendered":"<p>Get your tickets here now!<\/p>","protected":false},"featured_media":52935,"template":"","meta":{"_acf_changed":false,"inline_featured_image":false},"product_brand":[],"product_cat":[31,6737,69,430,86,35,21,58],"product_tag":[5467,941,2939,942,951,968,943,944,947,948],"class_list":{"0":"post-39234","1":"product","2":"type-product","3":"status-publish","4":"has-post-thumbnail","6":"product_cat-events","7":"product_cat-hip-hop-rnb","8":"product_cat-konzert","9":"product_cat-kupfersaal","10":"product_cat-leipzig","11":"product_cat-orte","12":"product_cat-ticket","13":"product_cat-veranstaltung","14":"product_tag-acoustic-tour-2025","15":"product_tag-events","16":"product_tag-fil-bo-riva","17":"product_tag-konzert","18":"product_tag-kultur","19":"product_tag-kupfersaal","20":"product_tag-leipzig","21":"product_tag-orte","22":"product_tag-ticket","23":"product_tag-veranstaltung","24":"product_shipping_class-nur_paketversand","25":"pa_discount-ermaessigt","26":"pa_discount-normalpreis","27":"pa_preiskategorie-freie-platzwahl","29":"first","30":"instock","31":"taxable","32":"shipping-taxable","33":"purchasable","34":"product-type-variable"},"group_of_quantity":0,"min_quantity":0,"max_quantity":"","exclude_order_quantity_value_rules":"no","exclude_category_quantity_rules":"no","combine_variations":"no","acf":[],"_links":{"self":[{"href":"https:\/\/arena-ticket.com\/en\/wp-json\/wp\/v2\/product\/39234","targetHints":{"allow":["GET"]}}],"collection":[{"href":"https:\/\/arena-ticket.com\/en\/wp-json\/wp\/v2\/product"}],"about":[{"href":"https:\/\/arena-ticket.com\/en\/wp-json\/wp\/v2\/types\/product"}],"wp:featuredmedia":[{"embeddable":true,"href":"https:\/\/arena-ticket.com\/en\/wp-json\/wp\/v2\/media\/52935"}],"wp:attachment":[{"href":"https:\/\/arena-ticket.com\/en\/wp-json\/wp\/v2\/media?parent=39234"}],"wp:term":[{"taxonomy":"product_brand","embeddable":true,"href":"https:\/\/arena-ticket.com\/en\/wp-json\/wp\/v2\/product_brand?post=39234"},{"taxonomy":"product_cat","embeddable":true,"href":"https:\/\/arena-ticket.com\/en\/wp-json\/wp\/v2\/product_cat?post=39234"},{"taxonomy":"product_tag","embeddable":true,"href":"https:\/\/arena-ticket.com\/en\/wp-json\/wp\/v2\/product_tag?post=39234"}],"curies":[{"name":"wp","href":"https:\/\/api.w.org\/{rel}","templated":true}]}}