{"id":39277,"date":"2025-05-06T13:04:17","date_gmt":"2025-05-06T11:04:17","guid":{"rendered":"https:\/\/arena-ticket.com\/?p=39277&#038;post_type=product&#038;preview_id=39277"},"modified":"2025-05-06T13:17:02","modified_gmt":"2025-05-06T11:17:02","slug":"julian-janssen-komm-wir-findens-raus-steintor-variete-halle-saale-22-02-2026-1600-uhr","status":"publish","type":"product","link":"https:\/\/arena-ticket.com\/en\/product\/julian-janssen-komm-wir-findens-raus-steintor-variete-halle-saale-22-02-2026-1600-uhr\/","title":{"rendered":"Julian Janssen - Komm, wir finden's raus!"},"content":{"rendered":"<p>Der beliebte TV-Star JULIAN JANSSEN \u2013 auch bekannt als \u201eChecker Julian\u201c \u2013 geht ab November 2025 auf seine erste gro\u00dfe Live-Tour durch Deutschland! Jetzt Karten sichern und live dabei sein, wenn JULIAN JANSSEN spannende Fragen stellt, verbl\u00fcffende Experimente zeigt und von einem dinogigantischen Abenteuer erz\u00e4hlt.<br \/>\nAm 29. November startet JULIAN JANSSEN seine lang ersehnte Live-Tour unter dem Titel \u201eKomm wir finden`s raus!\u201c. Klein und Gro\u00df d\u00fcrfen sich auf eine unterhaltsame Show freuen, die es in sich hat.<br \/>\nF\u00fcr seine kleinen Wissens-Fans wird Julian naturwissenschaftliche Ph\u00e4nomene unter die Lupe nehmen aber auch ganz normalen allt\u00e4glichen Fragen nachgehen. Ein besonderer H\u00f6hepunkt der Show wird Julians Dino-Abenteuerreise in den USA sein: Mit drei analogen Kameras und einem Zelt im Gep\u00e4ck hat er sich im letzten Jahr auf die Suche nach echten Dinosauriern gemacht. Dabei nimmt er das Publikum mit und enth\u00fcllt, was er auf seiner Expedition entdeckt hat.<br \/>\nJULIAN JANSSEN ist nicht nur ein leidenschaftlicher Entdecker, sondern auch ein echter Wissensprofi! Nach seinem Abitur studierte Julian Medienwissenschaften und Germanistik und sammelte erste Erfahrungen als Moderator beim Universit\u00e4tsradio. Zudem probierte er sich in kleinen Film- und Theaterproduktionen aus.<br \/>\nSeit 2018 begeistert JULIAN JANSSEN in der Wissenssendung \u201eChecker Julian\u201c die jungen ZuschauerInnen auf KiKA sowie in der ARD immer wieder aufs Neue und geht dabei spannenden Fragen nach \u2013 f\u00fcr ihn der absolute Traumberuf. Neben seiner T\u00e4tigkeit als Moderator ist Julian auch als Synchronsprecher aktiv und lieh unter anderem dem Hauptcharakter Alfonso im Kinofilm \u201eDas Geheimnis von La Mancha\u201c seine Stimme. Au\u00dferdem ist er als Schauspieler t\u00e4tig und war unter anderem im Kinofilm \u201eDie Chaosschwestern\u201c zu sehen.<br \/>\nJulian schafft es immer wieder, Wissen lebendig und spannend zu vermitteln \u2013 egal ob vor der Kamera, hinter dem Mikrofon oder auf der B\u00fchne. Mit Witz und verst\u00e4ndlichen Erkl\u00e4rungen bringt er selbst komplizierte Themen auf den Punkt \u2013 und sorgt f\u00fcr echte Aha-Momente.<\/p>","protected":false},"excerpt":{"rendered":"<p>Nicht die Chance verpassen und mit dabei sein, wenn JULIAN JANSSEN ab dem 29. November 2025 auf Tour geht!<\/p>","protected":false},"featured_media":39266,"template":"","meta":{"_acf_changed":false,"inline_featured_image":false},"product_brand":[],"product_cat":[6725,31,102,95,922,6764,35,496,21,58],"product_tag":[954,941,999,5471,5473,5472,951,944,2788,947,948,5474],"class_list":{"0":"post-39277","1":"product","2":"type-product","3":"status-publish","4":"has-post-thumbnail","6":"product_cat-comedy","7":"product_cat-events","8":"product_cat-halle","9":"product_cat-humor","10":"product_cat-kultur","11":"product_cat-lesung","12":"product_cat-orte","13":"product_cat-steintor-variete","14":"product_cat-ticket","15":"product_cat-veranstaltung","16":"product_tag-comedy","17":"product_tag-events","18":"product_tag-halle","19":"product_tag-julian-janssen","20":"product_tag-komm","21":"product_tag-komm-wir-findens-raus","22":"product_tag-kultur","23":"product_tag-orte","24":"product_tag-steintor-variete","25":"product_tag-ticket","26":"product_tag-veranstaltung","27":"product_tag-wir-findens-raus","28":"product_shipping_class-nur_paketversand","29":"pa_discount-ermaessigt","30":"pa_discount-normalpreis","31":"pa_preiskategorie-pk-i","33":"first","34":"instock","35":"taxable","36":"shipping-taxable","37":"purchasable","38":"product-type-variable","39":"has-default-attributes"},"group_of_quantity":0,"min_quantity":0,"max_quantity":"","exclude_order_quantity_value_rules":"no","exclude_category_quantity_rules":"no","combine_variations":"no","acf":[],"_links":{"self":[{"href":"https:\/\/arena-ticket.com\/en\/wp-json\/wp\/v2\/product\/39277","targetHints":{"allow":["GET"]}}],"collection":[{"href":"https:\/\/arena-ticket.com\/en\/wp-json\/wp\/v2\/product"}],"about":[{"href":"https:\/\/arena-ticket.com\/en\/wp-json\/wp\/v2\/types\/product"}],"wp:featuredmedia":[{"embeddable":true,"href":"https:\/\/arena-ticket.com\/en\/wp-json\/wp\/v2\/media\/39266"}],"wp:attachment":[{"href":"https:\/\/arena-ticket.com\/en\/wp-json\/wp\/v2\/media?parent=39277"}],"wp:term":[{"taxonomy":"product_brand","embeddable":true,"href":"https:\/\/arena-ticket.com\/en\/wp-json\/wp\/v2\/product_brand?post=39277"},{"taxonomy":"product_cat","embeddable":true,"href":"https:\/\/arena-ticket.com\/en\/wp-json\/wp\/v2\/product_cat?post=39277"},{"taxonomy":"product_tag","embeddable":true,"href":"https:\/\/arena-ticket.com\/en\/wp-json\/wp\/v2\/product_tag?post=39277"}],"curies":[{"name":"wp","href":"https:\/\/api.w.org\/{rel}","templated":true}]}}