{"id":39328,"date":"2025-05-06T14:11:11","date_gmt":"2025-05-06T12:11:11","guid":{"rendered":"https:\/\/arena-ticket.com\/?p=39328&#038;post_type=product&#038;preview_id=39328"},"modified":"2025-05-06T14:17:54","modified_gmt":"2025-05-06T12:17:54","slug":"sommer-theater-gartenzwerg-totenschaedel-leipzig-mueckenschloesschen-28-08-2025-2000-uhr","status":"publish","type":"product","link":"https:\/\/arena-ticket.com\/en\/product\/sommer-theater-gartenzwerg-totenschaedel-leipzig-mueckenschloesschen-28-08-2025-2000-uhr\/","title":{"rendered":"Sommer-Theater: Gartenzwerg &amp; Totensch\u00e4del"},"content":{"rendered":"<p>Auch in diesem Jahr findet das beliebte Sommer-Theater statt. Nehmen Sie im gem\u00fctlichen Biergarten bei einem k\u00fchlen Getr\u00e4nk Platz und lassen Sie sich k\u00f6stlich unterhalten.<\/p>\n<p>Eine erfolglose Schlagers\u00e4ngerin, ein gescheiterter Schriftsteller und ein Bankraub. Wie passt das alles zusammen? Das St\u00fcck \u00bbGartenzwerg &amp; Totensch\u00e4del\u00ab erz\u00e4hlt die Geschichte von Cindy und Gerhard, die beide alles daran setzen ihre Tr\u00e4ume einer erfolgreichen Karriere im Schlager- bzw. Literaturbusiness wahr werden zu lassen. Dem chaotischen Paar, das so gar nicht zueinander passen will, f\u00e4llt die Beute eines Bankraubes in die H\u00e4nde und r\u00fcckt das Erreichen ihres Traumes pl\u00f6tzlich in greifbare N\u00e4he. Doch dann kommt alles anders als gedacht.<\/p>\n<p>&nbsp;<\/p>\n<p>Neben erfrischenden Getr\u00e4nken gibt es eine gro\u00dfe Auswahl an leckeren Speisen; vom kleinen Snack bis zu deftigen Spare Ribs ist f\u00fcr jeden Geschmack etwas dabei.<\/p>\n<p>&nbsp;<\/p>","protected":false},"excerpt":{"rendered":"<p>&nbsp;<\/p>\n<p>Im wundersch\u00f6nen Garten wird auch in diesem Jahr wieder das Sommer-Theater auf der nat\u00fcrlichen Freilichtb\u00fchne pr\u00e4sentiert. Jetzt Tickets sichern!<\/p>","protected":false},"featured_media":39276,"template":"","meta":{"_acf_changed":false,"inline_featured_image":false},"product_brand":[],"product_cat":[21],"product_tag":[943,3117,5475,947],"class_list":{"0":"post-39328","1":"product","2":"type-product","3":"status-publish","4":"has-post-thumbnail","6":"product_cat-ticket","7":"product_tag-leipzig","8":"product_tag-mueckenschloesschen","9":"product_tag-sommer-theater-gartenzwerg-totenschaedel","10":"product_tag-ticket","11":"product_shipping_class-nur_paketversand","12":"pa_discount-normalpreis","13":"pa_preiskategorie-pk-i","14":"pa_preiskategorie-pk-ii","15":"pa_preiskategorie-pk-iii","17":"first","18":"instock","19":"taxable","20":"shipping-taxable","21":"purchasable","22":"product-type-variable"},"group_of_quantity":0,"min_quantity":0,"max_quantity":"","exclude_order_quantity_value_rules":"no","exclude_category_quantity_rules":"no","combine_variations":"no","acf":[],"_links":{"self":[{"href":"https:\/\/arena-ticket.com\/en\/wp-json\/wp\/v2\/product\/39328","targetHints":{"allow":["GET"]}}],"collection":[{"href":"https:\/\/arena-ticket.com\/en\/wp-json\/wp\/v2\/product"}],"about":[{"href":"https:\/\/arena-ticket.com\/en\/wp-json\/wp\/v2\/types\/product"}],"wp:featuredmedia":[{"embeddable":true,"href":"https:\/\/arena-ticket.com\/en\/wp-json\/wp\/v2\/media\/39276"}],"wp:attachment":[{"href":"https:\/\/arena-ticket.com\/en\/wp-json\/wp\/v2\/media?parent=39328"}],"wp:term":[{"taxonomy":"product_brand","embeddable":true,"href":"https:\/\/arena-ticket.com\/en\/wp-json\/wp\/v2\/product_brand?post=39328"},{"taxonomy":"product_cat","embeddable":true,"href":"https:\/\/arena-ticket.com\/en\/wp-json\/wp\/v2\/product_cat?post=39328"},{"taxonomy":"product_tag","embeddable":true,"href":"https:\/\/arena-ticket.com\/en\/wp-json\/wp\/v2\/product_tag?post=39328"}],"curies":[{"name":"wp","href":"https:\/\/api.w.org\/{rel}","templated":true}]}}