{"id":39334,"date":"2025-05-06T14:36:38","date_gmt":"2025-05-06T12:36:38","guid":{"rendered":"https:\/\/arena-ticket.com\/?p=39334&#038;post_type=product&#038;preview_id=39334"},"modified":"2025-06-14T12:53:29","modified_gmt":"2025-06-14T10:53:29","slug":"eiskoenigin-12-musik-show-auf-eis-gewandhaus-zu-leipzig-grosser-saal-12-01-2026-1800-uhr","status":"publish","type":"product","link":"https:\/\/arena-ticket.com\/en\/product\/eiskoenigin-12-musik-show-auf-eis-gewandhaus-zu-leipzig-grosser-saal-12-01-2026-1800-uhr\/","title":{"rendered":"Eisk\u00f6nigin 1 &amp; 2  - Die Musik-Show auf Eis!"},"content":{"rendered":"<p>Die gefeierten Songs der weltweit erfolgreichsten Animationsfilme\u00a0<strong>Eisk\u00f6nigin 1<\/strong>\u00a0and\u00a0<strong>Eisk\u00f6nigin 2<\/strong>\u00a0kommen erneut in spektakul\u00e4rer Form - auf Eis! - auf die europ\u00e4ischen B\u00fchnen. Die Zuschauer erleben gemeinsam mit den Schwestern Elsa und Anna und ihren Gef\u00e4hrten eine\u00a0 abenteuerliche Musik-Reise mit den Stars der deutschsprachigen Musicalszene live und auf Schlittschuhen und dem Ensemble des ber\u00fchmten Russian Circus on Ice!<\/p>\n<p>Die renommierte Choreografin Yulia Plaschinskaya entwickelte eine t\u00e4nzerische, akrobatische und<br \/>\nm\u00e4rchenhafte Magie der Extraklasse. G\u00e4nsehaut pur, wenn Elsa den absoluten Hit des Abends \u201eLass jetzt los!\u201c singt und dabei die B\u00fchne und die riesige LED-Leinwand mit ihren magischen Kr\u00e4ften in ein Meer aus Eis und tiefblauen Kristallen verzaubert! Lustig, wenn Schneemann Olaf vom Sommer tr\u00e4umt \u201emit einem Drink in der Hand und ganz knackig braun\u201c! Spektakul\u00e4r, wenn sich Elsa und Anna mit den Trollen auf eine Schneeballschlacht einlassen oder Kristoff\u00a0 mit seinem geliebten Rentier Sven singt \u201eRentiere sind besser als Menschen\u201c!<\/p>\n<p>Die Show auf Kunsteis beeindruckt mit glanzvollen Kost\u00fcmen und aufw\u00e4ndiger LED-Technik!<br \/>\nZur vielfach ausgezeichneten Musik (darunter der begehrte Oscar f\u00fcr den besten Filmsong) zeigen Elsa,<br \/>\nAnna sowie Olaf, Sven und Kristoff ein unterhaltsames Eis-Spektakel mit innovativer B\u00fchnentechnik und<br \/>\ngro\u00dfem Ensemble.<\/p>\n<p><strong>Hinweis des Veranstalters:\u00a0<\/strong>Die Musik-Show auf Eis findet auf einer k\u00fcnstlichen Eisfl\u00e4che statt, genannt LIKE-ICE! Diese Technologie, die von einem deutschen Unternehmen entwickelt wurde, ist die \u00f6kologisch sinnvollste L\u00f6sung mit den geringsten Auswirkungen auf die Umwelt.<\/p>","protected":false},"excerpt":{"rendered":"<p><strong>Mit der Musik des Welterfolges DIE EISK\u00d6NIGIN<\/strong><br \/>\n<strong>Die spektakul\u00e4re Musik-Show auf Eis!<\/strong><\/p>","protected":false},"featured_media":39341,"template":"","meta":{"_acf_changed":false,"inline_featured_image":false},"product_brand":[],"product_cat":[345,936,86,35,21],"product_tag":[3994,5478,941,956,2832,957,943,958,4256,947,4257,948],"class_list":{"0":"post-39334","1":"product","2":"type-product","3":"status-publish","4":"has-post-thumbnail","6":"product_cat-gewandhaus","7":"product_cat-grosser-saal","8":"product_cat-leipzig","9":"product_cat-orte","10":"product_cat-ticket","11":"product_tag-die-musik-show-auf-eis","12":"product_tag-eiskoenigin-1-2","13":"product_tag-events","14":"product_tag-gewandhaus","15":"product_tag-gewandhaus-grosser-saal","16":"product_tag-grosser-saal","17":"product_tag-leipzig","18":"product_tag-show","19":"product_tag-this-is-the-greatest-show","20":"product_tag-ticket","21":"product_tag-tournee-2025","22":"product_tag-veranstaltung","23":"product_shipping_class-nur_paketversand","24":"pa_discount-ermaessigt","25":"pa_discount-normalpreis","26":"pa_preiskategorie-pk-i","27":"pa_preiskategorie-pk-ii","28":"pa_preiskategorie-pk-iii","29":"pa_preiskategorie-pk-iv","31":"first","32":"instock","33":"taxable","34":"shipping-taxable","35":"purchasable","36":"product-type-variable"},"group_of_quantity":0,"min_quantity":0,"max_quantity":"","exclude_order_quantity_value_rules":"no","exclude_category_quantity_rules":"no","combine_variations":"no","acf":[],"_links":{"self":[{"href":"https:\/\/arena-ticket.com\/en\/wp-json\/wp\/v2\/product\/39334","targetHints":{"allow":["GET"]}}],"collection":[{"href":"https:\/\/arena-ticket.com\/en\/wp-json\/wp\/v2\/product"}],"about":[{"href":"https:\/\/arena-ticket.com\/en\/wp-json\/wp\/v2\/types\/product"}],"wp:featuredmedia":[{"embeddable":true,"href":"https:\/\/arena-ticket.com\/en\/wp-json\/wp\/v2\/media\/39341"}],"wp:attachment":[{"href":"https:\/\/arena-ticket.com\/en\/wp-json\/wp\/v2\/media?parent=39334"}],"wp:term":[{"taxonomy":"product_brand","embeddable":true,"href":"https:\/\/arena-ticket.com\/en\/wp-json\/wp\/v2\/product_brand?post=39334"},{"taxonomy":"product_cat","embeddable":true,"href":"https:\/\/arena-ticket.com\/en\/wp-json\/wp\/v2\/product_cat?post=39334"},{"taxonomy":"product_tag","embeddable":true,"href":"https:\/\/arena-ticket.com\/en\/wp-json\/wp\/v2\/product_tag?post=39334"}],"curies":[{"name":"wp","href":"https:\/\/api.w.org\/{rel}","templated":true}]}}