{"id":39353,"date":"2025-05-06T14:59:15","date_gmt":"2025-05-06T12:59:15","guid":{"rendered":"https:\/\/arena-ticket.com\/?p=39353&#038;post_type=product&#038;preview_id=39353"},"modified":"2025-06-20T11:58:47","modified_gmt":"2025-06-20T09:58:47","slug":"danceperados-of-ireland-hooked-tour-gewandhaus-zu-leipzig-grosser-saal-14-01-2026-2000-uhr","status":"publish","type":"product","link":"https:\/\/arena-ticket.com\/en\/product\/danceperados-of-ireland-hooked-tour-gewandhaus-zu-leipzig-grosser-saal-14-01-2026-2000-uhr\/","title":{"rendered":"Danceperados of Ireland - Hooked Tour - History of Irish Fishing"},"content":{"rendered":"<div class=\"event-teaser__short-description | js-event-teaser-short-description\">\n<div class=\"event-teaser__price-info | text-highlight text-highlight--alternative | h-no-margin-bottom-for-last-child | js-event-teaser-details-level-1\">\n<div class=\"event-teaser__short-description | js-event-teaser-short-description\">\n<div class=\"event-teaser__price-info | text-highlight text-highlight--alternative | h-no-margin-bottom-for-last-child | js-event-teaser-details-level-1\">\n<p>Die Begeisterung f\u00fcr den irischen Stepptanz ist im Namen dieser irischen Tanzshow festgeschrieben. Frei aus dem Englischen \u00fcbersetzt hei\u00dft sie \u201edie Tanzw\u00fctigen\u201c. Ja, die Iren k\u00f6nnen einfach das Tanzen, Singen und Spielen nicht sein lassen. Es liegt ihnen im Blut.<\/p>\n<p>Das Ensemble tritt mit der Mission an, den irischen Stepptanz von allerhand Klischees und Taschenspieler- Tricks zu befreien. Der irische Stepptanz hat in den letzten Jahren die Welt erobert und Millionen von Menschen begeistert. Er hat Irland und seine Kultur international ins Rampenlicht gestellt. Aber wo Licht ist, da ist bekanntlich auch Schatten.<\/p>\n<p>Irische Tanzshows schossen in den letzten 20 Jahren wie Pilze aus dem Boden. Gewinnorientierte Gesch\u00e4ftsleute, die keine Ahnung von irischer Kultur hatten, investierten in solche Shows. Der h\u00f6chste Gewinn und nicht die k\u00fcnstlerische Qualit\u00e4t war das entscheidende Kriterium. Zwei oder drei Musiker, die zu einem vom Band kommenden Orchester spielen und T\u00e4nzer aus dem Ostblock, die m\u00f6glichst synchron zu Playback-Steppger\u00e4uschen agieren. Komischerweise hat es das Publikum weltweit unkritisch hingenommen, was die Spekulanten darin best\u00e4tigte, das Niveau immer weiter zu senken. Angeblich waren es irische Tanzshows, aber der Inhalt war doch h\u00f6chst unirisch! \u201eBoy meets girl\u201c oder \u201eGut gegen B\u00f6se\u201c. Sind das Themen, die uns Irland und seine Kultur von damals und heute n\u00e4her bringen?<\/p>\n<p>Kein Wunder, dass sich als Antwort auf diese \u00e4u\u00dferst erfolgreiche Bauernf\u00e4ngerei eine Gegenbewegung formiert. \u201eDanceperados of Ireland\u201c sind Musiker und T\u00e4nzer, die es mit ihrem Ethos nicht l\u00e4nger vereinbaren konnten, mit Playbacks ihr Publikum zu t\u00e4uschen. Sie suchen die k\u00fcnstlerische Herausforderung, ohne Netz und doppelten Boden zu tanzen und zu spielen. Nur so kann man spontan reagieren und auch improvisieren. Statt das Publikum mit Showeffekten zu blenden, \u00fcberzeugen es die Danceperados mit einer \u00fcbersch\u00e4umenden Lebendigkeit und Authentizit\u00e4t.<\/p>\n<p>Die Danceperados haben sich an die Spitze einer Bewegung gesetzt, die den irischen Stepptanz aus den Klauen der gro\u00dfen Produzenten befreien und ein St\u00fcck menschlicher, freier und urspr\u00fcnglicher machen m\u00f6chten.<\/p>\n<\/div>\n<\/div>\n<div class=\"event-teaser__full-description | js-event-teaser-full-description js-event-teaser-details-level-2\">\n<p>&nbsp;<\/p>\n<\/div>\n<\/div>\n<\/div>","protected":false},"excerpt":{"rendered":"<p>Bereits der Name Danceperados of Ireland versinnbildlicht die Begeisterung des Ensembles f\u00fcr den irischen Stepptanz.<\/p>","protected":false},"featured_media":39364,"template":"","meta":{"_acf_changed":false,"inline_featured_image":false},"product_brand":[],"product_cat":[31,345,936,69,86,35,6745,21,58],"product_tag":[3315,941,956,2832,957,5479,942,943,947,948],"class_list":{"0":"post-39353","1":"product","2":"type-product","3":"status-publish","4":"has-post-thumbnail","6":"product_cat-events","7":"product_cat-gewandhaus","8":"product_cat-grosser-saal","9":"product_cat-konzert","10":"product_cat-leipzig","11":"product_cat-orte","12":"product_cat-punk-punkrock","13":"product_cat-ticket","14":"product_cat-veranstaltung","15":"product_tag-danceperados-of-ireland","16":"product_tag-events","17":"product_tag-gewandhaus","18":"product_tag-gewandhaus-grosser-saal","19":"product_tag-grosser-saal","20":"product_tag-hooked-tour-history-of-irish-fishing","21":"product_tag-konzert","22":"product_tag-leipzig","23":"product_tag-ticket","24":"product_tag-veranstaltung","25":"product_shipping_class-nur_paketversand","26":"pa_discount-ermaessigt","27":"pa_discount-normalpreis","28":"pa_preiskategorie-pk-i","29":"pa_preiskategorie-pk-ii","30":"pa_preiskategorie-pk-iii","31":"pa_preiskategorie-pk-iv","32":"pa_preiskategorie-pk-v","33":"pa_preiskategorie-premium","34":"pa_preiskategorie-premium-sitzplatz","36":"first","37":"instock","38":"taxable","39":"shipping-taxable","40":"purchasable","41":"product-type-variable"},"group_of_quantity":0,"min_quantity":0,"max_quantity":"","exclude_order_quantity_value_rules":"no","exclude_category_quantity_rules":"no","combine_variations":"no","acf":[],"_links":{"self":[{"href":"https:\/\/arena-ticket.com\/en\/wp-json\/wp\/v2\/product\/39353","targetHints":{"allow":["GET"]}}],"collection":[{"href":"https:\/\/arena-ticket.com\/en\/wp-json\/wp\/v2\/product"}],"about":[{"href":"https:\/\/arena-ticket.com\/en\/wp-json\/wp\/v2\/types\/product"}],"wp:featuredmedia":[{"embeddable":true,"href":"https:\/\/arena-ticket.com\/en\/wp-json\/wp\/v2\/media\/39364"}],"wp:attachment":[{"href":"https:\/\/arena-ticket.com\/en\/wp-json\/wp\/v2\/media?parent=39353"}],"wp:term":[{"taxonomy":"product_brand","embeddable":true,"href":"https:\/\/arena-ticket.com\/en\/wp-json\/wp\/v2\/product_brand?post=39353"},{"taxonomy":"product_cat","embeddable":true,"href":"https:\/\/arena-ticket.com\/en\/wp-json\/wp\/v2\/product_cat?post=39353"},{"taxonomy":"product_tag","embeddable":true,"href":"https:\/\/arena-ticket.com\/en\/wp-json\/wp\/v2\/product_tag?post=39353"}],"curies":[{"name":"wp","href":"https:\/\/api.w.org\/{rel}","templated":true}]}}