{"id":39367,"date":"2025-05-06T15:09:53","date_gmt":"2025-05-06T13:09:53","guid":{"rendered":"https:\/\/arena-ticket.com\/?p=39367&#038;post_type=product&#038;preview_id=39367"},"modified":"2025-05-27T17:22:53","modified_gmt":"2025-05-27T15:22:53","slug":"stern-combo-meissen-und-die-wege-sind-noch-weit-chemnitz-carlowitz-congresscenter-14-11-2026-2000-uhr","status":"publish","type":"product","link":"https:\/\/arena-ticket.com\/en\/product\/stern-combo-meissen-und-die-wege-sind-noch-weit-chemnitz-carlowitz-congresscenter-14-11-2026-2000-uhr\/","title":{"rendered":"Stern-Combo Meissen  - \u201eund die Wege sind noch weit\u201c"},"content":{"rendered":"<p>&nbsp;<\/p>\n<section class=\"cc_outer cc_text_media\" data-columns=\"1\" data-container-size=\"md\">\n<div class=\"container\">\n<div class=\"row\">\n<div class=\"column\">\n<div class=\"cc_content_block cc_textmedia cc_media_above\">\n<div class=\"cc_content_wrap\">\n<div class=\"cc_content\" data-text-columns=\"2\">\n<p>Mit neuen Songs ist zu rechnen, aber auch unvergessene Klassiker wie \"Der Kampf um den S\u00fcdpol\", \"Die Sage\", \"Der weite Weg\", \"Stundenschlag\", \"Wir sind die Sonne\", \"Eine Nacht\", \"Nimm die Welt in die Hand\" oder Ausschnitte aus dem konzeptionell angelegten Werk \"Wei\u00dfes Gold\" werden auf dieser Tour nat\u00fcrlich nicht fehlen. \u00dcber 12 ver\u00f6ffentlichte und erfolgreiche Studio-Alben erm\u00f6glichen der Band, aus ihrem reichen Song-Fundus zu sch\u00f6pfen und jedes ihrer Konzerte einzigartig zu machen.<\/p>\n<p>F\u00fcr die musikalische Exzellenz sorgen neben Bandgr\u00fcnder, Percussionist und S\u00e4nger Martin Schreier, S\u00e4nger und Keyboarder Manuel Schmid, Drummer Frank Schirmer, Bassist Axel Sch\u00e4fer, Keyboarder Sebastian D\u00fcwelt und Gitarrist Michael Lehrmann auch die \u00fcber Jahre bestens eingespielte Technik-Crew, die gemeinsam den markanten \"STERN\"-Sound pr\u00e4sentieren, den das Publikum erwartet und nach wie vor sch\u00e4tzt.<\/p>\n<\/div>\n<\/div>\n<\/div>\n<\/div>\n<\/div>\n<\/div>\n<\/section>","protected":false},"excerpt":{"rendered":"<p>Auch 2025\/26 wird die STERN-COMBO MEISSEN wieder auf vielen B\u00fchnen des Landes live von sich h\u00f6ren lassen. Sichern Sie sich jetzt Ihre Tickets!<\/p>","protected":false},"featured_media":39369,"template":"","meta":{"_acf_changed":false,"inline_featured_image":false},"product_brand":[],"product_cat":[377,103,31,69,35,6749,21,58],"product_tag":[5481,3908,992,941,942,951,944,5480,947,948],"class_list":{"0":"post-39367","1":"product","2":"type-product","3":"status-publish","4":"has-post-thumbnail","6":"product_cat-carlowitz-congress-center","7":"product_cat-chemnitz","8":"product_cat-events","9":"product_cat-konzert","10":"product_cat-orte","11":"product_cat-sonstiges_konzert","12":"product_cat-ticket","13":"product_cat-veranstaltung","14":"product_tag-und-die-wege-sind-noch-weit","15":"product_tag-carlowitz-congress-center","16":"product_tag-chemnitz","17":"product_tag-events","18":"product_tag-konzert","19":"product_tag-kultur","20":"product_tag-orte","21":"product_tag-stern-combo-meissen","22":"product_tag-ticket","23":"product_tag-veranstaltung","24":"product_shipping_class-nur_paketversand","25":"pa_discount-normalpreis","26":"pa_preiskategorie-pk-i","28":"first","29":"instock","30":"taxable","31":"shipping-taxable","32":"purchasable","33":"product-type-variable"},"group_of_quantity":0,"min_quantity":0,"max_quantity":"","exclude_order_quantity_value_rules":"no","exclude_category_quantity_rules":"no","combine_variations":"no","acf":[],"_links":{"self":[{"href":"https:\/\/arena-ticket.com\/en\/wp-json\/wp\/v2\/product\/39367","targetHints":{"allow":["GET"]}}],"collection":[{"href":"https:\/\/arena-ticket.com\/en\/wp-json\/wp\/v2\/product"}],"about":[{"href":"https:\/\/arena-ticket.com\/en\/wp-json\/wp\/v2\/types\/product"}],"wp:featuredmedia":[{"embeddable":true,"href":"https:\/\/arena-ticket.com\/en\/wp-json\/wp\/v2\/media\/39369"}],"wp:attachment":[{"href":"https:\/\/arena-ticket.com\/en\/wp-json\/wp\/v2\/media?parent=39367"}],"wp:term":[{"taxonomy":"product_brand","embeddable":true,"href":"https:\/\/arena-ticket.com\/en\/wp-json\/wp\/v2\/product_brand?post=39367"},{"taxonomy":"product_cat","embeddable":true,"href":"https:\/\/arena-ticket.com\/en\/wp-json\/wp\/v2\/product_cat?post=39367"},{"taxonomy":"product_tag","embeddable":true,"href":"https:\/\/arena-ticket.com\/en\/wp-json\/wp\/v2\/product_tag?post=39367"}],"curies":[{"name":"wp","href":"https:\/\/api.w.org\/{rel}","templated":true}]}}