{"id":39372,"date":"2025-05-06T15:16:44","date_gmt":"2025-05-06T13:16:44","guid":{"rendered":"https:\/\/arena-ticket.com\/?p=39372&#038;post_type=product&#038;preview_id=39372"},"modified":"2025-10-16T18:19:44","modified_gmt":"2025-10-16T16:19:44","slug":"die-feisten-moskito-chemnitz-stadthalle-04-11-2026-2000-uhr","status":"publish","type":"product","link":"https:\/\/arena-ticket.com\/en\/product\/die-feisten-moskito-chemnitz-stadthalle-04-11-2026-2000-uhr\/","title":{"rendered":"die feisten  - Moskito"},"content":{"rendered":"<section class=\"cc_outer cc_text_media\" data-columns=\"1\" data-container-size=\"md\">\n<div class=\"container\">\n<div class=\"row\">\n<div class=\"column\">\n<div class=\"cc_content_block cc_textmedia cc_media_above\">\n<div class=\"cc_content_wrap\">\n<div class=\"cc_content\" data-text-columns=\"2\">\n<p>Das 2MannSongComedy-Duo erz\u00e4hlt Geschichten, die das Leben schreiben w\u00fcrde, h\u00e4tte es einen Stift. \u201eMoskito\u201c: Gute Vors\u00e4tze, vom Fl\u00fcgelschlag eines Kleinstinsekten verweht... \u201eAls ich begann zu rauchen\u201c, der n\u00e4chste gute Vorsatz. In die Tat umgesetzt durch Unterst\u00fctzung, die man beim besten Willen nicht haben wollte... In \u201eUnt\u00e4towiert\u201c profitieren C. und Rainer von der Gnade der fr\u00fchen Geburt. Als sogenannte Babyboomer haben sie es unterlassen, sich ein Tattoo zu verpassen. Gab es damals n\u00e4mlich nur im Knast oder auf hoher See. Ausger\u00fcstet mit kleinen Saiteninstrumenten, Gitarren und viel Percussion schlagen die beiden S\u00e4nger einen geradlinigen Zickzackkurs durch ihre musikalischen Lieblingsgenres ein. So wie die Flugbahn eines Moskitos.<\/p>\n<\/div>\n<\/div>\n<\/div>\n<\/div>\n<\/div>\n<\/div>\n<\/section>","protected":false},"excerpt":{"rendered":"<p class=\"mt0\">Das 2MannSongComedy-Duo erz\u00e4hlt Geschichten, die das Leben schreiben w\u00fcrde, h\u00e4tte es einen Stift.<\/p>","protected":false},"featured_media":39375,"template":"","meta":{"_acf_changed":false,"inline_featured_image":false},"product_brand":[],"product_cat":[103,6725,31,95,35,494,21,58],"product_tag":[992,954,5482,941,951,5483,3031,947,948],"class_list":{"0":"post-39372","1":"product","2":"type-product","3":"status-publish","4":"has-post-thumbnail","6":"product_cat-chemnitz","7":"product_cat-comedy","8":"product_cat-events","9":"product_cat-humor","10":"product_cat-orte","11":"product_cat-stadthalle-chemnitz","12":"product_cat-ticket","13":"product_cat-veranstaltung","14":"product_tag-chemnitz","15":"product_tag-comedy","16":"product_tag-die-feisten","17":"product_tag-events","18":"product_tag-kultur","19":"product_tag-moskito","20":"product_tag-stadthalle-chemnitz","21":"product_tag-ticket","22":"product_tag-veranstaltung","23":"product_shipping_class-nur_paketversand","24":"pa_discount-normalpreis","25":"pa_preiskategorie-pk-i","26":"pa_preiskategorie-pk-ii","27":"pa_preiskategorie-pk-iii","29":"first","30":"instock","31":"taxable","32":"shipping-taxable","33":"purchasable","34":"product-type-variable"},"group_of_quantity":0,"min_quantity":0,"max_quantity":"","exclude_order_quantity_value_rules":"no","exclude_category_quantity_rules":"no","combine_variations":"no","acf":[],"_links":{"self":[{"href":"https:\/\/arena-ticket.com\/en\/wp-json\/wp\/v2\/product\/39372","targetHints":{"allow":["GET"]}}],"collection":[{"href":"https:\/\/arena-ticket.com\/en\/wp-json\/wp\/v2\/product"}],"about":[{"href":"https:\/\/arena-ticket.com\/en\/wp-json\/wp\/v2\/types\/product"}],"wp:featuredmedia":[{"embeddable":true,"href":"https:\/\/arena-ticket.com\/en\/wp-json\/wp\/v2\/media\/39375"}],"wp:attachment":[{"href":"https:\/\/arena-ticket.com\/en\/wp-json\/wp\/v2\/media?parent=39372"}],"wp:term":[{"taxonomy":"product_brand","embeddable":true,"href":"https:\/\/arena-ticket.com\/en\/wp-json\/wp\/v2\/product_brand?post=39372"},{"taxonomy":"product_cat","embeddable":true,"href":"https:\/\/arena-ticket.com\/en\/wp-json\/wp\/v2\/product_cat?post=39372"},{"taxonomy":"product_tag","embeddable":true,"href":"https:\/\/arena-ticket.com\/en\/wp-json\/wp\/v2\/product_tag?post=39372"}],"curies":[{"name":"wp","href":"https:\/\/api.w.org\/{rel}","templated":true}]}}