{"id":39377,"date":"2025-05-06T15:21:29","date_gmt":"2025-05-06T13:21:29","guid":{"rendered":"https:\/\/arena-ticket.com\/?p=39377&#038;post_type=product&#038;preview_id=39377"},"modified":"2025-10-07T14:04:14","modified_gmt":"2025-10-07T12:04:14","slug":"schwanensee-kyiv-classic-ballet-gewandhaus-leipzig-07-01-2026-2000-uhr","status":"publish","type":"product","link":"https:\/\/arena-ticket.com\/en\/product\/schwanensee-kyiv-classic-ballet-gewandhaus-leipzig-07-01-2026-2000-uhr\/","title":{"rendered":"Schwanensee  - Kyiv Classic Ballet"},"content":{"rendered":"<section class=\"c-full c-inner c-narrow\" data-c=\"stageteasertext\" data-qa=\"stageteasertext-component\">\n<div class=\"container\">\n<div class=\"external-content no-margin\">\n<div class=\"u-position-relative js-moretext-wrapper\">\n<div class=\"moretext js-moretext expanded\" data-qa=\"readMoreText\">\n<div class=\"moretext-teaser\">\n<p>Die Compagnie wurde 2008 von Tatyana Borovyk und Oksana Soloyiova als klassisches, internationales Tournee-Ensemble in Kyiv, der Hauptstadt der Ukraine, gegr\u00fcndet. Die K\u00fcnstlerische Direktorin ist Tatiana Goliakova. Sie war eine f\u00fchrende Pers\u00f6nlichkeit der Nationaloper der Ukraine und wurde mit dem Titel \u201eVolksk\u00fcnstlerin der Ukraine\u201c geehrt. Goliakova achtet insbesondere auf das k\u00fcnstlerische Erbe und die Bewahrung der reinsten Form des klassischen Balletts. Unter ihrer Leitung ist das Kyiv Classic Ballet heute eine international renommierte Ballettkompanie, die f\u00fcr ihre Leichtigkeit, Musikalit\u00e4t und subtile Technik gesch\u00e4tzt wird \u2013 und die das reiche kulturelle Erbe der klassischen ukrainischen Balletttraditionen widerspiegelt.<\/p>\n<p>Von seiner Gr\u00fcndung bis zur Invasion Russlands in die Ukraine hatte das Ensemble seinen Sitz in der ukrainischen Hauptstadt Kyiv. Es vertrat und entwickelte die besten Traditionen der Kyiver Ballettschule, deren Absolventen Ballettensembles auf der ganzen Welt schm\u00fccken. Nach Beginn der russischen Raketenangriffe auf die Hauptstadt sah sich das Ensemble gezwungen, seine Proben- und Theaterbasis nach Europa zu verlegen. Die gr\u00f6\u00dften Erfolge feierte das Kyiv Classic Ballet seither in Japan, wo es seit zehn Jahren als eines der weltweit besten Gastballette anerkannt ist und jedes Jahr drei Monate auf Tournee geht.<\/p>\n<p><b>Das Ensemble<\/b>\u00a0- Die Companie arbeitet mit f\u00fchrenden T\u00e4nzerinnen und T\u00e4nzern der Ukraine (etwa 75 Prozent des Ensembles) und der gesamten Ballett-Welt zusammen. Zu den bekannten Solisten der Truppe z\u00e4hlen unter anderem Anna Reznicenko und Oleksiy Knyazkov, die als Schwanensee-Paar 2026 auch das Publikum in Deutschland und die Schweiz verzaubern wollen. Das Kyiv Classic Ballet unterst\u00fctzt und f\u00f6rdert insbesondere junge Talente, denen sie die M\u00f6glichkeit bieten, ihre Kunst mit den besten Ballettlehrenden sowie auf gro\u00dfen B\u00fchnen stetig zu verfeinern. Auf den Tourneen begleiten die Truppe aber auch immer wieder Stars der aktuellen Ballettszene als Gast-T\u00e4nzerinnen und -t\u00e4nzer<\/p>\n<p>. Anna Reznichenko brillierte erstmals 2023 w\u00e4hrend der Schwanensee-Tournee durch Japan in der Doppelrolle der Odette\/Odile und eroberte die Herzen des Publikums wie auch der Kritiker im Sturm. Seitdem ist sie Primaballerina und ein neuer Star des Kyiv Classic Ballet. Reznichenko hat die Staatliche Choreografische Schule in Kyiv absolviert und wurde Solistin des St\u00e4dtischen Akademischen Theaters f\u00fcr Oper und Ballett f\u00fcr Kinder und Jugendliche in Kyiv sowie Solistin des Operntheaters Kischinau (Moldawien). Sie ist Gewinnerin der Internationalen Ballettwettbewerbe in Charkiw und Kyiv, Ukraine (beide 2021). Sie gilt als technisch versierte wie auch sehr emotionale Ballerina, die das Publikum immer wieder mit ihrem tiefen Verst\u00e4ndnis f\u00fcr die Rolle und ihrer Darbietungskunst beeindruckt.<\/p>\n<p>Oleksiy Knyazkov studierte am Staatlichen Akademischen Opern- und Balletttheater Donezk (Ukraine). 2013 schloss er sein Studium an der Staatlichen Kulturakademie Charkiw (Ukraine) ab. Seine Karriere f\u00fchrte ihn unter anderem in die USA, nach Kanada, Australien, Singapur, Gro\u00dfbritannien, Irland, Belgien, Frankreich, Spanien, Norwegen, Israel, China und Taiwan. Bis 2022 war er au\u00dferdem Solot\u00e4nzer des Nationalen Akademischen Opern- und Balletttheaters Charkiw. 2018 wurde er beim Grand Prix des Internationalen Tanzwettbewerbs Hellas in Griechenland als T\u00e4nzer ausgezeichnet. F\u00fcr das beste Duett der Ukraine erhielt er 2021 eine Auszeichnung beim IBF Ballet UA. Seit 2024 ist er Solot\u00e4nzer des Kyiv Classic Ballet. Kniazkov ist f\u00fcr seine charismatische B\u00fchnenpr\u00e4senz und sein technisches K\u00f6nnen bekannt. Seine Darstellung von Prinz Siegfried im Schwanensee wurde f\u00fcr ihre emotionale Tiefe und Pr\u00e4zision gelobt.<\/p>\n<p>Die besonderen Kost\u00fcme und einzigartigen B\u00fchnenbilder entstehen unter der Leitung der ukrainischen Theaterk\u00fcnstlerin Mariia Levytska und wurden speziell f\u00fcr das Kyiv Classic Ballet geschaffen.<br \/>\n<b><br \/>\nDer Ballettklassiker \u201eSchwanensee\"<\/b><\/p>\n<p>\"Schwanensee\" ist eines der ber\u00fchmtesten und meistaufgef\u00fchrten klassischen Ballette, komponiert von Peter Iljitsch Tschaikowski. Es erz\u00e4hlt die Geschichte der Prinzessin Odette, die vom Zauberer Rotbart in einen Schwan verzaubert wurde, und des Prinzen Siegfried, der sich in sie verliebt.<\/p>\n<p>Die verzauberte Prinzessin und ihre Gefolgschaft von Schwanenm\u00e4dchen sind nur nachts menschlich und verbringen den Tag in ihrer schwanenhaften Gestalt am See. Siegfried schw\u00f6rt Odette ewige Liebe, um den Bann zu brechen. Rotbart will das nicht zulassen und l\u00e4sst Siegfried auf einem Ball am Hofe vom \u201eschwarzen Schwan\u201c Odile verf\u00fchren, die dieser f\u00e4lschlich f\u00fcr Odette h\u00e4lt. Diese Verwicklung f\u00fchrt zum dramatischen Endkampf zwischen Siegfried und Rotbart und der Frage, ob die wahre Liebe siegen wird.<\/p>\n<p>Die Schwanensee-Musik von Peter Tschaikowsky ist eine fesselnde Mischung aus leidenschaftlichen Melodien, die die emotionale Tiefe der Handlung widerspiegeln. Das \"Schwanenthema\" ist besonders bekannt und hat eine ikonische Pr\u00e4senz. Die Ballett-Choreografien sind voller graziler Bewegungen und anmutiger Pas de Deux, die die zarten und majest\u00e4tischen Eigenschaften von Schw\u00e4nen einfangen. Besonders die gro\u00dfen Schwanenbilder des Corps de Ballet, inspiriert von den Flugformationen der V\u00f6gel, sind zu einem Markenzeichen des St\u00fccks geworden.<\/p>\n<p>Der \"Schwanensee\" verbindet meisterhaft Musik, Tanz und Dramaturgie zu einem zeitlosen Kunstwerk, das seit Generationen das Publikum fasziniert. Das Werk vereint romantische Elemente mit internationaler Folklore und ist ein Meisterwerk, das sowohl Ballettliebhaber als auch Neulinge in seinen Bann zieht. Die zeitlose Geschichte von Liebe, Verrat und Erl\u00f6sung macht \"Schwanensee\" zu einem unvergesslichen Erlebnis f\u00fcr jede\/n, die\/der in die Welt des Balletts eintauchen m\u00f6chte.<\/p>\n<\/div>\n<\/div>\n<\/div>\n<\/div>\n<\/div>\n<\/section>","protected":false},"excerpt":{"rendered":"<p>Das Kyiv Classic Ballet - 2026 mit \u201eSchwanensee\u201c auf Tournee durch Deutschland<\/p>\n<p>&nbsp;<\/p>\n<p>&nbsp;<\/p>","protected":false},"featured_media":50934,"template":"","meta":{"_acf_changed":false,"inline_featured_image":false},"product_brand":[],"product_cat":[31,345,936,922,86,35,6766,21,58],"product_tag":[941,956,2832,957,942,951,5484,943,944,1669,958,947,948],"class_list":{"0":"post-39377","1":"product","2":"type-product","3":"status-publish","4":"has-post-thumbnail","6":"product_cat-events","7":"product_cat-gewandhaus","8":"product_cat-grosser-saal","9":"product_cat-kultur","10":"product_cat-leipzig","11":"product_cat-orte","12":"product_cat-tanz","13":"product_cat-ticket","14":"product_cat-veranstaltung","15":"product_tag-events","16":"product_tag-gewandhaus","17":"product_tag-gewandhaus-grosser-saal","18":"product_tag-grosser-saal","19":"product_tag-konzert","20":"product_tag-kultur","21":"product_tag-kyiv-classic-ballet","22":"product_tag-leipzig","23":"product_tag-orte","24":"product_tag-schwanensee","25":"product_tag-show","26":"product_tag-ticket","27":"product_tag-veranstaltung","28":"product_shipping_class-nur_paketversand","29":"pa_discount-ermaessigt","30":"pa_discount-normalpreis","31":"pa_discount-rentner","32":"pa_preiskategorie-pk-i","33":"pa_preiskategorie-pk-ii","34":"pa_preiskategorie-pk-iii","35":"pa_preiskategorie-pk-iv","36":"pa_preiskategorie-pk-v","38":"first","39":"instock","40":"taxable","41":"shipping-taxable","42":"purchasable","43":"product-type-variable"},"group_of_quantity":0,"min_quantity":0,"max_quantity":"","exclude_order_quantity_value_rules":"no","exclude_category_quantity_rules":"no","combine_variations":"no","acf":[],"_links":{"self":[{"href":"https:\/\/arena-ticket.com\/en\/wp-json\/wp\/v2\/product\/39377","targetHints":{"allow":["GET"]}}],"collection":[{"href":"https:\/\/arena-ticket.com\/en\/wp-json\/wp\/v2\/product"}],"about":[{"href":"https:\/\/arena-ticket.com\/en\/wp-json\/wp\/v2\/types\/product"}],"wp:featuredmedia":[{"embeddable":true,"href":"https:\/\/arena-ticket.com\/en\/wp-json\/wp\/v2\/media\/50934"}],"wp:attachment":[{"href":"https:\/\/arena-ticket.com\/en\/wp-json\/wp\/v2\/media?parent=39377"}],"wp:term":[{"taxonomy":"product_brand","embeddable":true,"href":"https:\/\/arena-ticket.com\/en\/wp-json\/wp\/v2\/product_brand?post=39377"},{"taxonomy":"product_cat","embeddable":true,"href":"https:\/\/arena-ticket.com\/en\/wp-json\/wp\/v2\/product_cat?post=39377"},{"taxonomy":"product_tag","embeddable":true,"href":"https:\/\/arena-ticket.com\/en\/wp-json\/wp\/v2\/product_tag?post=39377"}],"curies":[{"name":"wp","href":"https:\/\/api.w.org\/{rel}","templated":true}]}}