{"id":39382,"date":"2025-05-06T15:30:47","date_gmt":"2025-05-06T13:30:47","guid":{"rendered":"https:\/\/arena-ticket.com\/?p=39382&#038;post_type=product&#038;preview_id=39382"},"modified":"2025-05-27T12:56:41","modified_gmt":"2025-05-27T10:56:41","slug":"j-b-o-tour-of-the-rising-fun-20252026-steintor-variete-halle-saale-23-02-2026-2000-uhr","status":"publish","type":"product","link":"https:\/\/arena-ticket.com\/en\/product\/j-b-o-tour-of-the-rising-fun-20252026-steintor-variete-halle-saale-23-02-2026-2000-uhr\/","title":{"rendered":"J.B.O.  - Tour Of The Rising Fun 2025|2026"},"content":{"rendered":"<p>J.B.O. - Neues Album, Tourdaten, Halleluja!<\/p>\n<p>Die Welt spielt verr\u00fcckt - Alles ger\u00e4t aus den Fugen! Doch in schwierigen Zeiten kann man sich auf J.B.O. verlassen, die am 9.1.2026 mit der Ver\u00f6ffentlichung ihres 15. Studioalbums das \u201eHaus Of The Rising Fun\u201c er\u00f6ffnen werden und Euch damit Halt und Orientierung geben.<\/p>\n<p>Nachdem der Grundstein des \u201eHaus Of The Rising Fun\u201c bereits im Herbst 2023 gelegt wurde, es aber j\u00fcngst Probleme mit den Handwerkern und der Materialbeschaffung gab, ist die Band nun voller Zuversicht und verpasst mit Innenarchitekt Christoph Beyerlein dem Geb\u00e4ude den letzten Schliff - inklusive W\u00e4rme- und Bierpumpe und Wallbox of Death.<\/p>\n<p>Die \u201eTour Of The Rising Fun\u201c wird die Band gewohnt stilsicher durch die S\u00e4le der Republik f\u00fchren und eine Oase der Vernunft und R\u00fcckbesinnung auf die wahren Werte unseres Volkes bieten. Mit im Gep\u00e4ck nat\u00fcrlich viele Klassiker, die das Herz erfreuen und die Kehle zum Singen anregen!<\/p>\n<p>Denn wer den Spa\u00df hat, der hat die Macht!<\/p>","protected":false},"excerpt":{"rendered":"<p>J.B.O. bleibt verl\u00e4sslich! Ihr 15. Album Haus Of The Rising Fun ist fertig. Trotz Bauverzug erh\u00e4lt es den letzten Schliff. Die Tour bringt Spa\u00df &amp; Klassiker. Wer Spa\u00df hat, hat die Macht!<\/p>","protected":false},"featured_media":39385,"template":"","meta":{"_acf_changed":false,"inline_featured_image":false},"product_brand":[],"product_cat":[31,102,69,6736,35,496,21,58],"product_tag":[941,999,2649,942,944,2788,947,5485,948],"class_list":{"0":"post-39382","1":"product","2":"type-product","3":"status-publish","4":"has-post-thumbnail","6":"product_cat-events","7":"product_cat-halle","8":"product_cat-konzert","9":"product_cat-metal-metalcore","10":"product_cat-orte","11":"product_cat-steintor-variete","12":"product_cat-ticket","13":"product_cat-veranstaltung","14":"product_tag-events","15":"product_tag-halle","16":"product_tag-j-b-o","17":"product_tag-konzert","18":"product_tag-orte","19":"product_tag-steintor-variete","20":"product_tag-ticket","21":"product_tag-tour-of-the-rising-fun-20252026","22":"product_tag-veranstaltung","23":"product_shipping_class-nur_paketversand","24":"pa_discount-ermaessigt","25":"pa_discount-normalpreis","26":"pa_preiskategorie-freie-platzwahl","27":"pa_preiskategorie-stehplatz","29":"first","30":"instock","31":"taxable","32":"shipping-taxable","33":"purchasable","34":"product-type-variable","35":"has-default-attributes"},"group_of_quantity":0,"min_quantity":0,"max_quantity":"","exclude_order_quantity_value_rules":"no","exclude_category_quantity_rules":"no","combine_variations":"no","acf":[],"_links":{"self":[{"href":"https:\/\/arena-ticket.com\/en\/wp-json\/wp\/v2\/product\/39382","targetHints":{"allow":["GET"]}}],"collection":[{"href":"https:\/\/arena-ticket.com\/en\/wp-json\/wp\/v2\/product"}],"about":[{"href":"https:\/\/arena-ticket.com\/en\/wp-json\/wp\/v2\/types\/product"}],"wp:featuredmedia":[{"embeddable":true,"href":"https:\/\/arena-ticket.com\/en\/wp-json\/wp\/v2\/media\/39385"}],"wp:attachment":[{"href":"https:\/\/arena-ticket.com\/en\/wp-json\/wp\/v2\/media?parent=39382"}],"wp:term":[{"taxonomy":"product_brand","embeddable":true,"href":"https:\/\/arena-ticket.com\/en\/wp-json\/wp\/v2\/product_brand?post=39382"},{"taxonomy":"product_cat","embeddable":true,"href":"https:\/\/arena-ticket.com\/en\/wp-json\/wp\/v2\/product_cat?post=39382"},{"taxonomy":"product_tag","embeddable":true,"href":"https:\/\/arena-ticket.com\/en\/wp-json\/wp\/v2\/product_tag?post=39382"}],"curies":[{"name":"wp","href":"https:\/\/api.w.org\/{rel}","templated":true}]}}