{"id":39398,"date":"2025-05-06T15:48:03","date_gmt":"2025-05-06T13:48:03","guid":{"rendered":"https:\/\/arena-ticket.com\/?p=39398&#038;post_type=product&#038;preview_id=39398"},"modified":"2025-12-16T15:51:47","modified_gmt":"2025-12-16T14:51:47","slug":"yesterday-a-tribute-to-the-beatles-gewandhaus-zu-leipzig-mendelssohn-saal-23-01-2026-2000-uhr","status":"publish","type":"product","link":"https:\/\/arena-ticket.com\/en\/product\/yesterday-a-tribute-to-the-beatles-gewandhaus-zu-leipzig-mendelssohn-saal-23-01-2026-2000-uhr\/","title":{"rendered":"Yesterday - a Tribute to the Beatles"},"content":{"rendered":"<p>Yesterday \u2013 A TRIBUTE TO THE BEATLES<br \/>\nperformed by the London West End Beatles<\/p>\n<p>Keine Band hat die Musikwelt so nachhaltig gepr\u00e4gt wie die Beatles. Ihre Popularit\u00e4t ist seit \u00fcber 50 Jahren ungebrochen. Die Show YESTERDAY - A TRIBUTE TO THE BEATLES bringt die \u201evier Liverpooler\u201c endlich zur\u00fcck auf die B\u00fchne. Vier erstklassige Musiker aus Gro\u00dfbritannien, Frankreich und Deutschland verk\u00f6rpern John Lennon, Paul McCartney, George Harrison und Ringo Starr so authentisch, dass man sich in einem Konzert der wahren Beatles glaubt. Sie erobern die Herzen der Fans in einem emotional packenden, mitrei\u00dfenden Fest der Freude. Mit Songs wie \u201eLet it be\u201c, \u201eHelp\u201c, \u201ePenny Lane\u201c oder \u201eHey Jude\u201c drehen sie m\u00fchelos die Zeit zur\u00fcck. Wenn tausend Zuh\u00f6rer ihr \u201eYeah, yeah, yeah\u201c erwidern, ist der Zeitgeist der sechziger Jahre wach, dann liegt ein Hauch von Musik-Revolution in der Luft.<\/p>\n<p>Changing costumes from the Beatles era, world-famous songs on authentic instruments, deceptively real voices \u2013 YESTERDAY offers the audience all this in a concert experience lasting over two hours.<\/p>","protected":false},"excerpt":{"rendered":"<p>Eine Show bringt die Beatles auf die B\u00fchne zur\u00fcck!<\/p>","protected":false},"featured_media":49965,"template":"","meta":{"_acf_changed":false,"inline_featured_image":false},"product_brand":[],"product_cat":[31,345,86,931,64,35,6730,21,58],"product_tag":[5487,941,956,3020,942,943,3397,944,958,947,948,5486],"class_list":{"0":"post-39398","1":"product","2":"type-product","3":"status-publish","4":"has-post-thumbnail","6":"product_cat-events","7":"product_cat-gewandhaus","8":"product_cat-leipzig","9":"product_cat-mendelssohn-saal","10":"product_cat-musical-show","11":"product_cat-orte","12":"product_cat-show","13":"product_cat-ticket","14":"product_cat-veranstaltung","15":"product_tag-a-tribute-to-the-beatles","16":"product_tag-events","17":"product_tag-gewandhaus","18":"product_tag-gewandhaus-mendelssohn-saal","19":"product_tag-konzert","20":"product_tag-leipzig","21":"product_tag-mendelssohn-saal","22":"product_tag-orte","23":"product_tag-show","24":"product_tag-ticket","25":"product_tag-veranstaltung","26":"product_tag-yesterday","27":"product_shipping_class-nur_paketversand","28":"pa_discount-ermaessigt","29":"pa_discount-normalpreis","30":"pa_preiskategorie-pk-i","31":"pa_preiskategorie-pk-ii","32":"pa_preiskategorie-pk-iii","34":"first","35":"outofstock","36":"taxable","37":"shipping-taxable","38":"purchasable","39":"product-type-variable"},"group_of_quantity":0,"min_quantity":0,"max_quantity":"","exclude_order_quantity_value_rules":"no","exclude_category_quantity_rules":"no","combine_variations":"no","acf":[],"_links":{"self":[{"href":"https:\/\/arena-ticket.com\/en\/wp-json\/wp\/v2\/product\/39398","targetHints":{"allow":["GET"]}}],"collection":[{"href":"https:\/\/arena-ticket.com\/en\/wp-json\/wp\/v2\/product"}],"about":[{"href":"https:\/\/arena-ticket.com\/en\/wp-json\/wp\/v2\/types\/product"}],"wp:featuredmedia":[{"embeddable":true,"href":"https:\/\/arena-ticket.com\/en\/wp-json\/wp\/v2\/media\/49965"}],"wp:attachment":[{"href":"https:\/\/arena-ticket.com\/en\/wp-json\/wp\/v2\/media?parent=39398"}],"wp:term":[{"taxonomy":"product_brand","embeddable":true,"href":"https:\/\/arena-ticket.com\/en\/wp-json\/wp\/v2\/product_brand?post=39398"},{"taxonomy":"product_cat","embeddable":true,"href":"https:\/\/arena-ticket.com\/en\/wp-json\/wp\/v2\/product_cat?post=39398"},{"taxonomy":"product_tag","embeddable":true,"href":"https:\/\/arena-ticket.com\/en\/wp-json\/wp\/v2\/product_tag?post=39398"}],"curies":[{"name":"wp","href":"https:\/\/api.w.org\/{rel}","templated":true}]}}