{"id":39402,"date":"2025-05-06T15:52:51","date_gmt":"2025-05-06T13:52:51","guid":{"rendered":"https:\/\/arena-ticket.com\/?p=39402&#038;post_type=product&#038;preview_id=39402"},"modified":"2025-05-21T11:54:23","modified_gmt":"2025-05-21T09:54:23","slug":"lafee-schatten-licht-tour-2025-leipzig-felsenkeller-07-11-2025-2000-uhr","status":"publish","type":"product","link":"https:\/\/arena-ticket.com\/en\/product\/lafee-schatten-licht-tour-2025-leipzig-felsenkeller-07-11-2025-2000-uhr\/","title":{"rendered":"LaFee  - Schatten &amp; Licht Tour 2025"},"content":{"rendered":"<p style=\"font-weight: 400\">Ehrliche Musik, authentische Texte \u2013 wenn Fans und K\u00fcnstler:innen sich auf Augenh\u00f6he begegnen, entsteht echte Magie. Genau das macht LaFee seit Jahren aus.<\/p>\n<p style=\"font-weight: 400\">Die deutsch-griechische S\u00e4ngerin und Songwriterin hat l\u00e4ngst Kultstatus erreicht. Mit ihrem Deb\u00fctalbum LaFee (2006) landete sie direkt auf Platz 1 der \u00f6sterreichischen Charts und holte Gold in Deutschland. Ein Jahr sp\u00e4ter legte sie mit Jetzt erst recht nach \u2013 ein weiteres Nummer-1-Album, diesmal sogar mit Platin ausgezeichnet. Ihre energiegeladenen Live-Shows und eine treue Fanbase machten sie zu einer der erfolgreichsten K\u00fcnstlerinnen der 2000er-Jahre.<\/p>\n<p style=\"font-weight: 400\"><b><strong>Neue Musik, neue Power<\/strong><\/b><\/p>\n<p style=\"font-weight: 400\">Nach f\u00fcnf Studioalben und \u00fcber einer Million verkaufter Tontr\u00e4ger meldet sich LaFee mit frischem Sound zur\u00fcck. W\u00e4hrend sie 2023 und 2024 ihre Familie in den Fokus stellte, arbeitete sie gleichzeitig an neuer Musik \u2013 mit einem klaren Ziel: ehrlich, kraftvoll, zeitgem\u00e4\u00df. Das kommende Album verbindet starke Beats, fette Gitarren und tiefgehende Texte \u00fcber die Herausforderungen unserer Zeit.<\/p>","protected":false},"excerpt":{"rendered":"<p><strong>\u201eLaFee \u2013 Die Kriegerin ist zur\u00fcck!<\/strong><\/p>","protected":false},"featured_media":39405,"template":"","meta":{"_acf_changed":false,"inline_featured_image":false},"product_brand":[],"product_cat":[31,348,69,86,35,6733,21,58],"product_tag":[941,1476,942,5488,943,944,5489,947,948],"class_list":{"0":"post-39402","1":"product","2":"type-product","3":"status-publish","4":"has-post-thumbnail","6":"product_cat-events","7":"product_cat-felsenkeller","8":"product_cat-konzert","9":"product_cat-leipzig","10":"product_cat-orte","11":"product_cat-pop","12":"product_cat-ticket","13":"product_cat-veranstaltung","14":"product_tag-events","15":"product_tag-felsenkeller","16":"product_tag-konzert","17":"product_tag-lafee","18":"product_tag-leipzig","19":"product_tag-orte","20":"product_tag-schatten-licht-tour-2025","21":"product_tag-ticket","22":"product_tag-veranstaltung","23":"product_shipping_class-nur_paketversand","24":"pa_discount-normalpreis","25":"pa_preiskategorie-stehplatz","27":"first","28":"instock","29":"taxable","30":"shipping-taxable","31":"purchasable","32":"product-type-variable","33":"has-default-attributes"},"group_of_quantity":0,"min_quantity":0,"max_quantity":"","exclude_order_quantity_value_rules":"no","exclude_category_quantity_rules":"no","combine_variations":"no","acf":[],"_links":{"self":[{"href":"https:\/\/arena-ticket.com\/en\/wp-json\/wp\/v2\/product\/39402","targetHints":{"allow":["GET"]}}],"collection":[{"href":"https:\/\/arena-ticket.com\/en\/wp-json\/wp\/v2\/product"}],"about":[{"href":"https:\/\/arena-ticket.com\/en\/wp-json\/wp\/v2\/types\/product"}],"wp:featuredmedia":[{"embeddable":true,"href":"https:\/\/arena-ticket.com\/en\/wp-json\/wp\/v2\/media\/39405"}],"wp:attachment":[{"href":"https:\/\/arena-ticket.com\/en\/wp-json\/wp\/v2\/media?parent=39402"}],"wp:term":[{"taxonomy":"product_brand","embeddable":true,"href":"https:\/\/arena-ticket.com\/en\/wp-json\/wp\/v2\/product_brand?post=39402"},{"taxonomy":"product_cat","embeddable":true,"href":"https:\/\/arena-ticket.com\/en\/wp-json\/wp\/v2\/product_cat?post=39402"},{"taxonomy":"product_tag","embeddable":true,"href":"https:\/\/arena-ticket.com\/en\/wp-json\/wp\/v2\/product_tag?post=39402"}],"curies":[{"name":"wp","href":"https:\/\/api.w.org\/{rel}","templated":true}]}}