{"id":39406,"date":"2025-05-06T15:57:10","date_gmt":"2025-05-06T13:57:10","guid":{"rendered":"https:\/\/arena-ticket.com\/?p=39406&#038;post_type=product&#038;preview_id=39406"},"modified":"2025-05-15T10:30:31","modified_gmt":"2025-05-15T08:30:31","slug":"frontm3n-now-and-th3n-tour-2025-26-steintor-variete-halle-saale-06-02-2026-2000-uhr","status":"publish","type":"product","link":"https:\/\/arena-ticket.com\/en\/product\/frontm3n-now-and-th3n-tour-2025-26-steintor-variete-halle-saale-06-02-2026-2000-uhr\/","title":{"rendered":"FRONTM3N - NOW AND TH3N - Tour 2025\/26"},"content":{"rendered":"<p>Pete Lincoln, Mick Wilson und Peter Howarth sind FRONTM3N! Bekannt wurden die drei fabelhaften S\u00e4nger unter anderem als S\u00e4nger der Hollies, 10cc, Sweet, Sailor oder Smokie.<\/p>\n<p>Ende 2015 gegr\u00fcndet folgte im Januar 2026 die ersten gemeinsamen Konzerte als FRONTM3N in Deutschland. Und genau 10 Jahre sp\u00e4ter kehren die drei charmanten Engl\u00e4nder im Rahmen ihrer Jubil\u00e4umstour \u201eNow And Th3n\u201c dort hin zur\u00fcck wo alles begann. Neben Krefeld und Berlin ist die Band nat\u00fcrlich in vielen weiteren St\u00e4dten zu Gast.<\/p>\n<p>F\u00fcr Frontm3n, die wegen ihres fantastischen Harmoniegesangs und ihrer Ohrwurm-Melodien l\u00e4ngst als die \u201ebritischen Eagles\u201c gelten, wird ihre Jubil\u00e4umstour wird leider zugleich auch die letzte l\u00e4ngere, gr\u00f6\u00dfere Tour der Band in Deutschland sein!<\/p>\n<p>\u201eAn Exclusive Acoustic Night\u201c, vollgepackt mit Hits und eigenen Songs die jeder kennt und jeder liebt, neu und auf frische, akustische Art interpretiert, erleben die Fans und Zuschauer live auf der gro\u00dfen Tour zum 10-j\u00e4hrigen Bandjubil\u00e4um. Jeder Song mit seiner eigenen Geschichte aus der musikalischen Reise der drei Musiker. Sicherlich werden auch einige \u00dcberraschungen im Programm sein. Gemeinsam feiern die drei Ausnahmemusiker nun zusammen mit ihren Fans zehn Jahre Frontm3n !<\/p>\n<p>Genie\u00dfen Sie ein \u201eUnplugged\u201c \u2013 Konzert der Extraklasse und lassen Sie sich diese \u201eExclusive Acoustic Night\u201c nicht entgehen.<\/p>","protected":false},"excerpt":{"rendered":"<p>Pete Lincoln, Mick Wilson und Peter Howarth sind FRONTM3N! Gemeinsam gehen sie auf Tour zum 10-j\u00e4hrigen Jubil\u00e4um.<\/p>","protected":false},"featured_media":39410,"template":"","meta":{"_acf_changed":false,"inline_featured_image":false},"product_brand":[],"product_cat":[31,102,69,35,6749,496,21,58],"product_tag":[941,5490,999,942,951,944,958,2788,947,5491,948],"class_list":{"0":"post-39406","1":"product","2":"type-product","3":"status-publish","4":"has-post-thumbnail","6":"product_cat-events","7":"product_cat-halle","8":"product_cat-konzert","9":"product_cat-orte","10":"product_cat-sonstiges_konzert","11":"product_cat-steintor-variete","12":"product_cat-ticket","13":"product_cat-veranstaltung","14":"product_tag-events","15":"product_tag-frontm3n-now-and-th3n","16":"product_tag-halle","17":"product_tag-konzert","18":"product_tag-kultur","19":"product_tag-orte","20":"product_tag-show","21":"product_tag-steintor-variete","22":"product_tag-ticket","23":"product_tag-tour-2025-26","24":"product_tag-veranstaltung","25":"product_shipping_class-nur_paketversand","26":"pa_discount-ermaessigt","27":"pa_discount-normalpreis","28":"pa_preiskategorie-pk-i","29":"pa_preiskategorie-pk-ii","30":"pa_preiskategorie-pk-iii","32":"first","33":"instock","34":"taxable","35":"shipping-taxable","36":"purchasable","37":"product-type-variable","38":"has-default-attributes"},"group_of_quantity":0,"min_quantity":0,"max_quantity":"","exclude_order_quantity_value_rules":"no","exclude_category_quantity_rules":"no","combine_variations":"no","acf":[],"_links":{"self":[{"href":"https:\/\/arena-ticket.com\/en\/wp-json\/wp\/v2\/product\/39406","targetHints":{"allow":["GET"]}}],"collection":[{"href":"https:\/\/arena-ticket.com\/en\/wp-json\/wp\/v2\/product"}],"about":[{"href":"https:\/\/arena-ticket.com\/en\/wp-json\/wp\/v2\/types\/product"}],"wp:featuredmedia":[{"embeddable":true,"href":"https:\/\/arena-ticket.com\/en\/wp-json\/wp\/v2\/media\/39410"}],"wp:attachment":[{"href":"https:\/\/arena-ticket.com\/en\/wp-json\/wp\/v2\/media?parent=39406"}],"wp:term":[{"taxonomy":"product_brand","embeddable":true,"href":"https:\/\/arena-ticket.com\/en\/wp-json\/wp\/v2\/product_brand?post=39406"},{"taxonomy":"product_cat","embeddable":true,"href":"https:\/\/arena-ticket.com\/en\/wp-json\/wp\/v2\/product_cat?post=39406"},{"taxonomy":"product_tag","embeddable":true,"href":"https:\/\/arena-ticket.com\/en\/wp-json\/wp\/v2\/product_tag?post=39406"}],"curies":[{"name":"wp","href":"https:\/\/api.w.org\/{rel}","templated":true}]}}