{"id":39411,"date":"2025-05-06T16:07:36","date_gmt":"2025-05-06T14:07:36","guid":{"rendered":"https:\/\/arena-ticket.com\/?p=39411&#038;post_type=product&#038;preview_id=39411"},"modified":"2025-10-16T12:07:25","modified_gmt":"2025-10-16T10:07:25","slug":"maschine-lieder-mit-klassischen-saiten-und-streichquintett-steintor-variete-halle-saale-17-01-2026-1930-uhr","status":"publish","type":"product","link":"https:\/\/arena-ticket.com\/en\/product\/maschine-lieder-mit-klassischen-saiten-und-streichquintett-steintor-variete-halle-saale-17-01-2026-1930-uhr\/","title":{"rendered":"Maschine  - Lieder mit klassischen Saiten und Streichquintett"},"content":{"rendered":"<p>Dieter \u201eMaschine\u201c Birr, von 1969 bis 2016 Kopf und Herz der Puhdys, blickt auf bald sechs Dekaden Erfolgsgeschichte zur\u00fcck, in der mehr als 22 Millionen Tontr\u00e4ger \u00fcber die Verkaufstische gereicht, fast 5.000 Konzerte in 21 L\u00e4ndern gespielt und an die 500 Songs geschrieben wurden. F\u00fcr den jahrzehntelangen Erfolg gibt es sicher etliche Gr\u00fcnde. Die Leidenschaft, das musikalische Handwerk, die F\u00e4higkeit, unwiderstehliche Lieder zu komponieren und glaubw\u00fcrdige Texte zu schreiben, die selten gewordene Authentizit\u00e4t und Nahbarkeit, das Agieren mit dem Publikum auf Augenh\u00f6he uvm. Und ganz sicher auch, dass Maschine sich nie auf dem Erreichten ausruhte und stets weitere Dinge ausprobierte, ohne dabei die Wurzeln zu leugnen. Das gilt auch weiterhin. Und so sch\u00fcttelt Maschine die n\u00e4chste \u00dcberraschung aus dem \u00c4rmel: Maschine tourt fortan auch mit einem Streichquintett. Wenn schon so viele seiner Lieder als Klassiker gelten, kann man sie ja auch mal klassisch darbieten. Im Ernst: Viele seiner Songs \u2013 ob viele seiner Hits, ob pers\u00f6nliche Lieblingslieder \u2013 eignen sich hervorragend f\u00fcr ein Klassikgewand, sie \u00fcberraschen in der Herangehensweise und entfalten in den Arrangements einen ganz besonderen Zauber. Einen kompletten Abend lang werden die Grenzen zwischen U- und E-Musik flie\u00dfend sowie dem letzten Zweifler klar gemacht, welch Zugewinn durch Geige, Cello, Bratsche und Kontrabass entstehen kann.<\/p>","protected":false},"excerpt":{"rendered":"<p>Get your tickets here now!<\/p>","protected":false},"featured_media":51845,"template":"","meta":{"_acf_changed":false,"inline_featured_image":false},"product_brand":[],"product_cat":[31,102,69,35,6746,496,21,58],"product_tag":[941,999,942,5492,2148,944,2788,947,948],"class_list":{"0":"post-39411","1":"product","2":"type-product","3":"status-publish","4":"has-post-thumbnail","6":"product_cat-events","7":"product_cat-halle","8":"product_cat-konzert","9":"product_cat-orte","10":"product_cat-singer-songwriter","11":"product_cat-steintor-variete","12":"product_cat-ticket","13":"product_cat-veranstaltung","14":"product_tag-events","15":"product_tag-halle","16":"product_tag-konzert","17":"product_tag-lieder-mit-klassischen-saiten-und-streichquintett","18":"product_tag-maschine","19":"product_tag-orte","20":"product_tag-steintor-variete","21":"product_tag-ticket","22":"product_tag-veranstaltung","23":"product_shipping_class-nur_paketversand","24":"pa_discount-ermaessigt","25":"pa_discount-normalpreis","26":"pa_preiskategorie-pk-i","27":"pa_preiskategorie-pk-ii","28":"pa_preiskategorie-pk-iii","29":"pa_preiskategorie-pk-iv","31":"first","32":"instock","33":"taxable","34":"shipping-taxable","35":"purchasable","36":"product-type-variable","37":"has-default-attributes"},"group_of_quantity":0,"min_quantity":0,"max_quantity":"","exclude_order_quantity_value_rules":"no","exclude_category_quantity_rules":"no","combine_variations":"no","acf":[],"_links":{"self":[{"href":"https:\/\/arena-ticket.com\/en\/wp-json\/wp\/v2\/product\/39411","targetHints":{"allow":["GET"]}}],"collection":[{"href":"https:\/\/arena-ticket.com\/en\/wp-json\/wp\/v2\/product"}],"about":[{"href":"https:\/\/arena-ticket.com\/en\/wp-json\/wp\/v2\/types\/product"}],"wp:featuredmedia":[{"embeddable":true,"href":"https:\/\/arena-ticket.com\/en\/wp-json\/wp\/v2\/media\/51845"}],"wp:attachment":[{"href":"https:\/\/arena-ticket.com\/en\/wp-json\/wp\/v2\/media?parent=39411"}],"wp:term":[{"taxonomy":"product_brand","embeddable":true,"href":"https:\/\/arena-ticket.com\/en\/wp-json\/wp\/v2\/product_brand?post=39411"},{"taxonomy":"product_cat","embeddable":true,"href":"https:\/\/arena-ticket.com\/en\/wp-json\/wp\/v2\/product_cat?post=39411"},{"taxonomy":"product_tag","embeddable":true,"href":"https:\/\/arena-ticket.com\/en\/wp-json\/wp\/v2\/product_tag?post=39411"}],"curies":[{"name":"wp","href":"https:\/\/api.w.org\/{rel}","templated":true}]}}