{"id":39424,"date":"2025-05-06T18:29:19","date_gmt":"2025-05-06T16:29:19","guid":{"rendered":"https:\/\/arena-ticket.com\/?p=39424&#038;post_type=product&#038;preview_id=39424"},"modified":"2026-01-13T13:37:47","modified_gmt":"2026-01-13T12:37:47","slug":"night-of-the-jumps-freestyle-mx-world-tour-championship-dresden-rudolf-harbig-stadion-14-06-2025-1500-uhr","status":"publish","type":"product","link":"https:\/\/arena-ticket.com\/en\/product\/night-of-the-jumps-freestyle-mx-world-tour-championship-dresden-rudolf-harbig-stadion-14-06-2025-1500-uhr\/","title":{"rendered":"NIGHT of the JUMPs  - Freestyle MX World Tour Championship"},"content":{"rendered":"<p><em>Please note the following note\u00a0<b>the organizer<\/b>:<\/em><br \/>\n<em>Kinder unter 2 Jahren erhalten keinen Zutritt zu dieser Veranstaltung.<\/em><\/p>\n<p><em>Children and young people under 16 years of age are only allowed entry if accompanied by an adult <\/em><\/p>\n<p><em>person responsible for their upbringing or custody.<\/em><\/p>\n<p><em>Jugendlichen im Alter von 16 bis 18 Jahren ohne vollj\u00e4hrige Begleitung, wird die Anwesenheit bis\u00a024 Uhr gestattet.\u00a0\u00a0<\/em><\/p>\n<p>&nbsp;<\/p>\n<p><strong>\u00a0<\/strong><\/p>\n<p>Die weltweit gr\u00f6\u00dfte und erfolgreichste Freestyle Motocross Serie hat sich neu erfunden und bietet ab 2025 ein v\u00f6llig neuartiges Event-Format, das Fans und Medien gleicherma\u00dfen in Staunen versetzen wird. Am 22. November 2024 startet der allgemeine Ticketverkauf f\u00fcr die spektakul\u00e4re 25-j\u00e4hrige Jubil\u00e4umstour der NIGHT of the JUMPs!<\/p>\n<p>Neben den hochkar\u00e4tigen Wettk\u00e4mpfen im Freestyle Motocross (FMX) erwartet die Zuschauer erstmals auch atemberaubende Competitions im Mountainbike (MTB) und im Freestyle Trampolin. F\u00fcr die Athleten stehen bis zu acht Rampen und zwei olympische Trampoline sowie ein \u00fcber 10 m hoher Start-Tower f\u00fcr MTB bereit \u2013 die perfekte Grundlage f\u00fcr ein unvergessliches Spektakel. Damit setzt die NIGHT of the JUMPs wiederum Ma\u00dfst\u00e4be im internationalen Actionsport.<\/p>","protected":false},"excerpt":{"rendered":"<p>Secure your tickets!<\/p>","protected":false},"featured_media":63275,"template":"","meta":{"_acf_changed":false,"inline_featured_image":false},"product_brand":[],"product_cat":[87,31,6760,35,484,32,21,58],"product_tag":[940,941,5494,6776,5493,944,5018,5642,947,948],"class_list":{"0":"post-39424","1":"product","2":"type-product","3":"status-publish","4":"has-post-thumbnail","6":"product_cat-dresden","7":"product_cat-events","8":"product_cat-motorsport","9":"product_cat-orte","10":"product_cat-rudolf-harbig-stadion","11":"product_cat-sport","12":"product_cat-ticket","13":"product_cat-veranstaltung","14":"product_tag-dresden","15":"product_tag-events","16":"product_tag-freestyle-mx-world-tour-championship","17":"product_tag-motorsport","18":"product_tag-night-of-the-jumps","19":"product_tag-orte","20":"product_tag-rudolf-harbig-stadion","21":"product_tag-sport","22":"product_tag-ticket","23":"product_tag-veranstaltung","24":"product_shipping_class-nur_paketversand","25":"pa_discount-kind","26":"pa_discount-normalpreis","27":"pa_preiskategorie-early-entry-stehplatz","28":"pa_preiskategorie-front-of-stage-stehplatz","29":"pa_preiskategorie-pk-i","30":"pa_preiskategorie-pk-ii","31":"pa_preiskategorie-pk-iii","32":"pa_preiskategorie-pk-iv","33":"pa_preiskategorie-pk5-stehplatz","34":"pa_preiskategorie-stehplatz","35":"pa_preiskategorie-stehplatz-silber","37":"first","38":"instock","39":"taxable","40":"shipping-taxable","41":"purchasable","42":"product-type-variable"},"group_of_quantity":0,"min_quantity":0,"max_quantity":"","exclude_order_quantity_value_rules":"no","exclude_category_quantity_rules":"no","combine_variations":"no","acf":[],"_links":{"self":[{"href":"https:\/\/arena-ticket.com\/en\/wp-json\/wp\/v2\/product\/39424","targetHints":{"allow":["GET"]}}],"collection":[{"href":"https:\/\/arena-ticket.com\/en\/wp-json\/wp\/v2\/product"}],"about":[{"href":"https:\/\/arena-ticket.com\/en\/wp-json\/wp\/v2\/types\/product"}],"wp:featuredmedia":[{"embeddable":true,"href":"https:\/\/arena-ticket.com\/en\/wp-json\/wp\/v2\/media\/63275"}],"wp:attachment":[{"href":"https:\/\/arena-ticket.com\/en\/wp-json\/wp\/v2\/media?parent=39424"}],"wp:term":[{"taxonomy":"product_brand","embeddable":true,"href":"https:\/\/arena-ticket.com\/en\/wp-json\/wp\/v2\/product_brand?post=39424"},{"taxonomy":"product_cat","embeddable":true,"href":"https:\/\/arena-ticket.com\/en\/wp-json\/wp\/v2\/product_cat?post=39424"},{"taxonomy":"product_tag","embeddable":true,"href":"https:\/\/arena-ticket.com\/en\/wp-json\/wp\/v2\/product_tag?post=39424"}],"curies":[{"name":"wp","href":"https:\/\/api.w.org\/{rel}","templated":true}]}}