{"id":39450,"date":"2025-05-07T10:29:37","date_gmt":"2025-05-07T08:29:37","guid":{"rendered":"https:\/\/arena-ticket.com\/?p=39450&#038;post_type=product&#038;preview_id=39450"},"modified":"2025-10-16T12:38:56","modified_gmt":"2025-10-16T10:38:56","slug":"anne-will-politik-mit-anne-will-podcast-live-2025-leipzig-haus-auensee-12-11-2025-2000-uhr","status":"publish","type":"product","link":"https:\/\/arena-ticket.com\/en\/product\/anne-will-politik-mit-anne-will-podcast-live-2025-leipzig-haus-auensee-12-11-2025-2000-uhr\/","title":{"rendered":"Anne Will - Politik mit Anne Will - Podcast Live 2025"},"content":{"rendered":"<h1 class=\"stage-headline\">Anne Will z\u00e4hlt zu den renommiertesten Journalistinnen Deutschlands. 16 Jahre lang moderierte sie die wichtigste politische Talkshow im deutschen Fernsehen. 2024 tauschte sie das gro\u00dfe Fernsehstudio gegen das leisere Podcast-Studio. Die Vorteile, die das f\u00fcr politischen Journalismus bringt, hat sie sofort lieben gelernt: Mehr Gespr\u00e4chszeit, mehr Ruhe, mehr Vertiefung. Jede Woche gibt es \u201ePolitik mit Anne Will\u201d, immer donnerstags und samstags \u00fcberall, wo es Podcasts gibt. Tiefgehende, ausgeruhte Analysen und Interviews mit denen, die (Gestaltungs-)Macht haben. Ein Format, das Journalismus ernst nimmt und Politik gut erkl\u00e4rt. Jetzt endlich auch live auf der B\u00fchne!<\/h1>","protected":false},"excerpt":{"rendered":"<p>Get your tickets here now!<\/p>","protected":false},"featured_media":51875,"template":"","meta":{"_acf_changed":false,"inline_featured_image":false},"product_brand":[],"product_cat":[31,344,922,86,6764,35,21,58],"product_tag":[5496,941,962,951,943,944,5497,947,948],"class_list":{"0":"post-39450","1":"product","2":"type-product","3":"status-publish","4":"has-post-thumbnail","6":"product_cat-events","7":"product_cat-haus-auensee","8":"product_cat-kultur","9":"product_cat-leipzig","10":"product_cat-lesung","11":"product_cat-orte","12":"product_cat-ticket","13":"product_cat-veranstaltung","14":"product_tag-anne-will-politik-mit-anne-will","15":"product_tag-events","16":"product_tag-haus-auensee","17":"product_tag-kultur","18":"product_tag-leipzig","19":"product_tag-orte","20":"product_tag-podcast-live-2025","21":"product_tag-ticket","22":"product_tag-veranstaltung","23":"product_shipping_class-nur_paketversand","24":"pa_discount-inklusive-begleitperson","25":"pa_discount-kind","26":"pa_discount-normalpreis","27":"pa_preiskategorie-freie-platzwahl","29":"first","30":"outofstock","31":"taxable","32":"shipping-taxable","33":"purchasable","34":"product-type-variable","35":"has-default-attributes"},"group_of_quantity":0,"min_quantity":0,"max_quantity":"","exclude_order_quantity_value_rules":"no","exclude_category_quantity_rules":"no","combine_variations":"no","acf":[],"_links":{"self":[{"href":"https:\/\/arena-ticket.com\/en\/wp-json\/wp\/v2\/product\/39450","targetHints":{"allow":["GET"]}}],"collection":[{"href":"https:\/\/arena-ticket.com\/en\/wp-json\/wp\/v2\/product"}],"about":[{"href":"https:\/\/arena-ticket.com\/en\/wp-json\/wp\/v2\/types\/product"}],"wp:featuredmedia":[{"embeddable":true,"href":"https:\/\/arena-ticket.com\/en\/wp-json\/wp\/v2\/media\/51875"}],"wp:attachment":[{"href":"https:\/\/arena-ticket.com\/en\/wp-json\/wp\/v2\/media?parent=39450"}],"wp:term":[{"taxonomy":"product_brand","embeddable":true,"href":"https:\/\/arena-ticket.com\/en\/wp-json\/wp\/v2\/product_brand?post=39450"},{"taxonomy":"product_cat","embeddable":true,"href":"https:\/\/arena-ticket.com\/en\/wp-json\/wp\/v2\/product_cat?post=39450"},{"taxonomy":"product_tag","embeddable":true,"href":"https:\/\/arena-ticket.com\/en\/wp-json\/wp\/v2\/product_tag?post=39450"}],"curies":[{"name":"wp","href":"https:\/\/api.w.org\/{rel}","templated":true}]}}