{"id":39456,"date":"2025-05-07T10:51:53","date_gmt":"2025-05-07T08:51:53","guid":{"rendered":"https:\/\/arena-ticket.com\/?p=39456&#038;post_type=product&#038;preview_id=39456"},"modified":"2025-05-20T17:09:43","modified_gmt":"2025-05-20T15:09:43","slug":"erdbeerkaese-der-trashtv-podcast-leipzig-kupfersaal-02-09-2025-2000-uhr","status":"publish","type":"product","link":"https:\/\/arena-ticket.com\/en\/product\/erdbeerkaese-der-trashtv-podcast-leipzig-kupfersaal-02-09-2025-2000-uhr\/","title":{"rendered":"Erdbeerk\u00e4se - Der TrashTV Podcast"},"content":{"rendered":"<p>Nach dem Riesenerfolg ihrer Tour 2024 lassen sich die TrashTV-Liebhaber vom Erdbeerk\u00e4se Podcast nicht lumpen und setzen 2025 noch einen drauf: \"Strawberry Cheese Forever Ever \u2013 EUROPA TOUR 2025\" hei\u00dft das glanzvolle Spektakel, das die drei Trashologen Tim, Colin und Mark \u2013 allesamt Gesichter der Hamburger Rocket Beans -endlich auch auf internationalen Boden f\u00fchrt. Mit Wien steht dieses Mal n\u00e4mlich eine nicht-deutsche Stadt auf dem Tourplan. Damit erf\u00fcllt sich der Traum von \u201eEuropa\u201c (oder zumindest von einem Hauch davon).<br \/>\nWer 2024 dabei war, wei\u00df, was auf ihn zukommt \u2013 und wer es verpasst hat, sollte sich schleunigst Karten sichern. Mit Scharfsinn und Schm\u00e4h sezieren die Hosts alles, was der TrashTV-Kosmos hergibt. Aber das ist noch nicht alles:<br \/>\n- TrashTV-Tiefsinn: Von \u201eReality-Helden\u201c bis \u201eScripted-Desaster\u201c \u2013 hier bleibt kein Thema unangetastet.<br \/>\n- Show-Einlagen: Ein bisschen Glitzer, ein bisschen Drama, ein bisschen \u201eOh Gott, was machen die da?\u201c<br \/>\n- Interaktion satt: Quizzen, Mitfiebern und Fragen stellen \u2013 wer im Publikum sitzt, ist Teil der Show (zumindest wer m\u00f6chte \u2013 beruhigt euch).<br \/>\n- Das europ\u00e4ische Flair: Wien, Baby! (Und ja, das rechtfertigt den Titel!)<br \/>\nSchnapp dir deine Tickets und sei dabei! \u201eStrawberry Cheese Forever Ever \u2013 EUROPA TOUR 2025\u201c ist nicht nur ein Name, sondern ein Versprechen: Trash. Comedy. Entertainment. FOREVER EVER.<\/p>","protected":false},"excerpt":{"rendered":"<p>Nach dem Riesenerfolg ihrer Tour 2024 lassen sich die TrashTV-Liebhaber vom Erdbeerk\u00e4se Podcast nicht lumpen und setzen 2025 noch einen drauf: \"Strawberry Cheese Forever Ever | EUROPA TOUR 2025\".<\/p>","protected":false},"featured_media":39458,"template":"","meta":{"_acf_changed":false,"inline_featured_image":false},"product_brand":[],"product_cat":[6725,31,95,922,430,86,6764,35,21,58],"product_tag":[954,5499,5498,941,951,968,943,944,958,947,948],"class_list":{"0":"post-39456","1":"product","2":"type-product","3":"status-publish","4":"has-post-thumbnail","6":"product_cat-comedy","7":"product_cat-events","8":"product_cat-humor","9":"product_cat-kultur","10":"product_cat-kupfersaal","11":"product_cat-leipzig","12":"product_cat-lesung","13":"product_cat-orte","14":"product_cat-ticket","15":"product_cat-veranstaltung","16":"product_tag-comedy","17":"product_tag-der-trashtv-podcast","18":"product_tag-erdbeerkaese","19":"product_tag-events","20":"product_tag-kultur","21":"product_tag-kupfersaal","22":"product_tag-leipzig","23":"product_tag-orte","24":"product_tag-show","25":"product_tag-ticket","26":"product_tag-veranstaltung","27":"product_shipping_class-nur_paketversand","28":"pa_discount-ermaessigt","29":"pa_discount-normalpreis","30":"pa_preiskategorie-freie-platzwahl","32":"first","33":"instock","34":"taxable","35":"shipping-taxable","36":"purchasable","37":"product-type-variable"},"group_of_quantity":0,"min_quantity":0,"max_quantity":"","exclude_order_quantity_value_rules":"no","exclude_category_quantity_rules":"no","combine_variations":"no","acf":[],"_links":{"self":[{"href":"https:\/\/arena-ticket.com\/en\/wp-json\/wp\/v2\/product\/39456","targetHints":{"allow":["GET"]}}],"collection":[{"href":"https:\/\/arena-ticket.com\/en\/wp-json\/wp\/v2\/product"}],"about":[{"href":"https:\/\/arena-ticket.com\/en\/wp-json\/wp\/v2\/types\/product"}],"wp:featuredmedia":[{"embeddable":true,"href":"https:\/\/arena-ticket.com\/en\/wp-json\/wp\/v2\/media\/39458"}],"wp:attachment":[{"href":"https:\/\/arena-ticket.com\/en\/wp-json\/wp\/v2\/media?parent=39456"}],"wp:term":[{"taxonomy":"product_brand","embeddable":true,"href":"https:\/\/arena-ticket.com\/en\/wp-json\/wp\/v2\/product_brand?post=39456"},{"taxonomy":"product_cat","embeddable":true,"href":"https:\/\/arena-ticket.com\/en\/wp-json\/wp\/v2\/product_cat?post=39456"},{"taxonomy":"product_tag","embeddable":true,"href":"https:\/\/arena-ticket.com\/en\/wp-json\/wp\/v2\/product_tag?post=39456"}],"curies":[{"name":"wp","href":"https:\/\/api.w.org\/{rel}","templated":true}]}}