{"id":39493,"date":"2025-05-07T11:31:40","date_gmt":"2025-05-07T09:31:40","guid":{"rendered":"https:\/\/arena-ticket.com\/?p=39493&#038;post_type=product&#038;preview_id=39493"},"modified":"2025-11-16T00:04:33","modified_gmt":"2025-11-15T23:04:33","slug":"rave-nation-dr-motte-live-in-altenburg-altenburg-goldener-pflug-22-11-2025-2100-uhr","status":"publish","type":"product","link":"https:\/\/arena-ticket.com\/en\/product\/rave-nation-dr-motte-live-in-altenburg-altenburg-goldener-pflug-22-11-2025-2100-uhr\/","title":{"rendered":"Rave Nation  - Dr. MOTTE LIVE in Altenburg"},"content":{"rendered":"<p>Kaum ein Mensch hat die elektronische Musikszene so entscheidend gepr\u00e4gt und ver\u00e4ndert wie Dr. Motte. Er ist Phantast und Vision\u00e4r, Botschafter der elektronischen Musik weltweit. Sein Sound ist anspruchsvoll, energetisch und vielschichtig. Spannungsgeladenen Acid und mitrei\u00dfende Grooves verbindet er mit treibendem Techno und nimmt sein Publikum mit auf einen spannenden Trip durch seinen Techno-Kosmos. \u201eWer Musik auch als soziale Verantwortung einer Kultur versteht, ist und bleibt progressiv.\u201c \u2013 Dr. Motte \u2013<\/p>","protected":false},"excerpt":{"rendered":"<p>Kaum ein Mensch hat die elektronische Musikszene so entscheidend gepr\u00e4gt und ver\u00e4ndert wie Dr. Motte. Er ist Phantast und Vision\u00e4r, Botschafter der elektronischen Musik weltweit.<\/p>","protected":false},"featured_media":39497,"template":"","meta":{"_acf_changed":false,"inline_featured_image":false},"product_brand":[],"product_cat":[2809,6747,31,2812,69,35,21,58],"product_tag":[3179,5504,941,3282,942,944,5267,947,948],"class_list":{"0":"post-39493","1":"product","2":"type-product","3":"status-publish","4":"has-post-thumbnail","6":"product_cat-altenburg","7":"product_cat-electronic","8":"product_cat-events","9":"product_cat-goldener-pflug","10":"product_cat-konzert","11":"product_cat-orte","12":"product_cat-ticket","13":"product_cat-veranstaltung","14":"product_tag-altenburg","15":"product_tag-dr-motte-live-in-altenburg","16":"product_tag-events","17":"product_tag-goldener-pflug","18":"product_tag-konzert","19":"product_tag-orte","20":"product_tag-rave-nation","21":"product_tag-ticket","22":"product_tag-veranstaltung","23":"product_shipping_class-nur_paketversand","24":"pa_discount-normalpreis","25":"pa_preiskategorie-stehplatz","27":"first","28":"outofstock","29":"taxable","30":"shipping-taxable","31":"purchasable","32":"product-type-variable"},"group_of_quantity":0,"min_quantity":0,"max_quantity":"","exclude_order_quantity_value_rules":"no","exclude_category_quantity_rules":"no","combine_variations":"no","acf":[],"_links":{"self":[{"href":"https:\/\/arena-ticket.com\/en\/wp-json\/wp\/v2\/product\/39493","targetHints":{"allow":["GET"]}}],"collection":[{"href":"https:\/\/arena-ticket.com\/en\/wp-json\/wp\/v2\/product"}],"about":[{"href":"https:\/\/arena-ticket.com\/en\/wp-json\/wp\/v2\/types\/product"}],"wp:featuredmedia":[{"embeddable":true,"href":"https:\/\/arena-ticket.com\/en\/wp-json\/wp\/v2\/media\/39497"}],"wp:attachment":[{"href":"https:\/\/arena-ticket.com\/en\/wp-json\/wp\/v2\/media?parent=39493"}],"wp:term":[{"taxonomy":"product_brand","embeddable":true,"href":"https:\/\/arena-ticket.com\/en\/wp-json\/wp\/v2\/product_brand?post=39493"},{"taxonomy":"product_cat","embeddable":true,"href":"https:\/\/arena-ticket.com\/en\/wp-json\/wp\/v2\/product_cat?post=39493"},{"taxonomy":"product_tag","embeddable":true,"href":"https:\/\/arena-ticket.com\/en\/wp-json\/wp\/v2\/product_tag?post=39493"}],"curies":[{"name":"wp","href":"https:\/\/api.w.org\/{rel}","templated":true}]}}