{"id":39544,"date":"2025-05-07T17:24:05","date_gmt":"2025-05-07T15:24:05","guid":{"rendered":"https:\/\/arena-ticket.com\/?p=39544&#038;post_type=product&#038;preview_id=39544"},"modified":"2025-05-07T18:24:03","modified_gmt":"2025-05-07T16:24:03","slug":"andrej-hermlin-and-his-swing-dance-orchestra-the-music-goes-round-and-around-chemnitz-carlowitz-congresscenter-06-10-2025-2000-uhr","status":"publish","type":"product","link":"https:\/\/arena-ticket.com\/en\/product\/andrej-hermlin-and-his-swing-dance-orchestra-the-music-goes-round-and-around-chemnitz-carlowitz-congresscenter-06-10-2025-2000-uhr\/","title":{"rendered":"ANDREJ HERMLIN and his SWING DANCE ORCHESTRA - \"The Music Goes Round And Around\""},"content":{"rendered":"<p>&nbsp;<\/p>\n<section class=\"cc_outer cc_text_media\" data-columns=\"1\" data-container-size=\"md\">\n<div class=\"container\">\n<div class=\"row\">\n<div class=\"column\">\n<div class=\"cc_content_block cc_textmedia cc_media_above\">\n<div class=\"cc_content_wrap\">\n<div class=\"cc_content\" data-text-columns=\"2\">\n<p>Im Rahmen von \"Sukkot 2025\" bringen die Tage der j\u00fcdischen Kultur die swingende Familie Hermlin zur\u00fcck nach Chemnitz in die diesj\u00e4hrige Kulturhauptstadt Europas! Denn Andrej Hermlin und sein Swing Dance Orchestra sind endlich wieder zur\u00fcck auf der B\u00fchne!<\/p>\n<p>In ihrem neuen Konzertprogramm \u201eThe Music Goes Round And Around\" pr\u00e4sentieren sie mit einem 11 k\u00f6pfigen Ensemble die amerikanische Musik der 20er, 30er und fr\u00fchen 40er Jahre, ebenso authentisch wie fr\u00f6hlich, manchmal auch ziemlich verr\u00fcckt. Alles ist live, spontan und lebendig!<\/p>\n<p>Im Repertoire des Orchesters finden sich neben ber\u00fchmten St\u00fccken wie der \u201eMoonlight Serenade\", \u201eCaravan\" oder \u201eLoch Lomond\" auch viele weniger bekannte Titel, deren Wiederentdeckung wir f\u00fcr lohnend halten. Dabei hat sich das SWING DANCE ORCHESTRA in einem Punkt drastisch ver\u00e4ndert: die Arrangements stammen nun fast ausschlie\u00dflich aus der Feder unserer Musiker, allen voran David Hermlin, der dem Orchester einen frischen, unverwechselbaren Sound gegeben hat. Auch andere Musiker, wie Malte T\u00f6nissen, Daniel Duspiwa und Lars Juling steuerten eigene Arrangements bei. Die Idee dahinter: keine blo\u00dfen Kopien originaler Arrangements der 30er und 40er Jahre mehr aufzuf\u00fchren, sondern - wie damals eigentlich \u00fcblich - eigene Versionen erfolgreicher Melodien zu spielen und die Zuschauer zu \u00fcberraschen.<\/p>\n<p>Die \u201emusikalische Revolution\" geht indes weiter! Inzwischen spielt das Orchester auch zunehmend Eigenkompositionen, wie \u201eSwing Is On Parade\" (David Hermlin), \u201eSweet And Softly\" (Malte T\u00f6nissen) und \u201eHere I Am\" (Andrej Hermlin).<\/p>\n<p>Das Swing Dance Orchestra wurde im Jahre 1987 - seinerzeit noch unter dem Namen Swing Dance Band \u2013 von Andrej Hermlin in Berlin gegr\u00fcndet und hat sich zu einem der weltweit f\u00fchrenden und ber\u00fchmtesten Swing Big Bands entwickelt. Mit seiner unvergleichlichen Authentizit\u00e4t ist das Swing Dance Orchestra in renommierten Konzerts\u00e4le in New York, Tel Aviv, Moskau, Hongkong, Wien, Mailand und vielen anderen St\u00e4dten aufgetre<\/p>\n<\/div>\n<\/div>\n<\/div>\n<\/div>\n<\/div>\n<\/div>\n<\/section>","protected":false},"excerpt":{"rendered":"<p>Get your tickets now!<\/p>","protected":false},"featured_media":39548,"template":"","meta":{"_acf_changed":false,"inline_featured_image":false},"product_brand":[],"product_cat":[377,103,6725,31,95,69,35,6749,21,58],"product_tag":[5512,5511,3908,992,954,941,951,944,947,948],"class_list":{"0":"post-39544","1":"product","2":"type-product","3":"status-publish","4":"has-post-thumbnail","6":"product_cat-carlowitz-congress-center","7":"product_cat-chemnitz","8":"product_cat-comedy","9":"product_cat-events","10":"product_cat-humor","11":"product_cat-konzert","12":"product_cat-orte","13":"product_cat-sonstiges_konzert","14":"product_cat-ticket","15":"product_cat-veranstaltung","16":"product_tag-the-music-goes-round-and-around","17":"product_tag-andrej-hermlin-and-his-swing-dance-orchestra","18":"product_tag-carlowitz-congress-center","19":"product_tag-chemnitz","20":"product_tag-comedy","21":"product_tag-events","22":"product_tag-kultur","23":"product_tag-orte","24":"product_tag-ticket","25":"product_tag-veranstaltung","26":"product_shipping_class-nur_paketversand","27":"pa_discount-normalpreis","28":"pa_preiskategorie-pk-i","30":"first","31":"instock","32":"taxable","33":"shipping-taxable","34":"purchasable","35":"product-type-variable"},"group_of_quantity":0,"min_quantity":0,"max_quantity":"","exclude_order_quantity_value_rules":"no","exclude_category_quantity_rules":"no","combine_variations":"no","acf":[],"_links":{"self":[{"href":"https:\/\/arena-ticket.com\/en\/wp-json\/wp\/v2\/product\/39544","targetHints":{"allow":["GET"]}}],"collection":[{"href":"https:\/\/arena-ticket.com\/en\/wp-json\/wp\/v2\/product"}],"about":[{"href":"https:\/\/arena-ticket.com\/en\/wp-json\/wp\/v2\/types\/product"}],"wp:featuredmedia":[{"embeddable":true,"href":"https:\/\/arena-ticket.com\/en\/wp-json\/wp\/v2\/media\/39548"}],"wp:attachment":[{"href":"https:\/\/arena-ticket.com\/en\/wp-json\/wp\/v2\/media?parent=39544"}],"wp:term":[{"taxonomy":"product_brand","embeddable":true,"href":"https:\/\/arena-ticket.com\/en\/wp-json\/wp\/v2\/product_brand?post=39544"},{"taxonomy":"product_cat","embeddable":true,"href":"https:\/\/arena-ticket.com\/en\/wp-json\/wp\/v2\/product_cat?post=39544"},{"taxonomy":"product_tag","embeddable":true,"href":"https:\/\/arena-ticket.com\/en\/wp-json\/wp\/v2\/product_tag?post=39544"}],"curies":[{"name":"wp","href":"https:\/\/api.w.org\/{rel}","templated":true}]}}