{"id":39552,"date":"2025-05-07T18:40:38","date_gmt":"2025-05-07T16:40:38","guid":{"rendered":"https:\/\/arena-ticket.com\/?p=39552&#038;post_type=product&#038;preview_id=39552"},"modified":"2025-05-16T15:59:36","modified_gmt":"2025-05-16T13:59:36","slug":"stella-rose-leipzig-naumanns-im-felsenkeller-23-07-2025-2000-uhr","status":"publish","type":"product","link":"https:\/\/arena-ticket.com\/en\/product\/stella-rose-leipzig-naumanns-im-felsenkeller-23-07-2025-2000-uhr\/","title":{"rendered":"STELLA ROSE"},"content":{"rendered":"<div id=\"content\">\n<p>Stella Rose \u2013 Die d\u00fcstere Poetin des New Yorker Underground bringt Dark Pop nach Deutschland<\/p>\n<p>Mit rauer Eleganz, hypnotischem Sound und verhei\u00dfungsvoller Stimme bringt Stella Rose ihren gefeierten und Genre \u00fcbergreifenden Dark Pop im Juli 2025 live nach Deutschland. Die aufstrebende New Yorkerin unterst\u00fctzte nicht zuletzt Depeche Mode im Madison Square Garden.<\/p>\n<p>Das Clash Magazine beschreibt ihre Single \u201eMuddled Man\u201c kurzerhand als \u201eleidenschaftlich und ausschweifend wie Nick Cave in Hochform\u201c und ihr Song \u201eAngel\u201c wird vom Paper Magazine als raumflutender H\u00f6hepunkt folkiger W\u00e4rme beschrieben. Das Album \u201eEyes of Glass\u201c zeigt schlichtweg, was Stella Rose so besonders macht: eine lyrische Kraft, hinrei\u00dfend d\u00fcsterer Sound \u2013 produziert von Yves Rothman, der unter anderem mit Courtney Love und Warpaint zusammenarbeitete. Ihre j\u00fcngste Ver\u00f6ffentlichung \u201eHollybaby\u201c (2024) steht ihrem Deb\u00fct in nichts nach und unterstreicht ihre finster fesselnde Vision.<\/p>\n<p>Denn diese reicht weit \u00fcber Genres hinaus und macht Stella Rose Konzerte zu einer ber\u00fchrend kraftvollen Performance. Auf ihrer Europatour macht sie in f\u00fcnf deutschen St\u00e4dten Halt und das Publikum kann sich von ihrer mystischen Anziehung selbst \u00fcberzeugen.<\/p>\n<\/div>\n<div id=\"menu\">\n<div id=\"innerMenue\"><\/div>\n<\/div>","protected":false},"excerpt":{"rendered":"<p>Stella Rose \u2013 Die d\u00fcstere Poetin des New Yorker Underground bringt Dark Pop nach Deutschland - Nicht verpassen!<\/p>","protected":false},"featured_media":39554,"template":"","meta":{"_acf_changed":false,"inline_featured_image":false},"product_brand":[],"product_cat":[31,69,86,451,35,6733,21,58],"product_tag":[941,942,943,990,944,5515,947,948],"class_list":{"0":"post-39552","1":"product","2":"type-product","3":"status-publish","4":"has-post-thumbnail","6":"product_cat-events","7":"product_cat-konzert","8":"product_cat-leipzig","9":"product_cat-naumanns-im-felsenkeller","10":"product_cat-orte","11":"product_cat-pop","12":"product_cat-ticket","13":"product_cat-veranstaltung","14":"product_tag-events","15":"product_tag-konzert","16":"product_tag-leipzig","17":"product_tag-naumanns-im-felsenkeller","18":"product_tag-orte","19":"product_tag-stella-rose","20":"product_tag-ticket","21":"product_tag-veranstaltung","22":"product_shipping_class-nur_paketversand","23":"pa_discount-normalpreis","24":"pa_preiskategorie-stehplatz","26":"first","27":"instock","28":"taxable","29":"shipping-taxable","30":"purchasable","31":"product-type-variable","32":"has-default-attributes"},"group_of_quantity":0,"min_quantity":0,"max_quantity":"","exclude_order_quantity_value_rules":"no","exclude_category_quantity_rules":"no","combine_variations":"no","acf":[],"_links":{"self":[{"href":"https:\/\/arena-ticket.com\/en\/wp-json\/wp\/v2\/product\/39552","targetHints":{"allow":["GET"]}}],"collection":[{"href":"https:\/\/arena-ticket.com\/en\/wp-json\/wp\/v2\/product"}],"about":[{"href":"https:\/\/arena-ticket.com\/en\/wp-json\/wp\/v2\/types\/product"}],"wp:featuredmedia":[{"embeddable":true,"href":"https:\/\/arena-ticket.com\/en\/wp-json\/wp\/v2\/media\/39554"}],"wp:attachment":[{"href":"https:\/\/arena-ticket.com\/en\/wp-json\/wp\/v2\/media?parent=39552"}],"wp:term":[{"taxonomy":"product_brand","embeddable":true,"href":"https:\/\/arena-ticket.com\/en\/wp-json\/wp\/v2\/product_brand?post=39552"},{"taxonomy":"product_cat","embeddable":true,"href":"https:\/\/arena-ticket.com\/en\/wp-json\/wp\/v2\/product_cat?post=39552"},{"taxonomy":"product_tag","embeddable":true,"href":"https:\/\/arena-ticket.com\/en\/wp-json\/wp\/v2\/product_tag?post=39552"}],"curies":[{"name":"wp","href":"https:\/\/api.w.org\/{rel}","templated":true}]}}