{"id":39686,"date":"2025-05-08T10:48:32","date_gmt":"2025-05-08T08:48:32","guid":{"rendered":"https:\/\/arena-ticket.com\/?p=39686&#038;post_type=product&#038;preview_id=39686"},"modified":"2025-06-16T12:36:32","modified_gmt":"2025-06-16T10:36:32","slug":"die-drei-record-release-party-folge-234-mit-oliver-rohrbeck-leipzig-felsenkeller-17-07-2025-1900-uhr","status":"publish","type":"product","link":"https:\/\/arena-ticket.com\/en\/product\/die-drei-record-release-party-folge-234-mit-oliver-rohrbeck-leipzig-felsenkeller-17-07-2025-1900-uhr\/","title":{"rendered":"Die drei ???  - Record Release Party Folge 234 - mit Oliver Rohrbeck"},"content":{"rendered":"<p>Felsenkeller, Leipzig \u2013 Oliver Rohrbeck pr\u00e4sentiert die aktuellste Folge Die drei ??? und der lebende Tresor eine Woche vor dem offiziellen Release erstmals in Leipzig! Euch erwartet ein spannender Abend, rund um die H\u00f6rspielreihe der drei Detektive Justus, Peter und Bob. Au\u00dferdem wird es die Chance geben selber auf der B\u00fchne zu stehen f\u00fcr ein exklusives Mitmachh\u00f6rspiel. Seid gespannt und freut euch auf einen spezialgelagerten Sonderabend.<\/p>\n<p>Folge 233: Die drei ??? und der lebende Tresor<br \/>\nLucy braucht dringend Hilfe! Ihr Freund verh\u00e4lt sich seit einiger Zeit sehr seltsam. Sie sp\u00fcrt, dass er ihr etwas verheimlicht, aber sie bekommt einfach nichts aus ihm heraus. Er ist verschlossen wie ein lebender Tresor!<\/p>\n<p>Die drei ??? geben ihr Bestes. Sie beobachten Lucys Freund und starten heimlich ihre Detektivarbeit. Hat sein Verhalten etwas mit einem Unfall zu tun? Hat er sein Ged\u00e4chtnis verloren? Geht es um Geld oder Betrug? Justus, Peter und Bob ermitteln in alle Richtungen. Ein spannender Fall mit vielen Herausforderungen f\u00fcr die Detektive aus Rocky Beach. Gemeinsam l\u00fcften sie das Geheimnis!<\/p>\n<p>Der Autor<br \/>\nAndr\u00e9 Minninger arbeitet erfolgreich als Drehbuchautor und Regisseur. Unheimliche, gruselige Themen sind sein Spezialgebiet. Mit den \u201eDie drei ???\u201c kennt er sich bestens aus, denn er schreibt nicht nur B\u00fccher, sondern auch H\u00f6rspielskripte f\u00fcr die Reihe.<\/p>\n<p>Die drei ???<br \/>\nSeit \u00fcber 40 Jahren erfreuen sich die Detektivgeschichten um Justus, Peter und Bob gr\u00f6\u00dfter Beliebtheit bei Kindern, aber auch bei ehemaligen Kindern. Derzeit erscheinen beim Label Europa durchschnittlich sechs neue \u201eDie drei ???\u201c-Folgen pro Jahr. Schon vor der Ver\u00f6ffentlichung im Handel pr\u00e4sentiert die Lauscherlounge ausgew\u00e4hlte Folgen in wechselnden St\u00e4dten.<\/p>\n<p>\u00dcber die Lauscherlounge<br \/>\nSeit 2003 produziert die Lauscherlounge H\u00f6rspiele und H\u00f6rb\u00fccher auf CD und als Download. Vor allem im Bereich der Live-H\u00f6rveranstaltungen hat sich die Lauscherlounge als feste Gr\u00f6\u00dfe etabliert. Bei bundesweiten Literaturlesungen und Live-H\u00f6rspielen bringt die Lauscherlounge bekannte Synchronschauspeiler:innen gemeinsam mit Ger\u00e4uschemacher:innen und Musiker:innen auf die B\u00fchne.<\/p>","protected":false},"excerpt":{"rendered":"<p><strong>Secure your tickets!<\/strong><\/p>","protected":false},"featured_media":39688,"template":"","meta":{"_acf_changed":false,"inline_featured_image":false},"product_brand":[],"product_cat":[31,348,94,922,86,6764,35,21,58],"product_tag":[5518,941,1476,978,942,951,943,944,5519,947,948],"class_list":{"0":"post-39686","1":"product","2":"type-product","3":"status-publish","4":"has-post-thumbnail","6":"product_cat-events","7":"product_cat-felsenkeller","8":"product_cat-kinder","9":"product_cat-kultur","10":"product_cat-leipzig","11":"product_cat-lesung","12":"product_cat-orte","13":"product_cat-ticket","14":"product_cat-veranstaltung","15":"product_tag-die-drei","16":"product_tag-events","17":"product_tag-felsenkeller","18":"product_tag-kinder","19":"product_tag-konzert","20":"product_tag-kultur","21":"product_tag-leipzig","22":"product_tag-orte","23":"product_tag-record-release-party-folge-234-mit-oliver-rohrbeck","24":"product_tag-ticket","25":"product_tag-veranstaltung","26":"product_shipping_class-nur_paketversand","27":"pa_discount-kind","28":"pa_discount-normalpreis","29":"pa_preiskategorie-freie-platzwahl","30":"pa_preiskategorie-pk-i","31":"pa_preiskategorie-pk-ii","33":"first","34":"outofstock","35":"taxable","36":"shipping-taxable","37":"purchasable","38":"product-type-variable","39":"has-default-attributes"},"group_of_quantity":0,"min_quantity":0,"max_quantity":"","exclude_order_quantity_value_rules":"no","exclude_category_quantity_rules":"no","combine_variations":"no","acf":[],"_links":{"self":[{"href":"https:\/\/arena-ticket.com\/en\/wp-json\/wp\/v2\/product\/39686","targetHints":{"allow":["GET"]}}],"collection":[{"href":"https:\/\/arena-ticket.com\/en\/wp-json\/wp\/v2\/product"}],"about":[{"href":"https:\/\/arena-ticket.com\/en\/wp-json\/wp\/v2\/types\/product"}],"wp:featuredmedia":[{"embeddable":true,"href":"https:\/\/arena-ticket.com\/en\/wp-json\/wp\/v2\/media\/39688"}],"wp:attachment":[{"href":"https:\/\/arena-ticket.com\/en\/wp-json\/wp\/v2\/media?parent=39686"}],"wp:term":[{"taxonomy":"product_brand","embeddable":true,"href":"https:\/\/arena-ticket.com\/en\/wp-json\/wp\/v2\/product_brand?post=39686"},{"taxonomy":"product_cat","embeddable":true,"href":"https:\/\/arena-ticket.com\/en\/wp-json\/wp\/v2\/product_cat?post=39686"},{"taxonomy":"product_tag","embeddable":true,"href":"https:\/\/arena-ticket.com\/en\/wp-json\/wp\/v2\/product_tag?post=39686"}],"curies":[{"name":"wp","href":"https:\/\/api.w.org\/{rel}","templated":true}]}}