{"id":39697,"date":"2025-05-08T11:58:27","date_gmt":"2025-05-08T09:58:27","guid":{"rendered":"https:\/\/arena-ticket.com\/?p=39697&#038;post_type=product&#038;preview_id=39697"},"modified":"2025-05-08T15:29:45","modified_gmt":"2025-05-08T13:29:45","slug":"lacrimosa-lament-world-tour-2025-leipzig-felsenkeller-26-09-2025-2000-uhr","status":"publish","type":"product","link":"https:\/\/arena-ticket.com\/en\/product\/lacrimosa-lament-world-tour-2025-leipzig-felsenkeller-26-09-2025-2000-uhr\/","title":{"rendered":"Lacrimosa  - Lament World Tour 2025"},"content":{"rendered":"<div class=\"cal_content_singleview\">\n<p>LAMENT - DAS FINALE EINER TRILOGIE<\/p>\n<div class=\"x78zum5 xdt5ytf xz62fqu x16ldp7u\">\n<div>\n<div>\n<p>\u201cWie die Sonne Deines Herzens<br \/>\nStrahlt das Licht aus Deinem Wesen!<br \/>\n\u00dcberstrahl \u2013 \u00fcberstrahl \u2013 \u00fcberstrahl doch bitte dieses Dunkel!\"<\/p>\n<p>LACRIMOSA \u2013 dieser Name steht f\u00fcr mehr als eine Band im Gothic, im Metal, im Symphonic Metal oder im Dark Wave oder Rock! LACRIMOSA ist ein eigenes Genre! Und nach 35 Jahren, 14 Studio- und 5 Live-Alben, Singles und EPs, und nach regelm\u00e4\u00dfigen Konzerttourneen rund um den Globus \u2013 keine Handvoll deutschsprachiger Bands tritt in dieser Best\u00e4ndigkeit im fremdsprachigen Ausland auf \u2013 erscheint mit \u00abLament\u00bb das 15. Studioalbum, und zugleich das Finale ihrer 2017 begonnenen Trilogie!<\/p>\n<p>Was mit \u00abTestimonium\u00bb begann, ausgel\u00f6st durch die Tode vieler K\u00fcnstler, die Tilo Wolff in seinem Werdegang ma\u00dfgeblich gepr\u00e4gt hatten \u2013 K\u00fcnstler wie David Bowie, Leonard Cohen oder Prince \u2013, sowie durch den Tod der eigenen Eltern, entstand ein Zyklus \u00fcber Liebe, Tod, Verlangen und Verlust, und \u00fcber die Hoffnung in das Licht, der aufgehenden Sonne im Herzen eines jeden Menschen!<\/p>\n<p>Mit gro\u00dfem Aufwand produziert, enth\u00e4lt \u00abLament\u00bb, nebst dem orchestralen, knapp 10min\u00fctigen Titelst\u00fcck und vielem anderen zu entdeckenden, auch den dritten Teil der integralen \u2018Sturm-Trilogie\u2019, und fasst diese aufbeeindruckende Weise im finalen \u00abMemoria\u00bb zusammen, das musikalisch genau dort endet, wo \u00abTestimonium\u00bb einst begann. Die Kontinuit\u00e4t zeigt sich auch im Artwork des neuen Albums, auf dessen Frontcover eine weitere Grabesstatue die Nacht verabschiedet und den Morgen willkommen heisst, w\u00e4hrend das Backcover die Grabfiguren der vorhergehenden Alben, und ihre Anordnung in jenem Park zeigt, den LACRIMOSA in \u00abDie Antwort ist Schweigen\u00bb auf \u00abLeidenschaft\u00bb, dem mittleren Teil der Trilogie, eindr\u00fccklich besungen hatten. \u00abLament\u00bb, das mit seiner furiosen Single \u00abAvalon\u00bb und seinem gefeierten Videoclip einen ersten Eindruck im November 2024 machte, wird die Musikwelt nachhaltig bereichern, schm\u00fccken und inspirieren.<\/p>\n<\/div>\n<\/div>\n<\/div>\n<\/div>\n<div class=\"cal_location_singleview\"><\/div>","protected":false},"excerpt":{"rendered":"<p><strong>Secure your tickets!<\/strong><\/p>","protected":false},"featured_media":39702,"template":"","meta":{"_acf_changed":false,"inline_featured_image":false},"product_brand":[],"product_cat":[6743,31,348,69,86,35,21,58],"product_tag":[941,1476,942,5522,5523,943,944,947,948],"class_list":{"0":"post-39697","1":"product","2":"type-product","3":"status-publish","4":"has-post-thumbnail","6":"product_cat-dark-darkwave","7":"product_cat-events","8":"product_cat-felsenkeller","9":"product_cat-konzert","10":"product_cat-leipzig","11":"product_cat-orte","12":"product_cat-ticket","13":"product_cat-veranstaltung","14":"product_tag-events","15":"product_tag-felsenkeller","16":"product_tag-konzert","17":"product_tag-lacrimosa","18":"product_tag-lament-world-tour-2025","19":"product_tag-leipzig","20":"product_tag-orte","21":"product_tag-ticket","22":"product_tag-veranstaltung","23":"product_shipping_class-nur_paketversand","24":"pa_discount-normalpreis","25":"pa_preiskategorie-stehplatz","27":"first","28":"instock","29":"taxable","30":"shipping-taxable","31":"purchasable","32":"product-type-variable","33":"has-default-attributes"},"group_of_quantity":0,"min_quantity":0,"max_quantity":"","exclude_order_quantity_value_rules":"no","exclude_category_quantity_rules":"no","combine_variations":"no","acf":[],"_links":{"self":[{"href":"https:\/\/arena-ticket.com\/en\/wp-json\/wp\/v2\/product\/39697","targetHints":{"allow":["GET"]}}],"collection":[{"href":"https:\/\/arena-ticket.com\/en\/wp-json\/wp\/v2\/product"}],"about":[{"href":"https:\/\/arena-ticket.com\/en\/wp-json\/wp\/v2\/types\/product"}],"wp:featuredmedia":[{"embeddable":true,"href":"https:\/\/arena-ticket.com\/en\/wp-json\/wp\/v2\/media\/39702"}],"wp:attachment":[{"href":"https:\/\/arena-ticket.com\/en\/wp-json\/wp\/v2\/media?parent=39697"}],"wp:term":[{"taxonomy":"product_brand","embeddable":true,"href":"https:\/\/arena-ticket.com\/en\/wp-json\/wp\/v2\/product_brand?post=39697"},{"taxonomy":"product_cat","embeddable":true,"href":"https:\/\/arena-ticket.com\/en\/wp-json\/wp\/v2\/product_cat?post=39697"},{"taxonomy":"product_tag","embeddable":true,"href":"https:\/\/arena-ticket.com\/en\/wp-json\/wp\/v2\/product_tag?post=39697"}],"curies":[{"name":"wp","href":"https:\/\/api.w.org\/{rel}","templated":true}]}}