{"id":39707,"date":"2025-05-08T12:52:25","date_gmt":"2025-05-08T10:52:25","guid":{"rendered":"https:\/\/arena-ticket.com\/?p=39707&#038;post_type=product&#038;preview_id=39707"},"modified":"2026-04-15T13:25:54","modified_gmt":"2026-04-15T11:25:54","slug":"broilers-open-airs-2026-dresden-rudolf-harbig-stadion-04-07-2026-1700-uhr","status":"publish","type":"product","link":"https:\/\/arena-ticket.com\/en\/product\/broilers-open-airs-2026-dresden-rudolf-harbig-stadion-04-07-2026-1700-uhr\/","title":{"rendered":"Broilers - Open Airs 2026"},"content":{"rendered":"<p>Vier Nummer-1-Alben, dazu gigantische Tourneen mit Hunderttausenden ekstatischen Fans \u2013 und dann: zwei Jahre Funkstille. Jetzt ist es endlich wieder<br \/>\nsoweit! Im Sommer 2026 kehren die BROILERS mit voller Wucht auf die B\u00fchne zur\u00fcck.<\/p>\n<p>Nachdem das Heimspiel im D\u00fcsseldorfer Stadion \u2013 das Mega-Konzert \u201eUltrabowl\u201c \u2013 ein Jahr im Voraus mit 45.000 Tickets ausverkauft meldet, ist sp\u00e4testens klar: Die BROILERS m\u00fcssen wieder raus. Raus auf die gro\u00dfen B\u00fchnen, in die Stadien und auf die Pl\u00e4tze. Dorthin, wo sie hingeh\u00f6ren. Dorthin, wo ihre Songs und ihre Energie am st\u00e4rksten wirken \u2013 mitten rein ins Herz ihrer eingeschworenen Fangemeinde.<\/p>\n<p>Ein BROILERS-Konzert ist wie ein Kinofilm, in den man unbedingt rein will und der einem dann nicht mehr aus Kopf geht \u2013 voll von allen Emotionen \u2013 G\u00e4nsehaut, Leidenschaft und pure Freude.<\/p>\n<p>&nbsp;<\/p>","protected":false},"excerpt":{"rendered":"<p>Der Sommer 2026 wird laut, leidenschaftlich und unvergesslich! Die BROILERS kommen zur\u00fcck: BROILERS OPEN AIRS 2026!<\/p>","protected":false},"featured_media":68962,"template":"","meta":{"_acf_changed":false,"inline_featured_image":false},"product_brand":[],"product_cat":[87,31,69,35,6745,484,21,58],"product_tag":[5524,940,941,942,5525,944,6801,5018,947,948],"class_list":{"0":"post-39707","1":"product","2":"type-product","3":"status-publish","4":"has-post-thumbnail","6":"product_cat-dresden","7":"product_cat-events","8":"product_cat-konzert","9":"product_cat-orte","10":"product_cat-punk-punkrock","11":"product_cat-rudolf-harbig-stadion","12":"product_cat-ticket","13":"product_cat-veranstaltung","14":"product_tag-broilers","15":"product_tag-dresden","16":"product_tag-events","17":"product_tag-konzert","18":"product_tag-open-airs-2026","19":"product_tag-orte","20":"product_tag-punk-punkrock","21":"product_tag-rudolf-harbig-stadion","22":"product_tag-ticket","23":"product_tag-veranstaltung","24":"product_shipping_class-nur_paketversand","25":"pa_discount-inklusive-begleitperson","26":"pa_discount-kind","27":"pa_discount-normalpreis","28":"pa_preiskategorie-innenraum-stehplatz","29":"pa_preiskategorie-pk-i","30":"pa_preiskategorie-pk-ii","31":"pa_preiskategorie-pk-iii","32":"pa_preiskategorie-pk-iv","33":"pa_preiskategorie-pk-v","34":"pa_preiskategorie-rollstuhlfahrer","36":"first","37":"instock","38":"taxable","39":"shipping-taxable","40":"purchasable","41":"product-type-variable"},"group_of_quantity":0,"min_quantity":0,"max_quantity":"","exclude_order_quantity_value_rules":"no","exclude_category_quantity_rules":"no","combine_variations":"no","acf":[],"_links":{"self":[{"href":"https:\/\/arena-ticket.com\/en\/wp-json\/wp\/v2\/product\/39707","targetHints":{"allow":["GET"]}}],"collection":[{"href":"https:\/\/arena-ticket.com\/en\/wp-json\/wp\/v2\/product"}],"about":[{"href":"https:\/\/arena-ticket.com\/en\/wp-json\/wp\/v2\/types\/product"}],"wp:featuredmedia":[{"embeddable":true,"href":"https:\/\/arena-ticket.com\/en\/wp-json\/wp\/v2\/media\/68962"}],"wp:attachment":[{"href":"https:\/\/arena-ticket.com\/en\/wp-json\/wp\/v2\/media?parent=39707"}],"wp:term":[{"taxonomy":"product_brand","embeddable":true,"href":"https:\/\/arena-ticket.com\/en\/wp-json\/wp\/v2\/product_brand?post=39707"},{"taxonomy":"product_cat","embeddable":true,"href":"https:\/\/arena-ticket.com\/en\/wp-json\/wp\/v2\/product_cat?post=39707"},{"taxonomy":"product_tag","embeddable":true,"href":"https:\/\/arena-ticket.com\/en\/wp-json\/wp\/v2\/product_tag?post=39707"}],"curies":[{"name":"wp","href":"https:\/\/api.w.org\/{rel}","templated":true}]}}