{"id":39717,"date":"2025-05-08T12:53:57","date_gmt":"2025-05-08T10:53:57","guid":{"rendered":"https:\/\/arena-ticket.com\/?p=39717&#038;post_type=product&#038;preview_id=39717"},"modified":"2025-11-27T14:43:27","modified_gmt":"2025-11-27T13:43:27","slug":"claudia-michelsen-ein-weihnachtsabend-voller-erzaehlungen-comoedie-dresden-15-12-2025-1900-uhr","status":"publish","type":"product","link":"https:\/\/arena-ticket.com\/en\/product\/claudia-michelsen-ein-weihnachtsabend-voller-erzaehlungen-comoedie-dresden-15-12-2025-1900-uhr\/","title":{"rendered":"Claudia Michelsen  - Ein Weihnachtsabend voller Erz\u00e4hlungen"},"content":{"rendered":"<p>&nbsp;<\/p>\n<p>Weihnachten ist das Fest der Liebe, der Familie, der Freude und des Glanzes, aber auch die Zeit mit den meisten Streits, den gr\u00f6\u00dften Entt\u00e4uschungen und den falschen Geschenken. All dies ist Stoff f\u00fcr unendlich viele sch\u00f6ne, besinnliche, traurige oder lustige Geschichten. Claudia Michelsen, eine der facettenreichsten Schauspieler:innen Deutschlands, ist genau die Richtige um all diesen Geschichten mit ihrer warmen, vertrauten Stimme die richtige Interpretation zu verleihen. Sie entf\u00fchrt uns in eine Winterwunderwelt, stellt mit uns einen Christbaum auf und fragt sich, welche Geschenke wohl die richtigen f\u00fcr die Liebsten sind. Musikalisch begleitet wird Claudia Michelsen durch eine Auswahl von weihnachtlichen Klassikern und unerwarteten Musikarrangements: Weihnachtsstimmung f\u00fcr Herz und Kopf!<\/p>\n<p>Claudia Michelsen:\u00a0<em>\u201eDie Zeit vergeht, wie immer schneller als man denkt, deswegen freuen wir uns, Sie jetzt schon zu unserem Weihnachtsprogramm einzuladen! Es erwartet Sie eine musikalische Lesung mit ganz besonderen Geschichten. Die verschiedenen Texte versprechen kleine Reisen in wunderbare Winterwelten, und vielleicht sehen wir uns ja schon bald nach einem sch\u00f6nen Sommer und Herbst! Es w\u00fcrde uns freuen.\u201c<\/em><\/p>\n<p>Jacqueline Zich, CEO DEAG Classics AG: \u201e<em>Es ist uns eine gro\u00dfe Freude, die\u00a0<\/em><em>herausragende Schauspielerin Claudia Michelsen f\u00fcr diese besondere vorweihnachtliche Lesereihe gewonnen zu haben! Mit ihrer starken Ausstrahlung wird Claudia Michelsen die Erz\u00e4hlungen und Geschichten auf ihre unverwechselbare und einnehmende Art interpretieren.\u201c<\/em><\/p>\n<p>&nbsp;<\/p>\n<p><strong>\u00dcber Claudia Michelsen<\/strong><br \/>\nClaudia Michelsen, in Dresden geboren, studierte Schauspiel in Berlin und spielte dort an der Volksb\u00fchne, am Deutschen Theater und an der Schaub\u00fchne. Sie ist in vielen gro\u00dfen Film- und Fernsehproduktionen zu sehen, z.B. in \u201eDer Tunnel\u201c, \u201e12 hei\u00dft: ich liebe dich\u201c, in dem TV-Mehrteiler \u201eKu\u2019damm\u201c. Seit 2013 ermittelt sie als Kommissarin im Magdeburger \u201ePolizeiruf 110\u201c. Sie wurde als Schauspielerin mehrfach ausgezeichnet, u.a. mit der Goldenen Kamera, dem Bambi, der Goldenen Henne und zweimal mit dem Grimme-Preis. Sie tourt mit verschiedenen Lesungsprogrammen und leiht immer wieder H\u00f6rb\u00fcchern ihre unverwechselbare Stimme. Sie engagiert sich f\u00fcr das christliche Kinder- und Jugendhilfswerk e.V. \u201eDie Arche\u201c.<\/p>\n<p><em>\u00a0<\/em><\/p>","protected":false},"excerpt":{"rendered":"<p>Es ist nie zu fr\u00fch, wertvolle entschleunigende Momente in der Vorweihnachtszeit einzuplanen! Im Dezember 2025 ist die zweifache Grimme-Preis-Tr\u00e4gerin Claudia Michelsen mit einer besonderen Weihnachtslesung live zu erleben. Die Veranstaltung wird von weihnachtlich- musikalischen Arrangements untermalt. Jetzt schon Tickets sichern!<\/p>","protected":false},"featured_media":56215,"template":"","meta":{"_acf_changed":false,"inline_featured_image":false},"product_brand":[],"product_cat":[385,87,31,69,35,6749,21,58],"product_tag":[5526,4223,940,5527,941,999,942,2997,947,948],"class_list":{"0":"post-39717","1":"product","2":"type-product","3":"status-publish","4":"has-post-thumbnail","6":"product_cat-comoedie-dresden","7":"product_cat-dresden","8":"product_cat-events","9":"product_cat-konzert","10":"product_cat-orte","11":"product_cat-sonstiges_konzert","12":"product_cat-ticket","13":"product_cat-veranstaltung","14":"product_tag-claudia-michelsen","15":"product_tag-comoedie-dresden","16":"product_tag-dresden","17":"product_tag-ein-weihnachtsabend-voller-erzaehlungen","18":"product_tag-events","19":"product_tag-halle","20":"product_tag-konzert","21":"product_tag-konzerthalle-ulrichskirche","22":"product_tag-ticket","23":"product_tag-veranstaltung","24":"product_shipping_class-nur_paketversand","25":"pa_discount-normalpreis","26":"pa_preiskategorie-pk-i","27":"pa_preiskategorie-pk-ii","28":"pa_preiskategorie-pk-iii","30":"first","31":"instock","32":"taxable","33":"shipping-taxable","34":"purchasable","35":"product-type-variable"},"group_of_quantity":0,"min_quantity":0,"max_quantity":"","exclude_order_quantity_value_rules":"no","exclude_category_quantity_rules":"no","combine_variations":"no","acf":[],"_links":{"self":[{"href":"https:\/\/arena-ticket.com\/en\/wp-json\/wp\/v2\/product\/39717","targetHints":{"allow":["GET"]}}],"collection":[{"href":"https:\/\/arena-ticket.com\/en\/wp-json\/wp\/v2\/product"}],"about":[{"href":"https:\/\/arena-ticket.com\/en\/wp-json\/wp\/v2\/types\/product"}],"wp:featuredmedia":[{"embeddable":true,"href":"https:\/\/arena-ticket.com\/en\/wp-json\/wp\/v2\/media\/56215"}],"wp:attachment":[{"href":"https:\/\/arena-ticket.com\/en\/wp-json\/wp\/v2\/media?parent=39717"}],"wp:term":[{"taxonomy":"product_brand","embeddable":true,"href":"https:\/\/arena-ticket.com\/en\/wp-json\/wp\/v2\/product_brand?post=39717"},{"taxonomy":"product_cat","embeddable":true,"href":"https:\/\/arena-ticket.com\/en\/wp-json\/wp\/v2\/product_cat?post=39717"},{"taxonomy":"product_tag","embeddable":true,"href":"https:\/\/arena-ticket.com\/en\/wp-json\/wp\/v2\/product_tag?post=39717"}],"curies":[{"name":"wp","href":"https:\/\/api.w.org\/{rel}","templated":true}]}}