{"id":39768,"date":"2025-05-08T15:37:19","date_gmt":"2025-05-08T13:37:19","guid":{"rendered":"https:\/\/arena-ticket.com\/?p=39768&#038;post_type=product&#038;preview_id=39768"},"modified":"2025-08-19T17:48:39","modified_gmt":"2025-08-19T15:48:39","slug":"refused-refused-are-fucking-dead-leipzig-felsenkeller-11-10-2025-2000-uhr","status":"publish","type":"product","link":"https:\/\/arena-ticket.com\/en\/product\/refused-refused-are-fucking-dead-leipzig-felsenkeller-11-10-2025-2000-uhr\/","title":{"rendered":"Refused  - Refused Are Fucking Dead"},"content":{"rendered":"<div class=\"cal_content_singleview\">\n<p>Nach sechs Jahren erwachen Refused aus dem Winterschlaf. Sie pr\u00e4gten den politischen Hardcore wie wenige andere Bands, nicht zuletzt durch ihr epochales Meisterwerk \u201eThe Shape of Punk to Come\u201c. Im Juni und Oktober bringen die Schweden ein letztes Mal die deutschen Venues zum Beben.<\/p>\n<p>Hervorgegangen aus der schwedischen Hardcoreszene, brechen Refused mit ihrem dritten LP-Release \u201eThe Shape of Punk to Come\u201c im Jahr 1998 mit g\u00e4ngigen Konventionen des Genres und sichern sich so ihren Platz in der Musikwelt. Seit ihrer Gr\u00fcndung 1992 in Ume\u00e5 stehen Dennis Lyxz\u00e9n, David Sandstr\u00f6m und ihre wechselnden Mitstreiter f\u00fcr musikalische Radikalit\u00e4t und vision\u00e4ren Eigensinn. Refused waren nie nur eine Band, sondern ein Statement und nach einer turbulenten Bandgeschichte inklusive einer Aufl\u00f6sung und sp\u00e4terer Reunion (2012) reicht ihr Einfluss weit \u00fcber Hardcore hinaus und Bands wie unteranderem Idles nennen sie als Wegbereiter.<\/p>\n<p>Refused Are F**king Dead steht f\u00fcr die kommende Abschiedstournee und die letzten deutschen Shows: An f\u00fcnf Terminen rollen sie mit 30 Jahren Bandgeschichte wie Lawinen \u00fcber das Publikum. Refused stehen f\u00fcr ungeb\u00e4ndigte Energie und Songtexte, die unter die Haut gehen \u2013 kein Hardcore-Fan sollte sich das entgehen lassen - bring it in!<\/p>\n<\/div>\n<div class=\"cal_location_singleview\"><\/div>","protected":false},"excerpt":{"rendered":"<p>Hardcore-Legenden Refused gehen auf Abschiedstour!<\/p>","protected":false},"featured_media":40020,"template":"","meta":{"_acf_changed":false,"inline_featured_image":false},"product_brand":[],"product_cat":[31,348,69,86,6736,35,21,58],"product_tag":[941,1476,942,943,944,5533,5534,947,948],"class_list":{"0":"post-39768","1":"product","2":"type-product","3":"status-publish","4":"has-post-thumbnail","6":"product_cat-events","7":"product_cat-felsenkeller","8":"product_cat-konzert","9":"product_cat-leipzig","10":"product_cat-metal-metalcore","11":"product_cat-orte","12":"product_cat-ticket","13":"product_cat-veranstaltung","14":"product_tag-events","15":"product_tag-felsenkeller","16":"product_tag-konzert","17":"product_tag-leipzig","18":"product_tag-orte","19":"product_tag-refused","20":"product_tag-refused-are-fucking-dead","21":"product_tag-ticket","22":"product_tag-veranstaltung","23":"product_shipping_class-nur_paketversand","24":"pa_discount-normalpreis","25":"pa_preiskategorie-stehplatz","27":"first","28":"outofstock","29":"taxable","30":"shipping-taxable","31":"purchasable","32":"product-type-variable","33":"has-default-attributes"},"group_of_quantity":0,"min_quantity":0,"max_quantity":"","exclude_order_quantity_value_rules":"no","exclude_category_quantity_rules":"no","combine_variations":"no","acf":[],"_links":{"self":[{"href":"https:\/\/arena-ticket.com\/en\/wp-json\/wp\/v2\/product\/39768","targetHints":{"allow":["GET"]}}],"collection":[{"href":"https:\/\/arena-ticket.com\/en\/wp-json\/wp\/v2\/product"}],"about":[{"href":"https:\/\/arena-ticket.com\/en\/wp-json\/wp\/v2\/types\/product"}],"wp:featuredmedia":[{"embeddable":true,"href":"https:\/\/arena-ticket.com\/en\/wp-json\/wp\/v2\/media\/40020"}],"wp:attachment":[{"href":"https:\/\/arena-ticket.com\/en\/wp-json\/wp\/v2\/media?parent=39768"}],"wp:term":[{"taxonomy":"product_brand","embeddable":true,"href":"https:\/\/arena-ticket.com\/en\/wp-json\/wp\/v2\/product_brand?post=39768"},{"taxonomy":"product_cat","embeddable":true,"href":"https:\/\/arena-ticket.com\/en\/wp-json\/wp\/v2\/product_cat?post=39768"},{"taxonomy":"product_tag","embeddable":true,"href":"https:\/\/arena-ticket.com\/en\/wp-json\/wp\/v2\/product_tag?post=39768"}],"curies":[{"name":"wp","href":"https:\/\/api.w.org\/{rel}","templated":true}]}}