{"id":39770,"date":"2025-05-08T15:40:16","date_gmt":"2025-05-08T13:40:16","guid":{"rendered":"https:\/\/arena-ticket.com\/?p=39770&#038;post_type=product&#038;preview_id=39770"},"modified":"2026-02-27T10:58:46","modified_gmt":"2026-02-27T09:58:46","slug":"wladimir-kaminer-die-kaminer-show-steintor-variete-halle-saale-28-01-2026-1930-uhr","status":"publish","type":"product","link":"https:\/\/arena-ticket.com\/en\/product\/wladimir-kaminer-die-kaminer-show-steintor-variete-halle-saale-28-01-2026-1930-uhr\/","title":{"rendered":"Wladimir Kaminer  - Die Kaminer Show"},"content":{"rendered":"<p>Was gibt es Sch\u00f6neres als die Liebe? Und was bietet mehr Stoff f\u00fcr Komik, Dramen, Entt\u00e4uschungen und Hochgef\u00fchle? Egal ob es um verliebte Teenager geht, die einen Rockstar anhimmeln, bis die Illusion vom coolen Held an der Realit\u00e4t zerschellt. Oder ob die perfekt geplante romantische \u00dcberraschung daran scheitert, dass der Angebetete sie dank einer Fu\u00dfball\u00fcbertragung schlicht verpasst. Aber nat\u00fcrlich gibt es auch Happyends und gl\u00fcckliche Verbindungen, die ein Leben lang halten. Von den zahllosen Facetten der Liebe wei\u00df Wladimir Kaminer ein Lied zu singen - oder Geschichten zu erz\u00e4hlen: witzig, staunend, klug und immer mit liebevollem Blick auf die Schw\u00e4chen des menschlichen Herzens.<\/p>","protected":false},"excerpt":{"rendered":"<p>Wladimir Kaminer erz\u00e4hlt Geschichten \u00fcber die Liebe. Denn: was bietet mehr Stoff f\u00fcr Komik, Dramen, Entt\u00e4uschungen und Hochgef\u00fchle?<\/p>","protected":false},"featured_media":67881,"template":"","meta":{"_acf_changed":false,"inline_featured_image":false},"product_brand":[],"product_cat":[31,102,922,6764,35,496,21,58],"product_tag":[5536,941,999,951,1691,944,2788,947,948,5535],"class_list":{"0":"post-39770","1":"product","2":"type-product","3":"status-publish","4":"has-post-thumbnail","6":"product_cat-events","7":"product_cat-halle","8":"product_cat-kultur","9":"product_cat-lesung","10":"product_cat-orte","11":"product_cat-steintor-variete","12":"product_cat-ticket","13":"product_cat-veranstaltung","14":"product_tag-die-kaminer-show","15":"product_tag-events","16":"product_tag-halle","17":"product_tag-kultur","18":"product_tag-lesung","19":"product_tag-orte","20":"product_tag-steintor-variete","21":"product_tag-ticket","22":"product_tag-veranstaltung","23":"product_tag-wladimir-kaminer","24":"product_shipping_class-nur_paketversand","25":"pa_discount-ermaessigt","26":"pa_discount-normalpreis","27":"pa_preiskategorie-pk-i","29":"first","30":"instock","31":"taxable","32":"shipping-taxable","33":"purchasable","34":"product-type-variable","35":"has-default-attributes"},"group_of_quantity":0,"min_quantity":0,"max_quantity":"","exclude_order_quantity_value_rules":"no","exclude_category_quantity_rules":"no","combine_variations":"no","acf":[],"_links":{"self":[{"href":"https:\/\/arena-ticket.com\/en\/wp-json\/wp\/v2\/product\/39770","targetHints":{"allow":["GET"]}}],"collection":[{"href":"https:\/\/arena-ticket.com\/en\/wp-json\/wp\/v2\/product"}],"about":[{"href":"https:\/\/arena-ticket.com\/en\/wp-json\/wp\/v2\/types\/product"}],"wp:featuredmedia":[{"embeddable":true,"href":"https:\/\/arena-ticket.com\/en\/wp-json\/wp\/v2\/media\/67881"}],"wp:attachment":[{"href":"https:\/\/arena-ticket.com\/en\/wp-json\/wp\/v2\/media?parent=39770"}],"wp:term":[{"taxonomy":"product_brand","embeddable":true,"href":"https:\/\/arena-ticket.com\/en\/wp-json\/wp\/v2\/product_brand?post=39770"},{"taxonomy":"product_cat","embeddable":true,"href":"https:\/\/arena-ticket.com\/en\/wp-json\/wp\/v2\/product_cat?post=39770"},{"taxonomy":"product_tag","embeddable":true,"href":"https:\/\/arena-ticket.com\/en\/wp-json\/wp\/v2\/product_tag?post=39770"}],"curies":[{"name":"wp","href":"https:\/\/api.w.org\/{rel}","templated":true}]}}