{"id":39773,"date":"2025-05-08T15:45:18","date_gmt":"2025-05-08T13:45:18","guid":{"rendered":"https:\/\/arena-ticket.com\/?p=39773&#038;post_type=product&#038;preview_id=39773"},"modified":"2025-05-12T12:17:38","modified_gmt":"2025-05-12T10:17:38","slug":"hgich-t-live-lenovobeach-tour-leipzig-felsenkeller-24-10-2025-2100-uhr","status":"publish","type":"product","link":"https:\/\/arena-ticket.com\/en\/product\/hgich-t-live-lenovobeach-tour-leipzig-felsenkeller-24-10-2025-2100-uhr\/","title":{"rendered":"HGich.T Live  - Lenovobeach Tour"},"content":{"rendered":"<div class=\"cal_content_singleview\">\n<p>Der wahnwitzige Plan, diesmal die KI die ganze Arbeit machen zu lassen, ist gescheitert. Am Ende mussten HGich.T doch wieder selber ran. Zum Gl\u00fcck! \u201eLenovobeach\u201c, das achte Studioalbum des Hamburger Musik-Kollektivs, klingt wie die z\u00e4rtliche Umarmung einer zugedr\u00f6hnten Mutter. \u201eJa, Boss. Danke f\u00fcr alles\u201c, hei\u00dft es auf \u201eLenovobeach\u201c und damit ist fast schon alles gesagt. Die Idee, in dieser Saison zur Abwechslung mal ChatGPT die ganze Text- und Soundarbeit machen zu lassen und peu \u00e0 peu die gesamte Band durch Avatare zu ersetzen, war lieb gemeint (Stichwort: Work-Life-Balance), aber am Ende haben DJ Hundefriedhof, Tutenchamun, Dr. Geilser, Nora Hardstyle, Katze Cozy, DJ Balmi, die sch\u00f6ne Maike, Fosserill, 12Fingermann, Professor Sus- pect, Opa16 und der Rest der knuffigen Bande dann doch lieber selbst daf\u00fcr gesorgt, dass auch 14 Jahre nach dem Release des \u00dcber-Hits \u201eHauptschuhle\u201c der Hammer knallt wie zwanzig Buzkashi-Peitschen. Mission: completed.<\/p>\n<p>\u201eDas, was die KI da hingerotzt hat, klang geleckt, berechnend und durch\u00e4sthetisiert, da h\u00e4tten wir auch gleich Maik Forster oder wie der hei\u00dft fragen k\u00f6nnen\u201c, res\u00fcmiert Dr. Geilser ersch\u00f6pft. \u201eWir bilden ja nicht umsonst seit Jahrzehnten eine kleine exotische Insel jenseits von Filtern, Selbstoptimierungswahn und Perfektionismus des 21. Jahrhunderts.\u201c Und das soll auch so bleiben: \u201eLenovobeach\u201c wurde mit viel Liebe in sieben magischen N\u00e4chten in einer portugiesischen Strandh\u00f6hle produziert und lockt mit lebensbejahenden Rave-Hymnen (\u201eGeistig am Start\u201c), ekstatischen Stampf-Ansagen \u201e(\u201eUDO\u201c), verst\u00f6renden Schmuseschlagern (\u201eMerci Cherie\u201c), gesellschaftskritischen Bangern (\u201eSaufe\u201c) und dem neuen \u00dcbersommerhit \u201eLenovobeach\u201c, der bereits im \u201ePascha\u201c rauf und runterl\u00e4uft. Robust und zeitlos wie ein altes Lenovo kommt etwa die Keyboard-Ballade \u201eDie schwarze Gitarre\u201c im schunkelbaren Graf-Zahl-Style daher. Der Text stammt aus einem alten Tagebuch von Dr. Geilser.<\/p>\n<p>Sahnest\u00fcck der neuen Platte ist eine Lobeshymne an einen wichtigen Alltagsgegenstand: den \u201eAdapter\u201c, nach der sich nicht nur Radiostationen die Finger lecken, sondern auch \u201eDie Gebr\u00fcder Brett\u201c zu einem fetten Remix inspiriert hat. Anspieltipp: \u201eGeistig am Start\u201c hypnotisiert mit gar s\u00fc\u00dflichem Operngesang (Nora Hardstyle), portugiesischen Chants und verst\u00f6rend-melodischen Rattenf\u00e4nger-von-Hameln-Vibes, serviert auf einem hammerharten Hundefriedhof\u2019schen Brett, das seines Gleichen sucht. Botschaft: \u201eWir sind die Underdogs, wir sind die Mayday, wir tanzen in der Matrix, geistig am Start.<\/p>\n<p>Am Keyboard und Mic (u.a. \u201eAdapter\u201c) gl\u00e4nzt ein verlorener Sohn: Fosserill is back! Jahrelang war die ulkige Zweitbesetzung des gro\u00dfen Vhagvam Swami im B\u00e4rchiland verschollen, verdingte sich ab und an als dessen Souffleuse. Nun darf \u201eFossi-B\u00e4r\u201c aus dem Schatten des Gro\u00dfmeisters treten, der aktuell seinen Mutterschaftsurlaub genie\u00dft. \u201eDie bei HGich.T hatten immer so K\u00e4sef\u00fc\u00dfe. Aber jetzt ist besser. Also bin ich wieder dabei. Und bockt auch voll\u201c, so Fosserill via ICQ. Auch Tutenchamun w\u00e4chst mit seinen Aufgaben: \u201eNach zwanzig Jahren kann ich endlich Hauptschuhle auswendig\u201c, frohlockt der liebenswertverpeilte Frontman. Chapeau! Fazit der Presse \u2013 so far: \u201eGoa, Neon und eine kr\u00e4ftige Prise Trash (\u2026) HGich.T \u2013 der lose Haufen aus Performancek\u00fcnstlern, Musikern und Freaks \u2013 zelebriert das Leben, die Liebe und vielleicht auch die Kunst (\u2026) und klimpert in trashiger Garderobe auf der wummernden Klaviatur des schlechten Geschmacks\u201c, jauchzte k\u00fcrzlich die Saarbr\u00fccker Zeitung<\/p>\n<\/div>\n<div class=\"cal_location_singleview\"><\/div>","protected":false},"excerpt":{"rendered":"<p>Secure your tickets!<\/p>","protected":false},"featured_media":35966,"template":"","meta":{"_acf_changed":false,"inline_featured_image":false},"product_brand":[],"product_cat":[31,348,6748,69,86,35,21,58],"product_tag":[941,1476,5537,942,943,5538,944,947,948],"class_list":{"0":"post-39773","1":"product","2":"type-product","3":"status-publish","4":"has-post-thumbnail","6":"product_cat-events","7":"product_cat-felsenkeller","8":"product_cat-indie","9":"product_cat-konzert","10":"product_cat-leipzig","11":"product_cat-orte","12":"product_cat-ticket","13":"product_cat-veranstaltung","14":"product_tag-events","15":"product_tag-felsenkeller","16":"product_tag-hgich-t-live","17":"product_tag-konzert","18":"product_tag-leipzig","19":"product_tag-lenovobeach-tour","20":"product_tag-orte","21":"product_tag-ticket","22":"product_tag-veranstaltung","23":"product_shipping_class-nur_paketversand","24":"pa_discount-normalpreis","25":"pa_preiskategorie-stehplatz","27":"first","28":"instock","29":"taxable","30":"shipping-taxable","31":"purchasable","32":"product-type-variable","33":"has-default-attributes"},"group_of_quantity":0,"min_quantity":0,"max_quantity":"","exclude_order_quantity_value_rules":"no","exclude_category_quantity_rules":"no","combine_variations":"no","acf":[],"_links":{"self":[{"href":"https:\/\/arena-ticket.com\/en\/wp-json\/wp\/v2\/product\/39773","targetHints":{"allow":["GET"]}}],"collection":[{"href":"https:\/\/arena-ticket.com\/en\/wp-json\/wp\/v2\/product"}],"about":[{"href":"https:\/\/arena-ticket.com\/en\/wp-json\/wp\/v2\/types\/product"}],"wp:featuredmedia":[{"embeddable":true,"href":"https:\/\/arena-ticket.com\/en\/wp-json\/wp\/v2\/media\/35966"}],"wp:attachment":[{"href":"https:\/\/arena-ticket.com\/en\/wp-json\/wp\/v2\/media?parent=39773"}],"wp:term":[{"taxonomy":"product_brand","embeddable":true,"href":"https:\/\/arena-ticket.com\/en\/wp-json\/wp\/v2\/product_brand?post=39773"},{"taxonomy":"product_cat","embeddable":true,"href":"https:\/\/arena-ticket.com\/en\/wp-json\/wp\/v2\/product_cat?post=39773"},{"taxonomy":"product_tag","embeddable":true,"href":"https:\/\/arena-ticket.com\/en\/wp-json\/wp\/v2\/product_tag?post=39773"}],"curies":[{"name":"wp","href":"https:\/\/api.w.org\/{rel}","templated":true}]}}