{"id":39877,"date":"2025-05-09T16:31:35","date_gmt":"2025-05-09T14:31:35","guid":{"rendered":"https:\/\/arena-ticket.com\/?p=39877&#038;post_type=product&#038;preview_id=39877"},"modified":"2025-05-12T12:16:56","modified_gmt":"2025-05-12T10:16:56","slug":"weihnachtskonzert-chinesische-geige-orgel-neues-salonorchester-leipzig-peterskirche-leipzig-06-12-2025-1900-uhr","status":"publish","type":"product","link":"https:\/\/arena-ticket.com\/en\/product\/weihnachtskonzert-chinesische-geige-orgel-neues-salonorchester-leipzig-peterskirche-leipzig-06-12-2025-1900-uhr\/","title":{"rendered":"Weihnachtskonzert  - Chinesische Geige\/ Orgel\/ Neues-SalonOrchester-Leipzig"},"content":{"rendered":"<p><em>Erm\u00e4\u00dfigt: Sch\u00fcler\/ Studis\/ Azubis\/ Rentner\/ Schwerbesch.\/ Leipzig-Pass<\/em><\/p>\n<p>&nbsp;<\/p>\n<p>Der chinesische Musiker Jianguo Lu pr\u00e4sentiert die Chinesische Geige gemeinsam mit Sebastian Ude vom Neuen SalonOrchester Leipzig sowie Musikern des Gewandhaus- und MDR-Sinfonieorchesters.<\/p>\n<p>&nbsp;<\/p>\n<p>\"Jianguo Lu entlockt dem Instrument leise und klangvolle T\u00f6ne, er zaubert Stimmungen, l\u00e4sst feinen Nuancen Raum und fordert zum genauen Zuh\u00f6ren heraus.[Die Musiker] \"...beweisen, dass Orgel und Erhu hervorragend zusammen passen, wenn ein Musiker dem anderen Raum l\u00e4sst. Das Publikum dankt es den K\u00fcnstlern mit lautem Applaus, der sie zu zwei Zugaben bewegt.<\/p>\n<p>Kreuzer Leipzig, 06.11.2018 zu \"Weltenmusik\"<\/p>\n","protected":false},"excerpt":{"rendered":"<p>Get your tickets now!<\/p>","protected":false},"featured_media":40011,"template":"","meta":{"_acf_changed":false,"inline_featured_image":false},"product_brand":[],"product_cat":[31,69,86,35,476,6749,21,58],"product_tag":[5546,941,942,943,944,964,947,948,3174],"class_list":{"0":"post-39877","1":"product","2":"type-product","3":"status-publish","4":"has-post-thumbnail","6":"product_cat-events","7":"product_cat-konzert","8":"product_cat-leipzig","9":"product_cat-orte","10":"product_cat-peterskirche","11":"product_cat-sonstiges_konzert","12":"product_cat-ticket","13":"product_cat-veranstaltung","14":"product_tag-chinesische-geige-orgel-neues-salonorchester-leipzig","15":"product_tag-events","16":"product_tag-konzert","17":"product_tag-leipzig","18":"product_tag-orte","19":"product_tag-peterskirche","20":"product_tag-ticket","21":"product_tag-veranstaltung","22":"product_tag-weihnachtskonzert","23":"product_shipping_class-nur_paketversand","24":"pa_discount-ermaessigt","25":"pa_discount-normalpreis","26":"pa_preiskategorie-freie-platzwahl","28":"first","29":"instock","30":"taxable","31":"shipping-taxable","32":"purchasable","33":"product-type-variable"},"group_of_quantity":0,"min_quantity":0,"max_quantity":"","exclude_order_quantity_value_rules":"no","exclude_category_quantity_rules":"no","combine_variations":"no","acf":[],"_links":{"self":[{"href":"https:\/\/arena-ticket.com\/en\/wp-json\/wp\/v2\/product\/39877","targetHints":{"allow":["GET"]}}],"collection":[{"href":"https:\/\/arena-ticket.com\/en\/wp-json\/wp\/v2\/product"}],"about":[{"href":"https:\/\/arena-ticket.com\/en\/wp-json\/wp\/v2\/types\/product"}],"wp:featuredmedia":[{"embeddable":true,"href":"https:\/\/arena-ticket.com\/en\/wp-json\/wp\/v2\/media\/40011"}],"wp:attachment":[{"href":"https:\/\/arena-ticket.com\/en\/wp-json\/wp\/v2\/media?parent=39877"}],"wp:term":[{"taxonomy":"product_brand","embeddable":true,"href":"https:\/\/arena-ticket.com\/en\/wp-json\/wp\/v2\/product_brand?post=39877"},{"taxonomy":"product_cat","embeddable":true,"href":"https:\/\/arena-ticket.com\/en\/wp-json\/wp\/v2\/product_cat?post=39877"},{"taxonomy":"product_tag","embeddable":true,"href":"https:\/\/arena-ticket.com\/en\/wp-json\/wp\/v2\/product_tag?post=39877"}],"curies":[{"name":"wp","href":"https:\/\/api.w.org\/{rel}","templated":true}]}}