{"id":40014,"date":"2025-05-12T11:53:25","date_gmt":"2025-05-12T09:53:25","guid":{"rendered":"https:\/\/arena-ticket.com\/?p=40014&#038;post_type=product&#038;preview_id=40014"},"modified":"2025-05-12T12:34:56","modified_gmt":"2025-05-12T10:34:56","slug":"kadavar-i-just-want-to-be-a-sound-europe-25-leipzig-felsenkeller-25-10-2025-1900-uhr","status":"publish","type":"product","link":"https:\/\/arena-ticket.com\/en\/product\/kadavar-i-just-want-to-be-a-sound-europe-25-leipzig-felsenkeller-25-10-2025-1900-uhr\/","title":{"rendered":"Kadavar  - \"I Just Want To Be A Sound\" Europe '25"},"content":{"rendered":"<div class=\"cal_content_singleview\">\n<p>Kadavar haben sich eine stetig wachsende, ihre Helden kultisch verehrende Fangemeinde erspielt, die auf f\u00fcnf Kontinenten jedem ihrer Schritte folgt und ma\u00dfgeblich daf\u00fcr gesorgt hat, dass sie eine derartige Institution geworden sind. Auch ihre Erfolge markieren das: Die letzten beiden Platten in den Top Ten der deutschen Albumcharts, Songwriting f\u00fcr <i>Wolfmother<\/i> und zuletzt die <i>Fantastischen Vier,<\/i> Headliner-Touren auf der ganzen Welt. Und dabei eben: immer auf der Suche. Dass die Band 2025 nun \u00fcberraschend anders klingt, sollte also niemanden \u00fcberraschen, der die bisherigen Entpuppungen beobachtet hat.<\/p>\n<\/div>\n<div class=\"cal_location_singleview\"><\/div>","protected":false},"excerpt":{"rendered":"<p>Secure your tickets!<\/p>","protected":false},"featured_media":40018,"template":"","meta":{"_acf_changed":false,"inline_featured_image":false},"product_brand":[],"product_cat":[31,348,69,86,6736,35,21,58],"product_tag":[5548,941,1476,5547,942,943,944,947,948],"class_list":{"0":"post-40014","1":"product","2":"type-product","3":"status-publish","4":"has-post-thumbnail","6":"product_cat-events","7":"product_cat-felsenkeller","8":"product_cat-konzert","9":"product_cat-leipzig","10":"product_cat-metal-metalcore","11":"product_cat-orte","12":"product_cat-ticket","13":"product_cat-veranstaltung","14":"product_tag-i-just-want-to-be-a-sound-europe-25","15":"product_tag-events","16":"product_tag-felsenkeller","17":"product_tag-kadavar","18":"product_tag-konzert","19":"product_tag-leipzig","20":"product_tag-orte","21":"product_tag-ticket","22":"product_tag-veranstaltung","23":"product_shipping_class-nur_paketversand","24":"pa_discount-normalpreis","25":"pa_preiskategorie-stehplatz","27":"first","28":"instock","29":"taxable","30":"shipping-taxable","31":"purchasable","32":"product-type-variable","33":"has-default-attributes"},"group_of_quantity":0,"min_quantity":0,"max_quantity":"","exclude_order_quantity_value_rules":"no","exclude_category_quantity_rules":"no","combine_variations":"no","acf":[],"_links":{"self":[{"href":"https:\/\/arena-ticket.com\/en\/wp-json\/wp\/v2\/product\/40014","targetHints":{"allow":["GET"]}}],"collection":[{"href":"https:\/\/arena-ticket.com\/en\/wp-json\/wp\/v2\/product"}],"about":[{"href":"https:\/\/arena-ticket.com\/en\/wp-json\/wp\/v2\/types\/product"}],"wp:featuredmedia":[{"embeddable":true,"href":"https:\/\/arena-ticket.com\/en\/wp-json\/wp\/v2\/media\/40018"}],"wp:attachment":[{"href":"https:\/\/arena-ticket.com\/en\/wp-json\/wp\/v2\/media?parent=40014"}],"wp:term":[{"taxonomy":"product_brand","embeddable":true,"href":"https:\/\/arena-ticket.com\/en\/wp-json\/wp\/v2\/product_brand?post=40014"},{"taxonomy":"product_cat","embeddable":true,"href":"https:\/\/arena-ticket.com\/en\/wp-json\/wp\/v2\/product_cat?post=40014"},{"taxonomy":"product_tag","embeddable":true,"href":"https:\/\/arena-ticket.com\/en\/wp-json\/wp\/v2\/product_tag?post=40014"}],"curies":[{"name":"wp","href":"https:\/\/api.w.org\/{rel}","templated":true}]}}