{"id":40035,"date":"2025-05-12T12:23:30","date_gmt":"2025-05-12T10:23:30","guid":{"rendered":"https:\/\/arena-ticket.com\/?p=40035&#038;post_type=product&#038;preview_id=40035"},"modified":"2025-05-12T17:48:49","modified_gmt":"2025-05-12T15:48:49","slug":"charlie-cunningham-leipzig-felsenkeller-04-11-2025-1930-uhr","status":"publish","type":"product","link":"https:\/\/arena-ticket.com\/en\/product\/charlie-cunningham-leipzig-felsenkeller-04-11-2025-1930-uhr\/","title":{"rendered":"Charlie Cunningham - Tour 2025"},"content":{"rendered":"<div class=\"cal_content_singleview\">\n<p>Vor kurzem hat Charlie Cunningham sein viertes Studioalbum mit dem Titel \u201eIn Light\u201c ver\u00f6ffentlicht. Produziert wurde es von Luke Smith, der bereits mit K\u00fcnstler:innen wie Keaton Henson, Foals und Everything Everything zusammengearbeitet hat. Auf diesem Album gew\u00e4hrt Cunningham so tiefe Einblicke in sein Innerstes wie noch nie zuvor. Und das ist beachtlich \u2013 schlie\u00dflich ist er bekannt daf\u00fcr, seine Emotionen und Gedanken in zarte, atmosph\u00e4rische Klangwelten zu verwandeln. Sein unverkennbarer Mix aus Indie-Folk und Singer-Songwriter-Elementen hat ihm in den vergangenen Jahren \u00fcber 500 Millionen Streamsund eine treue internationale Fangemeinde eingebracht.<\/p>\n<\/div>\n<div class=\"cal_location_singleview\"><\/div>","protected":false},"excerpt":{"rendered":"<p>Secure your tickets!<\/p>","protected":false},"featured_media":40037,"template":"","meta":{"_acf_changed":false,"inline_featured_image":false},"product_brand":[],"product_cat":[31,348,69,86,35,6733,21,58],"product_tag":[5551,941,1476,942,943,944,947,2981,948],"class_list":{"0":"post-40035","1":"product","2":"type-product","3":"status-publish","4":"has-post-thumbnail","6":"product_cat-events","7":"product_cat-felsenkeller","8":"product_cat-konzert","9":"product_cat-leipzig","10":"product_cat-orte","11":"product_cat-pop","12":"product_cat-ticket","13":"product_cat-veranstaltung","14":"product_tag-charlie-cunningham","15":"product_tag-events","16":"product_tag-felsenkeller","17":"product_tag-konzert","18":"product_tag-leipzig","19":"product_tag-orte","20":"product_tag-ticket","21":"product_tag-tour-2025","22":"product_tag-veranstaltung","23":"product_shipping_class-nur_paketversand","24":"pa_discount-normalpreis","25":"pa_preiskategorie-freie-platzwahl","27":"first","28":"instock","29":"taxable","30":"shipping-taxable","31":"purchasable","32":"product-type-variable","33":"has-default-attributes"},"group_of_quantity":0,"min_quantity":0,"max_quantity":"","exclude_order_quantity_value_rules":"no","exclude_category_quantity_rules":"no","combine_variations":"no","acf":[],"_links":{"self":[{"href":"https:\/\/arena-ticket.com\/en\/wp-json\/wp\/v2\/product\/40035","targetHints":{"allow":["GET"]}}],"collection":[{"href":"https:\/\/arena-ticket.com\/en\/wp-json\/wp\/v2\/product"}],"about":[{"href":"https:\/\/arena-ticket.com\/en\/wp-json\/wp\/v2\/types\/product"}],"wp:featuredmedia":[{"embeddable":true,"href":"https:\/\/arena-ticket.com\/en\/wp-json\/wp\/v2\/media\/40037"}],"wp:attachment":[{"href":"https:\/\/arena-ticket.com\/en\/wp-json\/wp\/v2\/media?parent=40035"}],"wp:term":[{"taxonomy":"product_brand","embeddable":true,"href":"https:\/\/arena-ticket.com\/en\/wp-json\/wp\/v2\/product_brand?post=40035"},{"taxonomy":"product_cat","embeddable":true,"href":"https:\/\/arena-ticket.com\/en\/wp-json\/wp\/v2\/product_cat?post=40035"},{"taxonomy":"product_tag","embeddable":true,"href":"https:\/\/arena-ticket.com\/en\/wp-json\/wp\/v2\/product_tag?post=40035"}],"curies":[{"name":"wp","href":"https:\/\/api.w.org\/{rel}","templated":true}]}}