{"id":40041,"date":"2025-05-12T12:34:23","date_gmt":"2025-05-12T10:34:23","guid":{"rendered":"https:\/\/arena-ticket.com\/?p=40041&#038;post_type=product&#038;preview_id=40041"},"modified":"2025-08-18T14:07:01","modified_gmt":"2025-08-18T12:07:01","slug":"schillah-live-aftershowparty-leipzig-felsenkeller-15-11-2025-2030-uhr","status":"publish","type":"product","link":"https:\/\/arena-ticket.com\/en\/product\/schillah-live-aftershowparty-leipzig-felsenkeller-15-11-2025-2030-uhr\/","title":{"rendered":"Schillah  - live + Aftershowparty"},"content":{"rendered":"<div class=\"cal_content_singleview\">\n<div class=\"x11i5rnm xat24cr x1mh8g0r x1vvkbs xtlvy1s\">SCHILLAH live in concert!<br class=\"html-br\" \/>&amp; special guests<\/div>\n<div class=\"x11i5rnm xat24cr x1mh8g0r x1vvkbs xtlvy1s\"><\/div>\n<div class=\"x11i5rnm xat24cr x1mh8g0r x1vvkbs xtlvy1s\">Der Untergrund bebt \u2013 Schillah geht auf Tour! Mit seiner unverwechselbaren Mischung aus harten Rap-Parts und brachialem Tekk-Sound bringt er die B\u00fchnen zum Einsturz.\u00a0Die OLD EAST TOUR 2025 steht f\u00fcr rohe Energie, kompromisslose Beats und Abriss-Garantie!\u00a0Egal ob in Clubs oder auf gro\u00dfen B\u00fchnen \u2013 Schillah liefert ab! Erlebe den EastsideBoyz-Boss live &amp; ungefiltert, wenn er mit Special Guests und einer Show, die dich umhaut, den Osten zur\u00fcck auf die Karte setzt.<\/div>\n<div class=\"x11i5rnm xat24cr x1mh8g0r x1vvkbs xtlvy1s\"><\/div>\n<div class=\"x11i5rnm xat24cr x1mh8g0r x1vvkbs xtlvy1s\">\u25a0 Infos<br class=\"html-br\" \/>Wichtige Info f\u00fcr minderj\u00e4hrige G\u00e4ste!<\/div>\n<div>KEIN EINLASS UNTER 16!!! Auch nicht mit Eltern!<\/div>\n<div class=\"x11i5rnm xat24cr x1mh8g0r x1vvkbs xtlvy1s\">F\u00fcr den Einlass gilt: 16 und 17 J\u00e4hrige d\u00fcrfen nur in Begleitung einer erziehungsberechtigten oder bevollm\u00e4chtigten vollj\u00e4hrigen Person teilnehmen. Jede vollj\u00e4hrige Begleitperson darf maximal eine minderj\u00e4hrige Person betreuen.<\/div>\n<div class=\"x11i5rnm xat24cr x1mh8g0r x1vvkbs xtlvy1s\">\n<p>Bitte bringt ein ausgef\u00fclltes \u201eMuttizettel\u201c-Formular sowie eine Kopie des Personalausweises eines Erziehungsberechtigten mit. Ohne diese Dokumente ist kein Einlass m\u00f6glich!<\/p>\n<\/div>\n<\/div>\n<div class=\"cal_location_singleview\"><\/div>","protected":false},"excerpt":{"rendered":"<p>Die OLD EAST TOUR 2025 steht f\u00fcr rohe Energie, kompromisslose Beats und Abriss-Garantie!Egal ob in Clubs oder auf gro\u00dfen B\u00fchnen \u2013 Schillah liefert ab! Einlass ab 16 J.<\/p>","protected":false},"featured_media":40043,"template":"","meta":{"_acf_changed":false,"inline_featured_image":false},"product_brand":[],"product_cat":[31,348,6737,69,86,35,21,58],"product_tag":[941,1476,942,943,5553,944,5552,947,948],"class_list":{"0":"post-40041","1":"product","2":"type-product","3":"status-publish","4":"has-post-thumbnail","6":"product_cat-events","7":"product_cat-felsenkeller","8":"product_cat-hip-hop-rnb","9":"product_cat-konzert","10":"product_cat-leipzig","11":"product_cat-orte","12":"product_cat-ticket","13":"product_cat-veranstaltung","14":"product_tag-events","15":"product_tag-felsenkeller","16":"product_tag-konzert","17":"product_tag-leipzig","18":"product_tag-live-aftershowparty","19":"product_tag-orte","20":"product_tag-schillah","21":"product_tag-ticket","22":"product_tag-veranstaltung","23":"product_shipping_class-nur_paketversand","24":"pa_discount-normalpreis","25":"pa_preiskategorie-stehplatz","27":"first","28":"outofstock","29":"taxable","30":"shipping-taxable","31":"purchasable","32":"product-type-variable","33":"has-default-attributes"},"group_of_quantity":0,"min_quantity":0,"max_quantity":"","exclude_order_quantity_value_rules":"no","exclude_category_quantity_rules":"no","combine_variations":"no","acf":[],"_links":{"self":[{"href":"https:\/\/arena-ticket.com\/en\/wp-json\/wp\/v2\/product\/40041","targetHints":{"allow":["GET"]}}],"collection":[{"href":"https:\/\/arena-ticket.com\/en\/wp-json\/wp\/v2\/product"}],"about":[{"href":"https:\/\/arena-ticket.com\/en\/wp-json\/wp\/v2\/types\/product"}],"wp:featuredmedia":[{"embeddable":true,"href":"https:\/\/arena-ticket.com\/en\/wp-json\/wp\/v2\/media\/40043"}],"wp:attachment":[{"href":"https:\/\/arena-ticket.com\/en\/wp-json\/wp\/v2\/media?parent=40041"}],"wp:term":[{"taxonomy":"product_brand","embeddable":true,"href":"https:\/\/arena-ticket.com\/en\/wp-json\/wp\/v2\/product_brand?post=40041"},{"taxonomy":"product_cat","embeddable":true,"href":"https:\/\/arena-ticket.com\/en\/wp-json\/wp\/v2\/product_cat?post=40041"},{"taxonomy":"product_tag","embeddable":true,"href":"https:\/\/arena-ticket.com\/en\/wp-json\/wp\/v2\/product_tag?post=40041"}],"curies":[{"name":"wp","href":"https:\/\/api.w.org\/{rel}","templated":true}]}}