{"id":40140,"date":"2025-05-12T15:11:37","date_gmt":"2025-05-12T13:11:37","guid":{"rendered":"https:\/\/arena-ticket.com\/?p=40140&#038;post_type=product&#038;preview_id=40140"},"modified":"2025-05-28T09:17:55","modified_gmt":"2025-05-28T07:17:55","slug":"sommertheater-der-nackte-wahnsinn-von-michael-frayn-markkleeberg-agra-weisses-haus-22-06-2025-19-00-uhr","status":"publish","type":"product","link":"https:\/\/arena-ticket.com\/en\/product\/sommertheater-der-nackte-wahnsinn-von-michael-frayn-markkleeberg-agra-weisses-haus-22-06-2025-19-00-uhr\/","title":{"rendered":"Sommertheater - Der nackte Wahnsinn von Michael Frayn"},"content":{"rendered":"<div class=\"wpem-col-xs-12 wpem-col-sm-7 wpem-col-md-8 wpem-single-event-left-content\">\n<div class=\"wpem-single-event-body-content\">\n<div class=\"c-ticket-fan__headline-wrapper\">\n<p class=\"h2 c-ticket-fan__headline\"><strong>Der nackte Wahnsinn von Michael Frayn<\/strong> -\u00a0inszeniert von der Freien Theatergruppe Kulturbeutel<\/p>\n<\/div>\n<div class=\"c-ticket-fan__ticket-info\">\n<div class=\"c-ticket-fan__address\">\n<address class=\"c-venue-address\">\n<div>Wei\u00dfes Haus - Terrasse, B\u00fchne unten<\/div>\n<div>Raschwitzer Stra\u00dfe 13<\/div>\n<p><span class=\"c-venue-address__line\">04416\u00a0<\/span><span class=\"c-venue-address__line\">Markkleeberg<\/span><\/p>\n<\/address>\n<\/div>\n<\/div>\n<\/div>\n<\/div>\n<div class=\"wpem-col-xs-12 wpem-col-sm-5 wpem-col-md-4 wpem-single-event-right-content\">\n<div class=\"wpem-single-event-body-sidebar\">\n<div class=\"wpem-single-event-sidebar-info\">\n<header class=\"rx-header hidden-xs\">\n<div class=\"rx-header-advanced\">\n<div class=\"rx-header-centered\">\n<div class=\"rx-header-top\">\n<div class=\"rx-header-right\">\n<div class=\"rx-header-right-topbar\"><\/div>\n<\/div>\n<\/div>\n<div class=\"rx-genre-navigation\"><\/div>\n<\/div>\n<\/div>\n<\/header>\n<p>&nbsp;<\/p>\n<div class=\"row\">\n<div class=\"col-sm-12 col-md-12 widget-container\">\n<div class=\"rx-widget-basicinfoevent widget basic_info_event ticket\" data-widget-class=\"BasicInfoEvent\">\n<div class=\"rx-widget-title\"><\/div>\n<div class=\"c-ticket-fan\">\n<div class=\"c-ticket-fan__top hidden-xs\"><\/div>\n<div class=\"c-ticket-fan__middle\">\n<div class=\"c-ticket-fan__content\">\n<div class=\"c-ticket-fan__left-side\">\n<figure class=\"c-figure\">\n<div class=\"c-figure__image-wrapper\"><\/div>\n<\/figure>\n<\/div>\n<\/div>\n<\/div>\n<\/div>\n<\/div>\n<\/div>\n<\/div>\n<div class=\"c-compact-info\">\n<div class=\"c-compact-info__event-text\">\n<p>Licht an, Vorhang auf, B\u00fchne frei: Die Generalprobe zum St\u00fcck \u201eNackte Tatsachen\u201c l\u00e4uft. Doch eigentlich l\u00e4uft es noch nicht so richtig f\u00fcr die kleine Theatergruppe, die am Beginn ihrer Tournee steht. Der Text sitzt nicht, das B\u00fchnenbild klemmt und wo kommen noch mal die ganzen Sardinenteller hin? Inzwischen ist es Mitternacht und die Nerven liegen blank. Zu allem \u00dcberfluss sorgen die pers\u00f6nlichen Verwicklungen der Theatergruppe f\u00fcr zus\u00e4tzliche Dramen auf der B\u00fchne.<\/p>\n<p>Immer wieder sieht das Publikum den ersten Akt des St\u00fccks \u201eNackte Tatsachen\u201c, mal bei der Probe, mal beim Auftritt, mal mit Blick auf die B\u00fchne, mal hinter den Kulissen. Immer mehr verstrickt sich die Theatergruppe in eigenen Eitelkeiten, Eifers\u00fcchteleien, vergessenen Requisiten und verlorenen Kontaktlinsen. Und doch bleibt der Wille, die Vorstellung am Laufen zu halten \u2013 bis alles im nackten Wahnsinn endet.<\/p>\n<p>Gastronomie vor Ort!<\/p>\n<\/div>\n<div class=\"c-compact-info__venue-info\">\n<div class=\"c-venue-info\">\n<p class=\"headline--theme-1 c-venue-info__headline\"><strong>Ort der Veranstaltung<\/strong><\/p>\n<div class=\"c-venue-info__venue-text\">\n<p>Im Wei\u00dfen Haus in Markkleeberg erwarten die Besucher tolle Konzerte in einzigartigem Ambiente. Das Wei\u00dfe Haus thront auf dem h\u00f6chsten Punkt des agra-Parks in Markkleeberg. Hier wird Musikbegeisterten ein hochklassiges Programm mit wunderbarer Atmosph\u00e4re geboten.<\/p>\n<p>Ende des 19. Jahrhunderts wurde das Wei\u00dfe Haus errichtet. Die Pl\u00e4ne des Architekten waren vom Versailler Lustschloss Petit Trianon inspiriert. Als Beleg hierf\u00fcr gilt unter anderem der vergoldete Spiegelsaal. Im vergangenen Jahrhundert wurde das Wei\u00dfe Haus auf verschiedenste Weisen genutzt. Zun\u00e4chst war es der Treffpunkt des Leipziger Kulturlebens, bevor es zum Standort der Besatzungsm\u00e4chte nach dem zweiten Weltkrieg wurde. In der DDR wurde das Haus f\u00fcr politische und kulturelle Veranstaltungen genutzt. Zahlreiche Umbauma\u00dfnahmen haben die Raumstruktur zerst\u00f6rt. Mittlerweile geh\u00f6rt das Wei\u00dfe Haus der Stadt Markkleeberg und wird als Standesamt und Veranstaltungsort genutzt. Der alte Glanz ist auch jetzt noch sp\u00fcr- und sichtbar. So werden die Veranstaltungen zu einem einzigartigen Erlebnis. Konzerte k\u00f6nnen an verschiedenen Orten im und ums Wei\u00dfe Haus stattfinden. Nat\u00fcrlich finden zahlreiche Veranstaltungen im Spiegelsaal statt. Doch auch die Terrasse kann durch den herrlichen Blick durch den Park \u00fcberzeugen. Ferner dient der Parksalon als Veranstaltungsort.<\/p>\n<p>Genie\u00dfen Sie das wunderbare Ambiente im Wei\u00dfen Haus in Markkleeberg. Hier treffen spannende Geschichte, tolle Architektur und hochklassiges Programm aufeinander.<\/p>\n<\/div>\n<\/div>\n<\/div>\n<\/div>\n<p>&nbsp;<\/p>\n<\/div>\n<\/div>\n<\/div>","protected":false},"excerpt":{"rendered":"<p><strong>Der nackte Wahnsinn von Michael Frayn<\/strong> - inszeniert von der Freien Theatergruppe Kulturbeutel - jetzt Tickets hier sichern!<\/p>","protected":false},"featured_media":40047,"template":"","meta":{"_acf_changed":false,"inline_featured_image":false},"product_brand":[],"product_cat":[31,922,4490,35,6767,21,58,5521],"product_tag":[5555,941,951,4790,944,3139,947,948,5556],"class_list":{"0":"post-40140","1":"product","2":"type-product","3":"status-publish","4":"has-post-thumbnail","6":"product_cat-events","7":"product_cat-kultur","8":"product_cat-markkleeberg","9":"product_cat-orte","10":"product_cat-theater","11":"product_cat-ticket","12":"product_cat-veranstaltung","13":"product_cat-weisses-haus","14":"product_tag-der-nackte-wahnsinn-von-michael-frayn","15":"product_tag-events","16":"product_tag-kultur","17":"product_tag-markkleeberg","18":"product_tag-orte","19":"product_tag-sommertheater","20":"product_tag-ticket","21":"product_tag-veranstaltung","22":"product_tag-weisses-haus","23":"product_shipping_class-nur_paketversand","24":"pa_discount-ermaessigt","25":"pa_discount-normalpreis","26":"pa_preiskategorie-pk-i","28":"first","29":"outofstock","30":"taxable","31":"shipping-taxable","32":"purchasable","33":"product-type-variable","34":"has-default-attributes"},"group_of_quantity":0,"min_quantity":0,"max_quantity":"","exclude_order_quantity_value_rules":"no","exclude_category_quantity_rules":"no","combine_variations":"no","acf":[],"_links":{"self":[{"href":"https:\/\/arena-ticket.com\/en\/wp-json\/wp\/v2\/product\/40140","targetHints":{"allow":["GET"]}}],"collection":[{"href":"https:\/\/arena-ticket.com\/en\/wp-json\/wp\/v2\/product"}],"about":[{"href":"https:\/\/arena-ticket.com\/en\/wp-json\/wp\/v2\/types\/product"}],"wp:featuredmedia":[{"embeddable":true,"href":"https:\/\/arena-ticket.com\/en\/wp-json\/wp\/v2\/media\/40047"}],"wp:attachment":[{"href":"https:\/\/arena-ticket.com\/en\/wp-json\/wp\/v2\/media?parent=40140"}],"wp:term":[{"taxonomy":"product_brand","embeddable":true,"href":"https:\/\/arena-ticket.com\/en\/wp-json\/wp\/v2\/product_brand?post=40140"},{"taxonomy":"product_cat","embeddable":true,"href":"https:\/\/arena-ticket.com\/en\/wp-json\/wp\/v2\/product_cat?post=40140"},{"taxonomy":"product_tag","embeddable":true,"href":"https:\/\/arena-ticket.com\/en\/wp-json\/wp\/v2\/product_tag?post=40140"}],"curies":[{"name":"wp","href":"https:\/\/api.w.org\/{rel}","templated":true}]}}