{"id":4019,"date":"2023-12-07T14:47:22","date_gmt":"2023-12-07T13:47:22","guid":{"rendered":"https:\/\/arena.hostpress.me\/arena2024\/?p=4019&#038;post_type=product&#038;preview_id=4019"},"modified":"2026-03-05T12:46:45","modified_gmt":"2026-03-05T11:46:45","slug":"jan-boehmermann-das-rundfunk-tanzorchester-ehrenfeld-eisern-ehrenfeld-leipzig-quarterback-immobilien-arena-26-01-2025-2000-uhr-kopie","status":"publish","type":"product","link":"https:\/\/arena-ticket.com\/en\/product\/jan-boehmermann-das-rundfunk-tanzorchester-ehrenfeld-eisern-ehrenfeld-leipzig-quarterback-immobilien-arena-26-01-2025-2000-uhr-kopie\/","title":{"rendered":"Jan B\u00f6hmermann &amp; Das Tanzorchester Ehrenfeld - Eisern Ehrenfeld"},"content":{"rendered":"<p>***The event ticket includes travel authorization for all MDV means of transport (tariff zone 110) 4 hours before + after the event***<\/p>\n<p>&nbsp;<\/p>\n<p>From 13 January to 1 February 2025, Jan B\u00f6hmermann and the Rundfunk-Tanzorchester Ehrenfeld will leave the blazing hearth of their home show \"ZDF Magazin Royale\" behind them and go on an exclusive live tour through Germany, Austria and Switzerland - under the motto \"Eisern Ehrenfeld\".<\/p>\n<p>\u201cIron is an excellent conductor of heat, attracts magnetically, has high conductivity, is stable and when it comes into contact with fresh air, miraculous things happen. The Rundfunk-Tanzorchester and I recognize each other in iron, our determination is iron and &#039;Eisern Ehrenfeld&#039; is our battle cry,&quot; Jan B\u00f6hmermann says happily.<br \/>\nIn the fifteen concerts of their &quot;Eisern Ehrenfeld&quot; live tour, Jan B\u00f6hmermann and the Rundfunk-Tanzorchester Ehrenfeld merge satirical-political revue, subversive show, outstanding music and pointed lyrics into a high-strength entertainment alloy that no one else can cast and forge on stages.<\/p>\n<p>Whether the completed five-part Pol1z1stens0hn cycle, the upliftingly destructive Eurovision song contest alternative anthem &quot;Allemagne Zero Points&quot;, songs of praise for charismatic union officials or new interpretations<\/p>\n<p>&quot;From goosebumps to chills, everything is possible. It will be cheeky, funny and bright and I have decided to be the first German-speaking artist to experiment with irony, inauthenticity and real feelings live on stage,&quot; announces B\u00f6hmermann.<\/p>\n<p>Following their three sold-out tours \"Fernsehen ist so 2017\", \"Ehrenfeld ist \u00fcberall\" and \"Ehrenfeld Intergalactic\", \"Eisern Ehrenfeld\" 2025 is the fourth joint live tour by the \"ZDF Magazin Royale\" ramp sow and the Rundfunk-Tanzorchester. Concertgoers can look forward to special guests and special performances - on the last live tour, Jan B\u00f6hmermann and the Rundfunk-Tanzorchester surprised their audience with spectacular guest appearances by Herbert Gr\u00f6nemeyer, Da\u00f0i Freyr, Danger Dan and H.P. Baxxter.<br \/>\n\"It'll be hot, it'll glow, we'll even turn scrap metal into something new and shiny on stage,\" promises frontman Jan B\u00f6hmermann, adding: \"The Rundfunk-Tanzorchester Ehrenfeld is a brilliant orchestra of the highest calibre and, with its tens of millions of TikTok views, is now a real star internationally too! But don't worry, our new fans from overseas and South East Asia will also get their money's worth with 'Eisern Ehrenfeld', we promise!\"<\/p>\n<p>&nbsp;<\/p>\n<p>c_VincentJohnson_SvenjaVo\u00df<\/p>","protected":false},"excerpt":{"rendered":"<p>JAN B\u00d6HMERMANN &amp; THE RUNDFUNK-TANZORCHESTEREHRENFELD: EISERN EHRENFELD<\/p>","protected":false},"featured_media":4029,"template":"","meta":{"_acf_changed":false,"inline_featured_image":false},"product_brand":[],"product_cat":[31,69,86,35,37,21,22,58],"product_tag":[279,1225,1061,1227,1228,2931,941,1005,1224,2930,942,943,84,945,1226,67,947,973,948],"class_list":{"0":"post-4019","1":"product","2":"type-product","3":"status-publish","4":"has-post-thumbnail","6":"product_cat-events","7":"product_cat-konzert","8":"product_cat-leipzig","9":"product_cat-orte","10":"product_cat-quarterback-immobilien-arena","11":"product_cat-ticket","12":"product_cat-ticketupgrades-zusatzleistungen","13":"product_cat-veranstaltung","14":"product_tag-arena","15":"product_tag-boehmermann","16":"product_tag-das","17":"product_tag-ehrenfeld","18":"product_tag-eisern","19":"product_tag-eisern-ehrenfeld","20":"product_tag-events","21":"product_tag-immobilien","22":"product_tag-jan","23":"product_tag-jan-boehmermann-das-tanzorchester-ehrenfeld","24":"product_tag-konzert","25":"product_tag-leipzig","26":"product_tag-quarterback","27":"product_tag-quarterback-immobilien-arena","28":"product_tag-tanzorchester","29":"product_tag-test","30":"product_tag-ticket","31":"product_tag-ticketupgrades-zusatzleistungen","32":"product_tag-veranstaltung","33":"product_shipping_class-abholung_paketversand","34":"pa_discount-normalpreis","35":"pa_discount-vip-sitzplatz","36":"pa_preiskategorie-ggv-up","37":"pa_preiskategorie-pgv-up","38":"pa_preiskategorie-pk-i","39":"pa_preiskategorie-pk2-stehplatz","40":"pa_preiskategorie-vip-package-backstage-club","41":"pa_preiskategorie-vipu-up","43":"first","44":"instock","45":"featured","46":"taxable","47":"shipping-taxable","48":"purchasable","49":"product-type-variable"},"group_of_quantity":0,"min_quantity":0,"max_quantity":"","exclude_order_quantity_value_rules":"no","exclude_category_quantity_rules":"no","combine_variations":"no","acf":[],"_links":{"self":[{"href":"https:\/\/arena-ticket.com\/en\/wp-json\/wp\/v2\/product\/4019","targetHints":{"allow":["GET"]}}],"collection":[{"href":"https:\/\/arena-ticket.com\/en\/wp-json\/wp\/v2\/product"}],"about":[{"href":"https:\/\/arena-ticket.com\/en\/wp-json\/wp\/v2\/types\/product"}],"wp:featuredmedia":[{"embeddable":true,"href":"https:\/\/arena-ticket.com\/en\/wp-json\/wp\/v2\/media\/4029"}],"wp:attachment":[{"href":"https:\/\/arena-ticket.com\/en\/wp-json\/wp\/v2\/media?parent=4019"}],"wp:term":[{"taxonomy":"product_brand","embeddable":true,"href":"https:\/\/arena-ticket.com\/en\/wp-json\/wp\/v2\/product_brand?post=4019"},{"taxonomy":"product_cat","embeddable":true,"href":"https:\/\/arena-ticket.com\/en\/wp-json\/wp\/v2\/product_cat?post=4019"},{"taxonomy":"product_tag","embeddable":true,"href":"https:\/\/arena-ticket.com\/en\/wp-json\/wp\/v2\/product_tag?post=4019"}],"curies":[{"name":"wp","href":"https:\/\/api.w.org\/{rel}","templated":true}]}}