{"id":40224,"date":"2025-05-12T17:48:02","date_gmt":"2025-05-12T15:48:02","guid":{"rendered":"https:\/\/arena-ticket.com\/?p=40224&#038;post_type=product&#038;preview_id=40224"},"modified":"2025-05-12T18:09:24","modified_gmt":"2025-05-12T16:09:24","slug":"claudia-michelsen-ein-weihnachtsabend-voller-erzaehlungen-leipzig-felsenkeller-09-12-2025-1900-uhr","status":"publish","type":"product","link":"https:\/\/arena-ticket.com\/en\/product\/claudia-michelsen-ein-weihnachtsabend-voller-erzaehlungen-leipzig-felsenkeller-09-12-2025-1900-uhr\/","title":{"rendered":"Claudia Michelsen  - Ein Weihnachtsabend voller Erz\u00e4hlungen"},"content":{"rendered":"<div class=\"cal_content_singleview\">\n<p>Claudia Michelsen<br \/>\n\u201eEin Weihnachtsabend voller Erz\u00e4hlungen\u201c mit Claudia Michelsen und Musik<\/p>\n<p>Es ist nie zu fr\u00fch, wertvolle entschleunigende Momente in der Vorweihnachtszeit einzuplanen! Im Dezember 2025 ist die zweifache Grimme-Preis-Tr\u00e4gerin Claudia Michelsen mit einer besonderen Weihnachtslesung live zu erleben. Die Veranstaltung wird von weihnachtlich- musikalischen Arrangements untermalt.<\/p>\n<p>Weihnachten ist das Fest der Liebe, der Familie, der Freude und des Glanzes, aber auch die Zeit mit den meisten Streits, den gr\u00f6\u00dften Entt\u00e4uschungen und den falschen Geschenken. All dies ist Stoff f\u00fcr unendlich viele sch\u00f6ne, besinnliche, traurige oder lustige Geschichten. Claudia Michelsen, eine der facettenreichsten Schauspieler:innen Deutschlands, ist genau die Richtige um all diesen Geschichten mit ihrer warmen, vertrauten Stimme die richtige Interpretation zu verleihen. Sie entf\u00fchrt uns in eine Winterwunderwelt, stellt mit uns einen Christbaum auf und fragt sich, welche Geschenke wohl die richtigen f\u00fcr die Liebsten sind. Musikalisch begleitet wird Claudia Michelsen durch eine Auswahl von weihnachtlichen Klassikern und unerwarteten Musikarrangements: Weihnachtsstimmung f\u00fcr Herz und Kopf!<\/p>\n<p>Claudia Michelsen: \u201eDie Zeit vergeht, wie immer schneller als man denkt, deswegen freuen wir uns, Sie jetzt schon zu unserem Weihnachtsprogramm einzuladen! Es erwartet Sie eine musikalische Lesung mit ganz besonderen Geschichten. Die verschiedenen Texte versprechen kleine Reisen in wunderbare Winterwelten, und vielleicht sehen wir uns ja schon bald nach einem sch\u00f6nen Sommer und Herbst! Es w\u00fcrde uns freuen.\u201c<\/p>\n<\/div>\n<div class=\"cal_location_singleview\"><\/div>","protected":false},"excerpt":{"rendered":"<p>Secure your tickets!<\/p>","protected":false},"featured_media":40226,"template":"","meta":{"_acf_changed":false,"inline_featured_image":false},"product_brand":[],"product_cat":[6725,31,348,95,86,35,21,58],"product_tag":[5526,954,5527,941,1476,943,944,947,948],"class_list":{"0":"post-40224","1":"product","2":"type-product","3":"status-publish","4":"has-post-thumbnail","6":"product_cat-comedy","7":"product_cat-events","8":"product_cat-felsenkeller","9":"product_cat-humor","10":"product_cat-leipzig","11":"product_cat-orte","12":"product_cat-ticket","13":"product_cat-veranstaltung","14":"product_tag-claudia-michelsen","15":"product_tag-comedy","16":"product_tag-ein-weihnachtsabend-voller-erzaehlungen","17":"product_tag-events","18":"product_tag-felsenkeller","19":"product_tag-leipzig","20":"product_tag-orte","21":"product_tag-ticket","22":"product_tag-veranstaltung","23":"product_shipping_class-nur_paketversand","24":"pa_discount-normalpreis","25":"pa_preiskategorie-freie-platzwahl","27":"first","28":"instock","29":"taxable","30":"shipping-taxable","31":"purchasable","32":"product-type-variable","33":"has-default-attributes"},"group_of_quantity":0,"min_quantity":0,"max_quantity":"","exclude_order_quantity_value_rules":"no","exclude_category_quantity_rules":"no","combine_variations":"no","acf":[],"_links":{"self":[{"href":"https:\/\/arena-ticket.com\/en\/wp-json\/wp\/v2\/product\/40224","targetHints":{"allow":["GET"]}}],"collection":[{"href":"https:\/\/arena-ticket.com\/en\/wp-json\/wp\/v2\/product"}],"about":[{"href":"https:\/\/arena-ticket.com\/en\/wp-json\/wp\/v2\/types\/product"}],"wp:featuredmedia":[{"embeddable":true,"href":"https:\/\/arena-ticket.com\/en\/wp-json\/wp\/v2\/media\/40226"}],"wp:attachment":[{"href":"https:\/\/arena-ticket.com\/en\/wp-json\/wp\/v2\/media?parent=40224"}],"wp:term":[{"taxonomy":"product_brand","embeddable":true,"href":"https:\/\/arena-ticket.com\/en\/wp-json\/wp\/v2\/product_brand?post=40224"},{"taxonomy":"product_cat","embeddable":true,"href":"https:\/\/arena-ticket.com\/en\/wp-json\/wp\/v2\/product_cat?post=40224"},{"taxonomy":"product_tag","embeddable":true,"href":"https:\/\/arena-ticket.com\/en\/wp-json\/wp\/v2\/product_tag?post=40224"}],"curies":[{"name":"wp","href":"https:\/\/api.w.org\/{rel}","templated":true}]}}