{"id":40291,"date":"2025-05-13T11:20:12","date_gmt":"2025-05-13T09:20:12","guid":{"rendered":"https:\/\/arena-ticket.com\/?p=40291&#038;post_type=product&#038;preview_id=40291"},"modified":"2025-12-09T17:34:06","modified_gmt":"2025-12-09T16:34:06","slug":"dirkschneider-balls-to-the-wall-40th-anniversary-encores-tour-dresden-club-tante-ju-11-01-2026-1800-uhr","status":"publish","type":"product","link":"https:\/\/arena-ticket.com\/en\/product\/dirkschneider-balls-to-the-wall-40th-anniversary-encores-tour-dresden-club-tante-ju-11-01-2026-1800-uhr\/","title":{"rendered":"DIRKSCHNEIDER  - BALLS TO THE WALL 40th ANNIVERSARY - ENCORES TOUR"},"content":{"rendered":"<p>2025 steht im Hause DIRKSCHNEIDER voll und ganz im Zeichen des \u201eBalls To The Wall\u201c-Jubil\u00e4ums! So verbrachte die Band um ihren legend\u00e4ren Frontmann Udo Dirkschneider die bisherigen Monate des Jahres mit umjubelten Shows in ganz Europa, erg\u00e4nzt durch die Ver\u00f6ffentlichung von \u201eBalls To The Wall Reloaded\u201c am 28. Februar via RPM.<\/p>\n<p>Vielerorts ausverkaufte Hallen lie\u00dfen der Band letztendlich keine andere Wahl, als dieser Nostalgiereise ein weiteres Kapitel hinzuzuf\u00fcgen. DIRKSCHNEIDERs Setlist, bestehend aus \u201eBalls To The Wall\u201c in voller L\u00e4nger sowie weiteren Perlen aus Udos ACCEPT-Tagen, wird das Publikum dabei erneut Abend um Abend zur\u00fcck in die glorreichen 80er bef\u00f6rdern. Neben sechs Deutschland-Terminen wird die Truppe, die neben den ex-ACCEPT-Musikern Udo Dirkschneider (Gesang) und Peter Baltes (Bass) aus den brillierenden Gitarristen Fabian \u201eDee Dammers\u201c und Andrey Smirnov sowie Schlagzeuger Sven Dirkschneider besteht, im Januar 2026 zus\u00e4tzliche Stopps in D\u00e4nemark und Schweden einlegen.<\/p>","protected":false},"excerpt":{"rendered":"<p>Get your tickets now!<\/p>","protected":false},"featured_media":59642,"template":"","meta":{"_acf_changed":false,"inline_featured_image":false},"product_brand":[],"product_cat":[384,87,31,69,6736,35,21,58],"product_tag":[5564,2756,2678,940,941,942,944,947,948],"class_list":{"0":"post-40291","1":"product","2":"type-product","3":"status-publish","4":"has-post-thumbnail","6":"product_cat-club-tante-ju","7":"product_cat-dresden","8":"product_cat-events","9":"product_cat-konzert","10":"product_cat-metal-metalcore","11":"product_cat-orte","12":"product_cat-ticket","13":"product_cat-veranstaltung","14":"product_tag-balls-to-the-wall-40th-anniversary-encores-tour","15":"product_tag-club-tante-ju","16":"product_tag-dirkschneider","17":"product_tag-dresden","18":"product_tag-events","19":"product_tag-konzert","20":"product_tag-orte","21":"product_tag-ticket","22":"product_tag-veranstaltung","23":"product_shipping_class-nur_paketversand","24":"pa_discount-normalpreis","25":"pa_preiskategorie-stehplatz","27":"first","28":"instock","29":"taxable","30":"shipping-taxable","31":"purchasable","32":"product-type-variable"},"group_of_quantity":0,"min_quantity":0,"max_quantity":"","exclude_order_quantity_value_rules":"no","exclude_category_quantity_rules":"no","combine_variations":"no","acf":[],"_links":{"self":[{"href":"https:\/\/arena-ticket.com\/en\/wp-json\/wp\/v2\/product\/40291","targetHints":{"allow":["GET"]}}],"collection":[{"href":"https:\/\/arena-ticket.com\/en\/wp-json\/wp\/v2\/product"}],"about":[{"href":"https:\/\/arena-ticket.com\/en\/wp-json\/wp\/v2\/types\/product"}],"wp:featuredmedia":[{"embeddable":true,"href":"https:\/\/arena-ticket.com\/en\/wp-json\/wp\/v2\/media\/59642"}],"wp:attachment":[{"href":"https:\/\/arena-ticket.com\/en\/wp-json\/wp\/v2\/media?parent=40291"}],"wp:term":[{"taxonomy":"product_brand","embeddable":true,"href":"https:\/\/arena-ticket.com\/en\/wp-json\/wp\/v2\/product_brand?post=40291"},{"taxonomy":"product_cat","embeddable":true,"href":"https:\/\/arena-ticket.com\/en\/wp-json\/wp\/v2\/product_cat?post=40291"},{"taxonomy":"product_tag","embeddable":true,"href":"https:\/\/arena-ticket.com\/en\/wp-json\/wp\/v2\/product_tag?post=40291"}],"curies":[{"name":"wp","href":"https:\/\/api.w.org\/{rel}","templated":true}]}}