{"id":40406,"date":"2025-05-13T12:13:32","date_gmt":"2025-05-13T10:13:32","guid":{"rendered":"https:\/\/arena-ticket.com\/?p=40406&#038;post_type=product&#038;preview_id=40406"},"modified":"2025-05-13T12:23:23","modified_gmt":"2025-05-13T10:23:23","slug":"lebanon-hanover-leipzig-felsenkeller-28-03-2026-2030-uhr","status":"publish","type":"product","link":"https:\/\/arena-ticket.com\/en\/product\/lebanon-hanover-leipzig-felsenkeller-28-03-2026-2030-uhr\/","title":{"rendered":"Lebanon Hanover - Tour 2026"},"content":{"rendered":"<div class=\"cal_content_singleview\">\n<div class=\"x11i5rnm xat24cr x1mh8g0r x1vvkbs xtlvy1s\">Lebanon Hanover sind eine eiskalte Antwort auf die entfremdete Welt, die von zwei warm schlagenden Herzen kommt. Larissa Iceglass und William Maybelline erscheinen als wahre Romantiker der Moderne, die William Wordsworth bewundern, von der Sch\u00f6nheit der Jugendstil-\u00c4sthetik fasziniert sind, britische K\u00fcsten und n\u00e4chtliche W\u00e4lder erkunden und sich von der Urbanit\u00e4t Berlins inspirieren lassen.<\/div>\n<\/div>\n<div class=\"cal_location_singleview\"><\/div>","protected":false},"excerpt":{"rendered":"<p>Secure your tickets!<\/p>","protected":false},"featured_media":40424,"template":"","meta":{"_acf_changed":false,"inline_featured_image":false},"product_brand":[],"product_cat":[31,348,6748,69,86,35,21,58],"product_tag":[941,1476,942,2987,943,944,947,4188,948],"class_list":{"0":"post-40406","1":"product","2":"type-product","3":"status-publish","4":"has-post-thumbnail","6":"product_cat-events","7":"product_cat-felsenkeller","8":"product_cat-indie","9":"product_cat-konzert","10":"product_cat-leipzig","11":"product_cat-orte","12":"product_cat-ticket","13":"product_cat-veranstaltung","14":"product_tag-events","15":"product_tag-felsenkeller","16":"product_tag-konzert","17":"product_tag-lebanon-hanover","18":"product_tag-leipzig","19":"product_tag-orte","20":"product_tag-ticket","21":"product_tag-tour-2026","22":"product_tag-veranstaltung","23":"product_shipping_class-nur_paketversand","24":"pa_discount-normalpreis","25":"pa_preiskategorie-stehplatz","27":"first","28":"instock","29":"taxable","30":"shipping-taxable","31":"purchasable","32":"product-type-variable","33":"has-default-attributes"},"group_of_quantity":0,"min_quantity":0,"max_quantity":"","exclude_order_quantity_value_rules":"no","exclude_category_quantity_rules":"no","combine_variations":"no","acf":[],"_links":{"self":[{"href":"https:\/\/arena-ticket.com\/en\/wp-json\/wp\/v2\/product\/40406","targetHints":{"allow":["GET"]}}],"collection":[{"href":"https:\/\/arena-ticket.com\/en\/wp-json\/wp\/v2\/product"}],"about":[{"href":"https:\/\/arena-ticket.com\/en\/wp-json\/wp\/v2\/types\/product"}],"wp:featuredmedia":[{"embeddable":true,"href":"https:\/\/arena-ticket.com\/en\/wp-json\/wp\/v2\/media\/40424"}],"wp:attachment":[{"href":"https:\/\/arena-ticket.com\/en\/wp-json\/wp\/v2\/media?parent=40406"}],"wp:term":[{"taxonomy":"product_brand","embeddable":true,"href":"https:\/\/arena-ticket.com\/en\/wp-json\/wp\/v2\/product_brand?post=40406"},{"taxonomy":"product_cat","embeddable":true,"href":"https:\/\/arena-ticket.com\/en\/wp-json\/wp\/v2\/product_cat?post=40406"},{"taxonomy":"product_tag","embeddable":true,"href":"https:\/\/arena-ticket.com\/en\/wp-json\/wp\/v2\/product_tag?post=40406"}],"curies":[{"name":"wp","href":"https:\/\/api.w.org\/{rel}","templated":true}]}}