{"id":40442,"date":"2025-05-13T12:22:51","date_gmt":"2025-05-13T10:22:51","guid":{"rendered":"https:\/\/arena-ticket.com\/?p=40442&#038;post_type=product&#038;preview_id=40442"},"modified":"2025-05-13T12:28:47","modified_gmt":"2025-05-13T10:28:47","slug":"mesh-tour-2026-leipzig-felsenkeller-05-04-2026-2000-uhr","status":"publish","type":"product","link":"https:\/\/arena-ticket.com\/en\/product\/mesh-tour-2026-leipzig-felsenkeller-05-04-2026-2000-uhr\/","title":{"rendered":"Mesh  - Tour 2026"},"content":{"rendered":"<div class=\"cal_content_singleview\">\n<div class=\"x11i5rnm xat24cr x1mh8g0r x1vvkbs xtlvy1s\">\n<p>Wir schreiben April 2017. MESH, Britain\u2019s \u201ebest kept secret\u201c &amp; erfolgreicher Synth-Pop-Rock-Export spielen ihre letzte Show auf deutschem Boden zum Top-12-Album \u201eLooking skyward\u201c in der Hamburger Markthalle, die dann sp\u00e4ter auf BluRay ver\u00f6ffentlicht wird.<\/p>\n<p>8 Jahre sp\u00e4ter ist ein brandneues Album in der Mache. Der Arbeitstitel daf\u00fcr lautet: \u201eThe Truth Doesn\u2019t Matter, und die ersten Tourdaten im April 2026 sind nun bekannt.<\/p>\n<p>Wer MESH kennt, wei\u00df, da\u00df die Musiker mit neuen Songs nie entt\u00e4uscht haben und die Band ihrem Stile immer treu geblieben ist.<\/p>\n<p>Die meisten ihrer \u201eLegacy\u201c-Shows im vergangenen Jahr waren ausverkauft, der Vorverkauf f\u00fcr die Tour 2026 hat begonnen!<\/p>\n<\/div>\n<\/div>\n<div class=\"cal_location_singleview\"><\/div>","protected":false},"excerpt":{"rendered":"<p>Secure your tickets!<\/p>","protected":false},"featured_media":40444,"template":"","meta":{"_acf_changed":false,"inline_featured_image":false},"product_brand":[],"product_cat":[31,348,6748,69,86,35,21,58],"product_tag":[941,1476,942,943,5565,944,947,4188,948],"class_list":{"0":"post-40442","1":"product","2":"type-product","3":"status-publish","4":"has-post-thumbnail","6":"product_cat-events","7":"product_cat-felsenkeller","8":"product_cat-indie","9":"product_cat-konzert","10":"product_cat-leipzig","11":"product_cat-orte","12":"product_cat-ticket","13":"product_cat-veranstaltung","14":"product_tag-events","15":"product_tag-felsenkeller","16":"product_tag-konzert","17":"product_tag-leipzig","18":"product_tag-mesh","19":"product_tag-orte","20":"product_tag-ticket","21":"product_tag-tour-2026","22":"product_tag-veranstaltung","23":"product_shipping_class-nur_paketversand","24":"pa_discount-normalpreis","25":"pa_preiskategorie-stehplatz","27":"first","28":"instock","29":"taxable","30":"shipping-taxable","31":"purchasable","32":"product-type-variable","33":"has-default-attributes"},"group_of_quantity":0,"min_quantity":0,"max_quantity":"","exclude_order_quantity_value_rules":"no","exclude_category_quantity_rules":"no","combine_variations":"no","acf":[],"_links":{"self":[{"href":"https:\/\/arena-ticket.com\/en\/wp-json\/wp\/v2\/product\/40442","targetHints":{"allow":["GET"]}}],"collection":[{"href":"https:\/\/arena-ticket.com\/en\/wp-json\/wp\/v2\/product"}],"about":[{"href":"https:\/\/arena-ticket.com\/en\/wp-json\/wp\/v2\/types\/product"}],"wp:featuredmedia":[{"embeddable":true,"href":"https:\/\/arena-ticket.com\/en\/wp-json\/wp\/v2\/media\/40444"}],"wp:attachment":[{"href":"https:\/\/arena-ticket.com\/en\/wp-json\/wp\/v2\/media?parent=40442"}],"wp:term":[{"taxonomy":"product_brand","embeddable":true,"href":"https:\/\/arena-ticket.com\/en\/wp-json\/wp\/v2\/product_brand?post=40442"},{"taxonomy":"product_cat","embeddable":true,"href":"https:\/\/arena-ticket.com\/en\/wp-json\/wp\/v2\/product_cat?post=40442"},{"taxonomy":"product_tag","embeddable":true,"href":"https:\/\/arena-ticket.com\/en\/wp-json\/wp\/v2\/product_tag?post=40442"}],"curies":[{"name":"wp","href":"https:\/\/api.w.org\/{rel}","templated":true}]}}