{"id":40461,"date":"2025-05-13T12:27:57","date_gmt":"2025-05-13T10:27:57","guid":{"rendered":"https:\/\/arena-ticket.com\/?p=40461&#038;post_type=product&#038;preview_id=40461"},"modified":"2025-12-16T11:39:38","modified_gmt":"2025-12-16T10:39:38","slug":"mia-live-2026-leipzig-felsenkeller-09-05-2026-2000-uhr","status":"publish","type":"product","link":"https:\/\/arena-ticket.com\/en\/product\/mia-live-2026-leipzig-felsenkeller-09-05-2026-2000-uhr\/","title":{"rendered":"MIA.  - Live 2026"},"content":{"rendered":"<div class=\"cal_content_singleview\">\n<div class=\"x11i5rnm xat24cr x1mh8g0r x1vvkbs xtlvy1s\">MiA. haben im Laufe ihrer Karriere vieles ausprobiert, wollten immer wieder Haken schlagen und eigene Wege gehen, um die Bandgeschichte weiterzuschreiben. Durch ihre unverwechselbare Attit\u00fcde und ihre Haltung haben sich MiA. eine tief verbundene Fangemeinde erspielt und sind mit Songs wie \u201eTanz der Molek\u00fcle\u201c, \u201eFallschirm\u201c, \u201eHungriges Herz\u201c oder \u201eKopf\u00fcber\u201c Teil der Lebens-Playlist vieler Menschen. Nun machen sich MiA. bereit f\u00fcr die n\u00e4chsten Klassiker auf diesem Soundtrack. Vom 16. April bis zum 09. Mai 2026 live in Deutschland und \u00d6sterreich.<\/div>\n<\/div>\n<div class=\"cal_location_singleview\"><\/div>","protected":false},"excerpt":{"rendered":"<p>Secure your tickets!<\/p>","protected":false},"featured_media":60560,"template":"","meta":{"_acf_changed":false,"inline_featured_image":false},"product_brand":[],"product_cat":[31,348,6737,69,86,35,21,58],"product_tag":[941,1476,942,943,4819,1541,944,947,948],"class_list":{"0":"post-40461","1":"product","2":"type-product","3":"status-publish","4":"has-post-thumbnail","6":"product_cat-events","7":"product_cat-felsenkeller","8":"product_cat-hip-hop-rnb","9":"product_cat-konzert","10":"product_cat-leipzig","11":"product_cat-orte","12":"product_cat-ticket","13":"product_cat-veranstaltung","14":"product_tag-events","15":"product_tag-felsenkeller","16":"product_tag-konzert","17":"product_tag-leipzig","18":"product_tag-live-2026","19":"product_tag-mia","20":"product_tag-orte","21":"product_tag-ticket","22":"product_tag-veranstaltung","23":"product_shipping_class-nur_paketversand","24":"pa_discount-normalpreis","25":"pa_preiskategorie-stehplatz","27":"first","28":"outofstock","29":"taxable","30":"shipping-taxable","31":"purchasable","32":"product-type-variable","33":"has-default-attributes"},"group_of_quantity":0,"min_quantity":0,"max_quantity":"","exclude_order_quantity_value_rules":"no","exclude_category_quantity_rules":"no","combine_variations":"no","acf":[],"_links":{"self":[{"href":"https:\/\/arena-ticket.com\/en\/wp-json\/wp\/v2\/product\/40461","targetHints":{"allow":["GET"]}}],"collection":[{"href":"https:\/\/arena-ticket.com\/en\/wp-json\/wp\/v2\/product"}],"about":[{"href":"https:\/\/arena-ticket.com\/en\/wp-json\/wp\/v2\/types\/product"}],"wp:featuredmedia":[{"embeddable":true,"href":"https:\/\/arena-ticket.com\/en\/wp-json\/wp\/v2\/media\/60560"}],"wp:attachment":[{"href":"https:\/\/arena-ticket.com\/en\/wp-json\/wp\/v2\/media?parent=40461"}],"wp:term":[{"taxonomy":"product_brand","embeddable":true,"href":"https:\/\/arena-ticket.com\/en\/wp-json\/wp\/v2\/product_brand?post=40461"},{"taxonomy":"product_cat","embeddable":true,"href":"https:\/\/arena-ticket.com\/en\/wp-json\/wp\/v2\/product_cat?post=40461"},{"taxonomy":"product_tag","embeddable":true,"href":"https:\/\/arena-ticket.com\/en\/wp-json\/wp\/v2\/product_tag?post=40461"}],"curies":[{"name":"wp","href":"https:\/\/api.w.org\/{rel}","templated":true}]}}