{"id":40498,"date":"2025-05-13T12:52:51","date_gmt":"2025-05-13T10:52:51","guid":{"rendered":"https:\/\/arena-ticket.com\/?p=40498&#038;post_type=product&#038;preview_id=40498"},"modified":"2025-07-01T16:49:36","modified_gmt":"2025-07-01T14:49:36","slug":"olli-schulz-band-sommer-shows-leipzig-parkbuehne-07-06-2025-1900-uhr","status":"publish","type":"product","link":"https:\/\/arena-ticket.com\/en\/product\/olli-schulz-band-sommer-shows-leipzig-parkbuehne-07-06-2025-1900-uhr\/","title":{"rendered":"Olli Schulz &amp; Band  - Sommer Shows"},"content":{"rendered":"<p>Im letzten Jahr landete sein Album \u201eVom Rand der Zeit\u201c auf Platz eins der Albumcharts und die Tickets der Touren im Fr\u00fchjahr und Herbst waren hei\u00df begehrt. Der sympathische Hamburger spielte sich durch die Herzen und Ohren Deutschlands, \u00d6sterreichs und der Schweiz. Olli Schulz &amp; Band auf der \u00dcberholspur! Der wohl beliebteste Liedermacher Deutschlands ist zur\u00fcck und spielt vier exklusive Headline-Shows.<\/p>\n<p>Bremen, Leer, Braunschweig und Leipzig aufgepasst! Denn wer ihn auf dem Rock am Ring verpasst, bekommt die Chance, Olli Schulz mit neuen Songs, echten Hits und seiner fantastischen Band zu erleben. Mit seinen ehrlichen Texten und humorvollen Geschichten f\u00fchlt auch die letzte Reihe mit. Denn: Wenn die Music nicht so laut w\u00e4r\u2018, dann w\u00e4r\u2018 sie auch nur halb so sch\u00f6n!<\/p>","protected":false},"excerpt":{"rendered":"<p>Ein kleiner, feiner Sommer \u2013 Olli Schulz &amp; Band spielen vier Headline-Shows in Deutschland<\/p>","protected":false},"featured_media":40500,"template":"","meta":{"_acf_changed":false,"inline_featured_image":false},"product_brand":[],"product_cat":[31,69,86,35,347,6746,21,58],"product_tag":[941,942,943,5566,944,966,5567,947,948],"class_list":{"0":"post-40498","1":"product","2":"type-product","3":"status-publish","4":"has-post-thumbnail","6":"product_cat-events","7":"product_cat-konzert","8":"product_cat-leipzig","9":"product_cat-orte","10":"product_cat-parkbuehne-leipzig","11":"product_cat-singer-songwriter","12":"product_cat-ticket","13":"product_cat-veranstaltung","14":"product_tag-events","15":"product_tag-konzert","16":"product_tag-leipzig","17":"product_tag-olli-schulz-band","18":"product_tag-orte","19":"product_tag-parkbuehne-leipzig","20":"product_tag-sommer-shows","21":"product_tag-ticket","22":"product_tag-veranstaltung","23":"product_shipping_class-nur_paketversand","24":"pa_discount-inklusive-begleitperson","25":"pa_discount-normalpreis","26":"pa_preiskategorie-rollstuhlfahrer","27":"pa_preiskategorie-stehplatz","29":"first","30":"instock","31":"taxable","32":"shipping-taxable","33":"purchasable","34":"product-type-variable"},"group_of_quantity":0,"min_quantity":0,"max_quantity":"","exclude_order_quantity_value_rules":"no","exclude_category_quantity_rules":"no","combine_variations":"no","acf":[],"_links":{"self":[{"href":"https:\/\/arena-ticket.com\/en\/wp-json\/wp\/v2\/product\/40498","targetHints":{"allow":["GET"]}}],"collection":[{"href":"https:\/\/arena-ticket.com\/en\/wp-json\/wp\/v2\/product"}],"about":[{"href":"https:\/\/arena-ticket.com\/en\/wp-json\/wp\/v2\/types\/product"}],"wp:featuredmedia":[{"embeddable":true,"href":"https:\/\/arena-ticket.com\/en\/wp-json\/wp\/v2\/media\/40500"}],"wp:attachment":[{"href":"https:\/\/arena-ticket.com\/en\/wp-json\/wp\/v2\/media?parent=40498"}],"wp:term":[{"taxonomy":"product_brand","embeddable":true,"href":"https:\/\/arena-ticket.com\/en\/wp-json\/wp\/v2\/product_brand?post=40498"},{"taxonomy":"product_cat","embeddable":true,"href":"https:\/\/arena-ticket.com\/en\/wp-json\/wp\/v2\/product_cat?post=40498"},{"taxonomy":"product_tag","embeddable":true,"href":"https:\/\/arena-ticket.com\/en\/wp-json\/wp\/v2\/product_tag?post=40498"}],"curies":[{"name":"wp","href":"https:\/\/api.w.org\/{rel}","templated":true}]}}