{"id":40590,"date":"2025-05-13T14:20:42","date_gmt":"2025-05-13T12:20:42","guid":{"rendered":"https:\/\/arena-ticket.com\/?p=40590&#038;post_type=product&#038;preview_id=40590"},"modified":"2025-05-13T14:31:06","modified_gmt":"2025-05-13T12:31:06","slug":"parra-for-cuva-christian-loeffler-leipzig-parkbuehne-geyserhaus-20-06-2025-1830-uhr","status":"publish","type":"product","link":"https:\/\/arena-ticket.com\/en\/product\/parra-for-cuva-christian-loeffler-leipzig-parkbuehne-geyserhaus-20-06-2025-1830-uhr\/","title":{"rendered":"Parra For Cuva &amp; Christian L\u00f6ffler"},"content":{"rendered":"<p>Die klangliche Identit\u00e4t von\u00a0<strong>Parra for Cuva<\/strong>\u00a0l\u00e4sst sich in einem einzigen Wort zusammenfassen: Wanderlust. Nicolas Janco, der K\u00fcnstler hinter dem Pseudonym, wurde 1991 geboren und war schon in jungen Jahren von Kl\u00e4ngen fasziniert.<\/p>\n<p>&nbsp;<\/p>\n<p>&nbsp;<\/p>\n<p>Bekannt f\u00fcr ein ausgepr\u00e4gtes Gef\u00fchl von Weltlichkeit schafft seine Musik, kombiniert mit atemberaubenden Bildern, ein magisches Reich, in dem sich der Klang karibischer Stahltrommeln mit antiken Simbabwischen Instrumenten vermischen kann. Parra for Cuva entf\u00fchren den Zuh\u00f6rer in ferne L\u00e4nder.<\/p>\n<p>&nbsp;<\/p>\n<p>&nbsp;<\/p>\n<p>Mit Top-Charts Singles und zwei gefeierte Alben, \u201eMajour\u00e9\u201c und \u201eDarw\u00ee\u015b\u201c, kam f\u00fcr Parra f\u00fcr Cuvas der Durchbruch mit der Ver\u00f6ffentlichung von \u201ePaspatou\u201c. Keine Angst davor, Dancefloor-Experimente mit akustischen und ethnischen Klanglandschaften zu verbinden, beinhaltete sein viertes Studioalbum, \u201eJuno\u201c, Kooperationen mit Musikern aus der ganzen Welt. Parra for Cuva war Gast bei prestigetr\u00e4chtigen Festivals und auf ausverkauften B\u00fchnen dieser Welt, darunter Burning Man und Sziget. Sein 2024 erschienenes Album \u201eMimose\u201c ist eine weitere, fesselnde Klangreise.<\/p>","protected":false},"excerpt":{"rendered":"<p>Secure your tickets!<\/p>","protected":false},"featured_media":40592,"template":"","meta":{"_acf_changed":false,"inline_featured_image":false},"product_brand":[],"product_cat":[6747,31,69,86,35,461,21,58],"product_tag":[941,942,943,944,969,5568,947,948],"class_list":{"0":"post-40590","1":"product","2":"type-product","3":"status-publish","4":"has-post-thumbnail","6":"product_cat-electronic","7":"product_cat-events","8":"product_cat-konzert","9":"product_cat-leipzig","10":"product_cat-orte","11":"product_cat-parkbuehne-geyserhaus","12":"product_cat-ticket","13":"product_cat-veranstaltung","14":"product_tag-events","15":"product_tag-konzert","16":"product_tag-leipzig","17":"product_tag-orte","18":"product_tag-parkbuehne-geyserhaus","19":"product_tag-parra-for-cuva-christian-loeffler","20":"product_tag-ticket","21":"product_tag-veranstaltung","22":"product_shipping_class-nur_paketversand","23":"pa_discount-normalpreis","24":"pa_preiskategorie-freie-platzwahl","26":"first","27":"instock","28":"taxable","29":"shipping-taxable","30":"purchasable","31":"product-type-variable"},"group_of_quantity":0,"min_quantity":0,"max_quantity":"","exclude_order_quantity_value_rules":"no","exclude_category_quantity_rules":"no","combine_variations":"no","acf":[],"_links":{"self":[{"href":"https:\/\/arena-ticket.com\/en\/wp-json\/wp\/v2\/product\/40590","targetHints":{"allow":["GET"]}}],"collection":[{"href":"https:\/\/arena-ticket.com\/en\/wp-json\/wp\/v2\/product"}],"about":[{"href":"https:\/\/arena-ticket.com\/en\/wp-json\/wp\/v2\/types\/product"}],"wp:featuredmedia":[{"embeddable":true,"href":"https:\/\/arena-ticket.com\/en\/wp-json\/wp\/v2\/media\/40592"}],"wp:attachment":[{"href":"https:\/\/arena-ticket.com\/en\/wp-json\/wp\/v2\/media?parent=40590"}],"wp:term":[{"taxonomy":"product_brand","embeddable":true,"href":"https:\/\/arena-ticket.com\/en\/wp-json\/wp\/v2\/product_brand?post=40590"},{"taxonomy":"product_cat","embeddable":true,"href":"https:\/\/arena-ticket.com\/en\/wp-json\/wp\/v2\/product_cat?post=40590"},{"taxonomy":"product_tag","embeddable":true,"href":"https:\/\/arena-ticket.com\/en\/wp-json\/wp\/v2\/product_tag?post=40590"}],"curies":[{"name":"wp","href":"https:\/\/api.w.org\/{rel}","templated":true}]}}