{"id":40625,"date":"2025-05-13T14:30:40","date_gmt":"2025-05-13T12:30:40","guid":{"rendered":"https:\/\/arena-ticket.com\/?p=40625&#038;post_type=product&#038;preview_id=40625"},"modified":"2025-07-02T11:53:42","modified_gmt":"2025-07-02T09:53:42","slug":"wilhelmine-leipzig-parkbuehne-geyserhaus-04-07-2025-2000-uhr","status":"publish","type":"product","link":"https:\/\/arena-ticket.com\/en\/product\/wilhelmine-leipzig-parkbuehne-geyserhaus-04-07-2025-2000-uhr\/","title":{"rendered":"Wilhelmine"},"content":{"rendered":"<p>\u201eGelebte Vielfalt\u201c \u2013wenn jemand die Bedeutung dieses Begriffes kennt, dann Wilhelmine. Aufgewachsen in einem besetzten Haus in Berlin-Kreuzberg und im Wendland, erlebt sie von Kindesbeinen an unterschiedlichste Lebensformen. \u201eIch lernte so viele verschiedene Punker kennen oder Menschen, die im Zirkus gearbeitet haben, und die ganz selbstverst\u00e4ndlich mit an unserem Tisch sa\u00dfen\u201c, erinnert sich Wilhelmine. \u201eIch glaube, das hat mich offen und mutig gemacht, in Kontakt mit Menschen zu treten. Und mir relativ fr\u00fch die Vorstellung in den Kopf gesetzt: egal, wer und was ich mal sein m\u00f6chte: ich kann es sein.\u201c<\/p>\n<p>In ihren bisherigen Songs hat sie viel Mut bewiesen: sie machte gleich in ihrer ersten Single \u201emeine Liebe\u201c ihr Coming Out zum Thema, in \u201eDu\u201c Alkoholsucht im engsten Familienkreis und in \u201esolange du dich bewegst\u201c den Schritt zur Selbstliebe, kurzum: sie hat \u201emit einem Scheinwerfer in alle Richtungen geleuchtet und geschaut, was wirklich hinter den Dingen steckt\u201c. Die Fans lieben Wilhelmine f\u00fcr ehrliche Texte, mit denen sie sich identifizieren k\u00f6nnen, zugleich gelingt ihr das Kunstst\u00fcck, einen als H\u00f6rer:in mit einem guten, aufbauenden Gef\u00fchl aus ihren Songs zu entlassen \u2013\u201eihre Mission ist es, liebevolle Botschaften in ihren Songs unterzubringen und diese mit sehr akustischen Beats und organischen Pop-Sounds zusammenzubringen\u201c.<\/p>","protected":false},"excerpt":{"rendered":"<p>Secure your tickets!<\/p>","protected":false},"featured_media":40727,"template":"","meta":{"_acf_changed":false,"inline_featured_image":false},"product_brand":[],"product_cat":[31,69,86,35,461,6733,21,58],"product_tag":[941,942,943,944,969,947,948,5582],"class_list":{"0":"post-40625","1":"product","2":"type-product","3":"status-publish","4":"has-post-thumbnail","6":"product_cat-events","7":"product_cat-konzert","8":"product_cat-leipzig","9":"product_cat-orte","10":"product_cat-parkbuehne-geyserhaus","11":"product_cat-pop","12":"product_cat-ticket","13":"product_cat-veranstaltung","14":"product_tag-events","15":"product_tag-konzert","16":"product_tag-leipzig","17":"product_tag-orte","18":"product_tag-parkbuehne-geyserhaus","19":"product_tag-ticket","20":"product_tag-veranstaltung","21":"product_tag-wilhelmine","22":"product_shipping_class-nur_paketversand","23":"pa_discount-normalpreis","24":"pa_preiskategorie-freie-platzwahl","26":"first","27":"instock","28":"taxable","29":"shipping-taxable","30":"purchasable","31":"product-type-variable"},"group_of_quantity":0,"min_quantity":0,"max_quantity":"","exclude_order_quantity_value_rules":"no","exclude_category_quantity_rules":"no","combine_variations":"no","acf":[],"_links":{"self":[{"href":"https:\/\/arena-ticket.com\/en\/wp-json\/wp\/v2\/product\/40625","targetHints":{"allow":["GET"]}}],"collection":[{"href":"https:\/\/arena-ticket.com\/en\/wp-json\/wp\/v2\/product"}],"about":[{"href":"https:\/\/arena-ticket.com\/en\/wp-json\/wp\/v2\/types\/product"}],"wp:featuredmedia":[{"embeddable":true,"href":"https:\/\/arena-ticket.com\/en\/wp-json\/wp\/v2\/media\/40727"}],"wp:attachment":[{"href":"https:\/\/arena-ticket.com\/en\/wp-json\/wp\/v2\/media?parent=40625"}],"wp:term":[{"taxonomy":"product_brand","embeddable":true,"href":"https:\/\/arena-ticket.com\/en\/wp-json\/wp\/v2\/product_brand?post=40625"},{"taxonomy":"product_cat","embeddable":true,"href":"https:\/\/arena-ticket.com\/en\/wp-json\/wp\/v2\/product_cat?post=40625"},{"taxonomy":"product_tag","embeddable":true,"href":"https:\/\/arena-ticket.com\/en\/wp-json\/wp\/v2\/product_tag?post=40625"}],"curies":[{"name":"wp","href":"https:\/\/api.w.org\/{rel}","templated":true}]}}