{"id":40643,"date":"2025-05-13T14:38:29","date_gmt":"2025-05-13T12:38:29","guid":{"rendered":"https:\/\/arena-ticket.com\/?p=40643&#038;post_type=product&#038;preview_id=40643"},"modified":"2026-02-28T11:27:16","modified_gmt":"2026-02-28T10:27:16","slug":"one-moment-in-time-the-whitney-houston-story-halle-georg-friedrich-haendel-halle-03-05-2026-1900-uhr","status":"publish","type":"product","link":"https:\/\/arena-ticket.com\/en\/product\/one-moment-in-time-the-whitney-houston-story-halle-georg-friedrich-haendel-halle-03-05-2026-1900-uhr\/","title":{"rendered":"One Moment In Time  - The Whitney Houston Story"},"content":{"rendered":"<div id=\"main\" align=\"center\">\n<div class=\"centerdiv\">\n<div id=\"canvas\">\n<div id=\"content\">\n<div id=\"calMo_6\">\n<div id=\"calEn_39\">\n<div class=\"fullcontent\">\n<div class=\"halfcontentright\">\n<div align=\"justify\">Die Begeisterung f\u00fcr die unvergessene S\u00e4ngerin und Entertainerin lebt weiter!<\/div>\n<div align=\"justify\"><span style=\"font-size: medium\"><span style=\"font-size: medium\"><br \/>\nAuch Jahre nach ihrem viel zu fr\u00fchen Tod (am 11. Februar 2012 in Beverly Hills) bleibt Whitney Houston eine Ikone des Pop, deren musikalisches Verm\u00e4chtnis \u2013 von Pop \u00fcber Soul bis R&amp;B \u2013 unvergleichlich ist.<br \/>\nDas Tribute-Event \u201eOne Moment In Time\u201c bietet eine einmalige Gelegenheit, die unsterblichen Hits der Pop-Diva in einer Live-Performance zu erleben, die so elektrisierend ist, als w\u00fcrde Whitney Houston selbst vor dem Publikum stehen!<\/span><\/span>Whitney Houston, geboren am 9. August 1963 in Newark\/New Jersey, USA, wird als eine der gr\u00f6\u00dften S\u00e4ngerinnen aller Zeiten gefeiert, dank ihrer unvergleichlichen Stimme, die Emotionen auf einzigartige Weise einf\u00e4ngt. Mit einer bemerkenswerten Bandbreite und einem unverkennbaren Timbre konnte sie m\u00fchelos zwischen Genres wie Pop, R&amp;B und Soul wechseln. Ihre kraftvolle Stimme und technische Brillanz pr\u00e4gten eine \u00c4ra und insbesondere ihre atemberaubenden Live-Auftritte hinterlie\u00dfen einen bleibenden Eindruck in der Musikgeschichte.\u201eKann man eine Whitney Houston stimmlich \u00fcberhaupt kopieren\u201c, fragte 2023 die Rheinische Post zurecht \u2013 und antwortete mit Bezug auf die Live-Show \u201eOne Moment in Time\u201c: \u201eDer S\u00e4ngerin Nya King gelingt das\u201c.<br \/>\nNya King, die Star-Interpretin der Show, wird weltweit als eine der authentischsten und brillantesten Whitney-Darstellerinnen gefeiert. Die in Simbabwe geborene S\u00e4ngerin, die heute in Gro\u00dfbritannien lebt, hat von Kindesbeinen an die stimmliche Bandbreite von Gospel, Soul und R&amp;B erlernt und sich fr\u00fch an die anspruchsvollen Songs von Whitney Houston gewagt.<\/p>\n<p>\u201eWhitney Houstons unvergleichliche Stimme, ihre \u00fcberw\u00e4ltigende Energie und charismatische Ausstrahlung haben mich seit meiner Kindheit inspiriert\u201c, erkl\u00e4rt King.<br \/>\nIn der Tribute-Show \u201eOne Moment In Time\u201c zelebrieren sie und das Team Whitneys musikalische Reise und die zahlreichen Chartst\u00fcrmer auf eine Weise, die das Publikum in Staunen versetzt und tief ber\u00fchrt.<\/p>\n<p>Unterst\u00fctzt wird die S\u00e4ngerin dabei von einer erstklassigen Liveband mit kraftvollem Background-Chor sowie einer dynamischen Dancecrew - alle ausgew\u00e4hlt aufgrund ihrer herausragenden F\u00e4higkeiten und der Leidenschaft f\u00fcr<br \/>\nPerfektion. Modernste Multimedia-Technik und eine originalgetreue Lichtshow verwandeln jedes Konzert in ein spektakul\u00e4res und pr\u00e4gendes Ereignis.<\/p>\n<p>Das Repertoire der Hommage umfasst zeitlose Hits wie \u201eI Wanna Dance with Somebody\u201c, \u201eI Will Always Love You\u201c, \u201eSaving All My Love for You\u201d, nat\u00fcrlich \u201eOne Moment in Time\u201c und viele mehr. Bei dieser Auswahl wundert es wenig, dass Houston weltweit \u00fcber 200 Millionen Platten verkauft hat. Ihre gr\u00f6\u00dften G\u00e4nsehaut-Momente erzielte die verstorbene S\u00e4ngerin aber vor allem, wenn sie live sang. Ein klein wenig dieser Erinnerung wird in \u201eOne Moment in Time\u201c eingefangen und f\u00fcr einen Abend wieder zum Leben erweckt.<\/p>\n<\/div>\n<\/div>\n<\/div>\n<\/div>\n<div class=\"calEn\"><\/div>\n<\/div>\n<\/div>\n<\/div>\n<div id=\"socialmedia\"><\/div>\n<\/div>\n<\/div>\n<div id=\"ticker\" align=\"center\">\n<div class=\"centerdiv\">\n<div id=\"tickerleft\"><\/div>\n<\/div>\n<\/div>","protected":false},"excerpt":{"rendered":"<p>Nicht verpassen!\u00a0Die Ikone der Pop-Musik gew\u00fcrdigt in einer einzigartigen Live-Performance \u2013 auf Tournee<\/p>\n<p>&nbsp;<\/p>","protected":false},"featured_media":40652,"template":"","meta":{"_acf_changed":false,"inline_featured_image":false},"product_brand":[],"product_cat":[31,64,6730,21,58],"product_tag":[941,2712,999,942,951,963,6773,5569,958,5570,947,948],"class_list":{"0":"post-40643","1":"product","2":"type-product","3":"status-publish","4":"has-post-thumbnail","6":"product_cat-events","7":"product_cat-musical-show","8":"product_cat-show","9":"product_cat-ticket","10":"product_cat-veranstaltung","11":"product_tag-events","12":"product_tag-georg-friedrich-haendel-halle","13":"product_tag-halle","14":"product_tag-konzert","15":"product_tag-kultur","16":"product_tag-musical","17":"product_tag-musical-show","18":"product_tag-one-moment-in-time","19":"product_tag-show","20":"product_tag-the-whitney-houston-story","21":"product_tag-ticket","22":"product_tag-veranstaltung","23":"product_shipping_class-abholung_paketversand","24":"pa_discount-ermaessigt","25":"pa_discount-kind","26":"pa_discount-normalpreis","27":"pa_preiskategorie-pk-i","28":"pa_preiskategorie-pk-ii","29":"pa_preiskategorie-pk-iii","30":"pa_preiskategorie-pk-iv","31":"pa_preiskategorie-pk-v","33":"first","34":"instock","35":"taxable","36":"shipping-taxable","37":"purchasable","38":"product-type-variable"},"group_of_quantity":0,"min_quantity":0,"max_quantity":"","exclude_order_quantity_value_rules":"no","exclude_category_quantity_rules":"no","combine_variations":"no","acf":[],"_links":{"self":[{"href":"https:\/\/arena-ticket.com\/en\/wp-json\/wp\/v2\/product\/40643","targetHints":{"allow":["GET"]}}],"collection":[{"href":"https:\/\/arena-ticket.com\/en\/wp-json\/wp\/v2\/product"}],"about":[{"href":"https:\/\/arena-ticket.com\/en\/wp-json\/wp\/v2\/types\/product"}],"wp:featuredmedia":[{"embeddable":true,"href":"https:\/\/arena-ticket.com\/en\/wp-json\/wp\/v2\/media\/40652"}],"wp:attachment":[{"href":"https:\/\/arena-ticket.com\/en\/wp-json\/wp\/v2\/media?parent=40643"}],"wp:term":[{"taxonomy":"product_brand","embeddable":true,"href":"https:\/\/arena-ticket.com\/en\/wp-json\/wp\/v2\/product_brand?post=40643"},{"taxonomy":"product_cat","embeddable":true,"href":"https:\/\/arena-ticket.com\/en\/wp-json\/wp\/v2\/product_cat?post=40643"},{"taxonomy":"product_tag","embeddable":true,"href":"https:\/\/arena-ticket.com\/en\/wp-json\/wp\/v2\/product_tag?post=40643"}],"curies":[{"name":"wp","href":"https:\/\/api.w.org\/{rel}","templated":true}]}}