{"id":40664,"date":"2025-05-13T15:36:49","date_gmt":"2025-05-13T13:36:49","guid":{"rendered":"https:\/\/arena-ticket.com\/?p=40664&#038;post_type=product&#038;preview_id=40664"},"modified":"2025-09-12T15:20:58","modified_gmt":"2025-09-12T13:20:58","slug":"vivaldi-die-vier-jahreszeiten-philharmonie-der-solisten-halle-konzerthalle-ulrichskirche-23-12-2025-1800-uhr","status":"publish","type":"product","link":"https:\/\/arena-ticket.com\/en\/product\/vivaldi-die-vier-jahreszeiten-philharmonie-der-solisten-halle-konzerthalle-ulrichskirche-23-12-2025-1800-uhr\/","title":{"rendered":"Vivaldi - Die Vier Jahreszeiten  - Philharmonie der Solisten"},"content":{"rendered":"<p><em>Erm\u00e4\u00dfigt: Sch\u00fcler\/Studenten\/Schwerbehinderte<\/em><\/p>\n<p>&nbsp;<\/p>\n<p>Die Philharmonie der Solisten sticht durch ihre ganz besondere Besetzung aus dem Reigen der zahlreichen Kammerorchestern hervor. Hier erleben Sie nur BerufsmusikerInnen, die \u00fcber einen riesigen Schatz an Konzerterfahrung verf\u00fcgen. Alle eint die Liebe zur Harmonie. Bei diesem Konzertabend wird Ihnen das Beste aus allen Epochen geboten.<\/p>","protected":false},"excerpt":{"rendered":"<p>Get your tickets now!<\/p>","protected":false},"featured_media":48903,"template":"","meta":{"_acf_changed":false,"inline_featured_image":false},"product_brand":[],"product_cat":[31,102,6741,69,423,35,21,58],"product_tag":[941,999,942,2997,5571,947,948,5284],"class_list":{"0":"post-40664","1":"product","2":"type-product","3":"status-publish","4":"has-post-thumbnail","6":"product_cat-events","7":"product_cat-halle","8":"product_cat-klassik","9":"product_cat-konzert","10":"product_cat-konzerthalle-ulrichskirche","11":"product_cat-orte","12":"product_cat-ticket","13":"product_cat-veranstaltung","14":"product_tag-events","15":"product_tag-halle","16":"product_tag-konzert","17":"product_tag-konzerthalle-ulrichskirche","18":"product_tag-philharmonie-der-solisten","19":"product_tag-ticket","20":"product_tag-veranstaltung","21":"product_tag-vivaldi-die-vier-jahreszeiten","22":"product_shipping_class-nur_paketversand","23":"pa_discount-ermaessigt","24":"pa_discount-normalpreis","25":"pa_preiskategorie-pk-i","26":"pa_preiskategorie-pk-ii","27":"pa_preiskategorie-pk-iii","28":"pa_preiskategorie-pk-iv","30":"first","31":"instock","32":"taxable","33":"shipping-taxable","34":"purchasable","35":"product-type-variable"},"group_of_quantity":0,"min_quantity":0,"max_quantity":"","exclude_order_quantity_value_rules":"no","exclude_category_quantity_rules":"no","combine_variations":"no","acf":[],"_links":{"self":[{"href":"https:\/\/arena-ticket.com\/en\/wp-json\/wp\/v2\/product\/40664","targetHints":{"allow":["GET"]}}],"collection":[{"href":"https:\/\/arena-ticket.com\/en\/wp-json\/wp\/v2\/product"}],"about":[{"href":"https:\/\/arena-ticket.com\/en\/wp-json\/wp\/v2\/types\/product"}],"wp:featuredmedia":[{"embeddable":true,"href":"https:\/\/arena-ticket.com\/en\/wp-json\/wp\/v2\/media\/48903"}],"wp:attachment":[{"href":"https:\/\/arena-ticket.com\/en\/wp-json\/wp\/v2\/media?parent=40664"}],"wp:term":[{"taxonomy":"product_brand","embeddable":true,"href":"https:\/\/arena-ticket.com\/en\/wp-json\/wp\/v2\/product_brand?post=40664"},{"taxonomy":"product_cat","embeddable":true,"href":"https:\/\/arena-ticket.com\/en\/wp-json\/wp\/v2\/product_cat?post=40664"},{"taxonomy":"product_tag","embeddable":true,"href":"https:\/\/arena-ticket.com\/en\/wp-json\/wp\/v2\/product_tag?post=40664"}],"curies":[{"name":"wp","href":"https:\/\/api.w.org\/{rel}","templated":true}]}}